{"id":907,"date":"2024-01-14T23:36:52","date_gmt":"2024-01-14T20:36:52","guid":{"rendered":"https:\/\/netkosistem.com\/?page_id=907"},"modified":"2024-01-14T23:43:08","modified_gmt":"2024-01-14T20:43:08","slug":"pc-bilesenleri-ve-cozumleri","status":"publish","type":"page","link":"https:\/\/netkosistem.com\/en\/pc-bilesenleri-ve-cozumleri\/","title":{"rendered":"PC Bile\u015fenleri ve \u00c7\u00f6z\u00fcmleri"},"content":{"rendered":"<div data-elementor-type=\"wp-page\" data-elementor-id=\"907\" class=\"elementor elementor-907\" data-elementor-post-type=\"page\">\n\t\t\t\t\t\t\t<div class=\"elementor-element elementor-element-7252267 e-flex e-con-boxed elementor-invisible e-con e-parent\" data-id=\"7252267\" data-element_type=\"container\" data-settings=\"{&quot;jet_parallax_layout_list&quot;:[],&quot;animation&quot;:&quot;fadeInUp&quot;,&quot;content_width&quot;:&quot;boxed&quot;}\" data-core-v316-plus=\"true\">\n\t\t\t\t\t<div class=\"e-con-inner\">\n\t\t\t\t<div class=\"elementor-element elementor-element-550663f elementor-widget elementor-widget-heading\" data-id=\"550663f\" data-element_type=\"widget\" data-widget_type=\"heading.default\">\n\t\t\t\t<div class=\"elementor-widget-container\">\n\t\t\t<style>\/*! elementor - v3.18.0 - 04-12-2023 *\/\n.elementor-heading-title{padding:0;margin:0;line-height:1}.elementor-widget-heading .elementor-heading-title[class*=elementor-size-]>a{color:inherit;font-size:inherit;line-height:inherit}.elementor-widget-heading .elementor-heading-title.elementor-size-small{font-size:15px}.elementor-widget-heading .elementor-heading-title.elementor-size-medium{font-size:19px}.elementor-widget-heading .elementor-heading-title.elementor-size-large{font-size:29px}.elementor-widget-heading .elementor-heading-title.elementor-size-xl{font-size:39px}.elementor-widget-heading .elementor-heading-title.elementor-size-xxl{font-size:59px}<\/style><h2 class=\"elementor-heading-title elementor-size-default\">PC Bile\u015fenleri ve \u00c7\u00f6z\u00fcmleri<\/h2>\t\t<\/div>\n\t\t\t\t<\/div>\n\t\t\t\t\t<\/div>\n\t\t\t\t<\/div>\n\t\t<div class=\"elementor-element elementor-element-07cef43 e-flex e-con-boxed e-con e-parent\" data-id=\"07cef43\" data-element_type=\"container\" data-settings=\"{&quot;jet_parallax_layout_list&quot;:[],&quot;content_width&quot;:&quot;boxed&quot;}\" data-core-v316-plus=\"true\">\n\t\t\t\t\t<div class=\"e-con-inner\">\n\t\t<div class=\"elementor-element elementor-element-4d83954 e-con-full e-flex elementor-invisible e-con e-child\" data-id=\"4d83954\" data-element_type=\"container\" data-settings=\"{&quot;content_width&quot;:&quot;full&quot;,&quot;jet_parallax_layout_list&quot;:[],&quot;animation&quot;:&quot;fadeInLeft&quot;}\">\n\t\t\t\t<div class=\"elementor-element elementor-element-51e40f7 elementor-widget elementor-widget-image\" data-id=\"51e40f7\" data-element_type=\"widget\" data-widget_type=\"image.default\">\n\t\t\t\t<div class=\"elementor-widget-container\">\n\t\t\t<style>\/*! elementor - v3.18.0 - 04-12-2023 *\/\n.elementor-widget-image{text-align:center}.elementor-widget-image a{display:inline-block}.elementor-widget-image a img[src$=\".svg\"]{width:48px}.elementor-widget-image img{vertical-align:middle;display:inline-block}<\/style>\t\t\t\t\t\t\t\t\t\t\t\t<img fetchpriority=\"high\" decoding=\"async\" width=\"1024\" height=\"1024\" src=\"https:\/\/netkosistem.com\/wp-content\/uploads\/2024\/01\/1-13.png\" class=\"elementor-animation-grow attachment-large size-large wp-image-916\" alt=\"\" srcset=\"https:\/\/netkosistem.com\/wp-content\/uploads\/2024\/01\/1-13.png 1024w, https:\/\/netkosistem.com\/wp-content\/uploads\/2024\/01\/1-13-300x300.png 300w, https:\/\/netkosistem.com\/wp-content\/uploads\/2024\/01\/1-13-150x150.png 150w, https:\/\/netkosistem.com\/wp-content\/uploads\/2024\/01\/1-13-768x768.png 768w, https:\/\/netkosistem.com\/wp-content\/uploads\/2024\/01\/1-13-12x12.png 12w, https:\/\/netkosistem.com\/wp-content\/uploads\/2024\/01\/1-13-500x500.png 500w\" sizes=\"(max-width: 1024px) 100vw, 1024px\" \/>\t\t\t\t\t\t\t\t\t\t\t\t\t\t\t<\/div>\n\t\t\t\t<\/div>\n\t\t\t\t<\/div>\n\t\t<div class=\"elementor-element elementor-element-a58a1f3 e-con-full e-flex elementor-invisible e-con e-child\" data-id=\"a58a1f3\" data-element_type=\"container\" data-settings=\"{&quot;content_width&quot;:&quot;full&quot;,&quot;jet_parallax_layout_list&quot;:[],&quot;animation&quot;:&quot;fadeInRight&quot;}\">\n\t\t\t\t<div class=\"elementor-element elementor-element-9249718 elementor-widget elementor-widget-text-editor\" data-id=\"9249718\" data-element_type=\"widget\" data-widget_type=\"text-editor.default\">\n\t\t\t\t<div class=\"elementor-widget-container\">\n\t\t\t<style>\/*! elementor - v3.18.0 - 04-12-2023 *\/\n.elementor-widget-text-editor.elementor-drop-cap-view-stacked .elementor-drop-cap{background-color:#69727d;color:#fff}.elementor-widget-text-editor.elementor-drop-cap-view-framed .elementor-drop-cap{color:#69727d;border:3px solid;background-color:transparent}.elementor-widget-text-editor:not(.elementor-drop-cap-view-default) .elementor-drop-cap{margin-top:8px}.elementor-widget-text-editor:not(.elementor-drop-cap-view-default) .elementor-drop-cap-letter{width:1em;height:1em}.elementor-widget-text-editor .elementor-drop-cap{float:left;text-align:center;line-height:1;font-size:50px}.elementor-widget-text-editor .elementor-drop-cap-letter{display:inline-block}<\/style>\t\t\t\t<p><strong>Netko Sistem: PC Bile\u015fenleri ve \u00c7\u00f6z\u00fcmlerinde \u00d6nc\u00fc Teknoloji ve Kalite<\/strong><\/p><p>Netko Sistem Teknoloji ve Bilgi \u0130\u015flem Hizmetleri San. Tic. Ltd. \u015eti., PC bile\u015fenleri ve \u00e7\u00f6z\u00fcmleri alan\u0131nda m\u00fc\u015fterilerine y\u00fcksek kaliteli ve yenilik\u00e7i hizmetler sunmaktad\u0131r. PC bile\u015fenleri, bir bilgisayar\u0131n performans\u0131 ve verimlili\u011fi i\u00e7in temel unsurlard\u0131r ve Netko Sistem, bu bile\u015fenlerin se\u00e7imi ve entegrasyonunda derin bir uzmanl\u0131k sunar.<\/p><p>Netko Sistem&#8217;in PC bile\u015fenleri \u00e7\u00f6z\u00fcmleri, i\u015flemciler, RAM&#8217;ler, sabit diskler, ekran kartlar\u0131 ve anakartlar gibi \u00e7e\u015fitli donan\u0131m par\u00e7alar\u0131n\u0131 kapsar. \u015eirket, her m\u00fc\u015fterinin ihtiya\u00e7lar\u0131na uygun bile\u015fenleri \u00f6zenle se\u00e7er ve en y\u00fcksek performans\u0131 sunacak \u015fekilde bilgisayar sistemlerini tasarlar. Bu, m\u00fc\u015fterilerin i\u015fleme h\u0131z\u0131, depolama kapasitesi ve grafik performans\u0131 gibi alanlarda en iyi deneyimi ya\u015famalar\u0131n\u0131 sa\u011flar.<\/p>\t\t\t\t\t\t<\/div>\n\t\t\t\t<\/div>\n\t\t\t\t<\/div>\n\t\t\t\t\t<\/div>\n\t\t\t\t<\/div>\n\t\t<div class=\"elementor-element elementor-element-5773ae8 e-flex e-con-boxed e-con e-parent\" data-id=\"5773ae8\" data-element_type=\"container\" data-settings=\"{&quot;jet_parallax_layout_list&quot;:[],&quot;content_width&quot;:&quot;boxed&quot;}\" data-core-v316-plus=\"true\">\n\t\t\t\t\t<div class=\"e-con-inner\">\n\t\t<div class=\"elementor-element elementor-element-5633595 e-con-full e-flex elementor-invisible e-con e-child\" data-id=\"5633595\" data-element_type=\"container\" data-settings=\"{&quot;content_width&quot;:&quot;full&quot;,&quot;jet_parallax_layout_list&quot;:[],&quot;animation&quot;:&quot;fadeInLeft&quot;}\">\n\t\t\t\t<div class=\"elementor-element elementor-element-423c0c5 elementor-widget elementor-widget-text-editor\" data-id=\"423c0c5\" data-element_type=\"widget\" data-widget_type=\"text-editor.default\">\n\t\t\t\t<div class=\"elementor-widget-container\">\n\t\t\t\t\t\t\t<div class=\"min-h-[20px] text-message flex flex-col items-start gap-3 whitespace-pre-wrap break-words [.text-message+&amp;]:mt-5 overflow-x-auto\" data-message-author-role=\"assistant\" data-message-id=\"faa22285-80af-4c76-b3fa-5d9fce62becf\"><div class=\"markdown prose w-full break-words dark:prose-invert light\"><p>Netko Sistem, PC bile\u015fenlerinin se\u00e7imi ve entegrasyonunda sadece performansa de\u011fil, ayn\u0131 zamanda g\u00fcvenilirli\u011fe ve dayan\u0131kl\u0131l\u0131\u011fa da b\u00fcy\u00fck \u00f6nem verir. Y\u00fcksek kaliteli bile\u015fenler kullanarak, bilgisayar sistemlerinin uzun \u00f6m\u00fcrl\u00fc olmas\u0131n\u0131 ve en zorlu ko\u015fullarda bile sorunsuz \u00e7al\u0131\u015fmas\u0131n\u0131 sa\u011flar. Bu, \u00f6zellikle profesyonel kullan\u0131c\u0131lar, oyuncular ve teknoloji merakl\u0131lar\u0131 i\u00e7in \u00f6nemlidir.<\/p><p>Firman\u0131n sundu\u011fu PC \u00e7\u00f6z\u00fcmleri, ayr\u0131ca enerji verimlili\u011fi ve \u00e7evre dostu yakla\u015f\u0131mlar\u0131 da i\u00e7erir. Enerji tasarrufu sa\u011flayan bile\u015fenler ve etkin so\u011futma sistemleri, enerji maliyetlerini azalt\u0131rken, \u00e7evresel etkiyi de minimize eder. Netko Sistem, bu yakla\u015f\u0131mla m\u00fc\u015fterilerine hem maliyet etkin hem de s\u00fcrd\u00fcr\u00fclebilir \u00e7\u00f6z\u00fcmler sunar.<\/p><\/div><\/div>\t\t\t\t\t\t<\/div>\n\t\t\t\t<\/div>\n\t\t\t\t<\/div>\n\t\t<div class=\"elementor-element elementor-element-c07b826 e-con-full e-flex elementor-invisible e-con e-child\" data-id=\"c07b826\" data-element_type=\"container\" data-settings=\"{&quot;content_width&quot;:&quot;full&quot;,&quot;jet_parallax_layout_list&quot;:[],&quot;animation&quot;:&quot;fadeInRight&quot;}\">\n\t\t\t\t<div class=\"elementor-element elementor-element-ce9ab41 elementor-widget elementor-widget-image\" data-id=\"ce9ab41\" data-element_type=\"widget\" data-widget_type=\"image.default\">\n\t\t\t\t<div class=\"elementor-widget-container\">\n\t\t\t\t\t\t\t\t\t\t\t\t\t\t\t<img decoding=\"async\" width=\"1024\" height=\"1024\" src=\"https:\/\/netkosistem.com\/wp-content\/uploads\/2024\/01\/2-13.png\" class=\"elementor-animation-grow attachment-large size-large wp-image-917\" alt=\"\" srcset=\"https:\/\/netkosistem.com\/wp-content\/uploads\/2024\/01\/2-13.png 1024w, https:\/\/netkosistem.com\/wp-content\/uploads\/2024\/01\/2-13-300x300.png 300w, https:\/\/netkosistem.com\/wp-content\/uploads\/2024\/01\/2-13-150x150.png 150w, https:\/\/netkosistem.com\/wp-content\/uploads\/2024\/01\/2-13-768x768.png 768w, https:\/\/netkosistem.com\/wp-content\/uploads\/2024\/01\/2-13-12x12.png 12w, https:\/\/netkosistem.com\/wp-content\/uploads\/2024\/01\/2-13-500x500.png 500w\" sizes=\"(max-width: 1024px) 100vw, 1024px\" \/>\t\t\t\t\t\t\t\t\t\t\t\t\t\t\t<\/div>\n\t\t\t\t<\/div>\n\t\t\t\t<\/div>\n\t\t\t\t\t<\/div>\n\t\t\t\t<\/div>\n\t\t<div class=\"elementor-element elementor-element-9f1f230 e-flex e-con-boxed e-con e-parent\" data-id=\"9f1f230\" data-element_type=\"container\" data-settings=\"{&quot;jet_parallax_layout_list&quot;:[],&quot;content_width&quot;:&quot;boxed&quot;}\" data-core-v316-plus=\"true\">\n\t\t\t\t\t<div class=\"e-con-inner\">\n\t\t<div class=\"elementor-element elementor-element-3ba9d35 e-con-full e-flex elementor-invisible e-con e-child\" data-id=\"3ba9d35\" data-element_type=\"container\" data-settings=\"{&quot;content_width&quot;:&quot;full&quot;,&quot;jet_parallax_layout_list&quot;:[],&quot;animation&quot;:&quot;fadeInLeft&quot;}\">\n\t\t\t\t<div class=\"elementor-element elementor-element-1f2cb6e elementor-widget elementor-widget-image\" data-id=\"1f2cb6e\" data-element_type=\"widget\" data-widget_type=\"image.default\">\n\t\t\t\t<div class=\"elementor-widget-container\">\n\t\t\t\t\t\t\t\t\t\t\t\t\t\t\t<img decoding=\"async\" width=\"1024\" height=\"1024\" src=\"https:\/\/netkosistem.com\/wp-content\/uploads\/2024\/01\/3-11.png\" class=\"elementor-animation-grow attachment-large size-large wp-image-918\" alt=\"\" srcset=\"https:\/\/netkosistem.com\/wp-content\/uploads\/2024\/01\/3-11.png 1024w, https:\/\/netkosistem.com\/wp-content\/uploads\/2024\/01\/3-11-300x300.png 300w, https:\/\/netkosistem.com\/wp-content\/uploads\/2024\/01\/3-11-150x150.png 150w, https:\/\/netkosistem.com\/wp-content\/uploads\/2024\/01\/3-11-768x768.png 768w, https:\/\/netkosistem.com\/wp-content\/uploads\/2024\/01\/3-11-12x12.png 12w, https:\/\/netkosistem.com\/wp-content\/uploads\/2024\/01\/3-11-500x500.png 500w\" sizes=\"(max-width: 1024px) 100vw, 1024px\" \/>\t\t\t\t\t\t\t\t\t\t\t\t\t\t\t<\/div>\n\t\t\t\t<\/div>\n\t\t\t\t<\/div>\n\t\t<div class=\"elementor-element elementor-element-f40cf9b e-con-full e-flex elementor-invisible e-con e-child\" data-id=\"f40cf9b\" data-element_type=\"container\" data-settings=\"{&quot;content_width&quot;:&quot;full&quot;,&quot;jet_parallax_layout_list&quot;:[],&quot;animation&quot;:&quot;fadeInRight&quot;}\">\n\t\t\t\t<div class=\"elementor-element elementor-element-837a6fc elementor-widget elementor-widget-text-editor\" data-id=\"837a6fc\" data-element_type=\"widget\" data-widget_type=\"text-editor.default\">\n\t\t\t\t<div class=\"elementor-widget-container\">\n\t\t\t\t\t\t\t<p>Ayr\u0131ca, Netko Sistem, PC bile\u015fenleri ve \u00e7\u00f6z\u00fcmleriyle ilgili teknik destek ve dan\u0131\u015fmanl\u0131k hizmetleri de sa\u011flar. M\u00fc\u015fteriler, bile\u015fen se\u00e7iminden kuruluma ve sonras\u0131nda ya\u015fanabilecek her t\u00fcrl\u00fc teknik sorunlara kadar uzman destek alabilirler. Bu hizmetler, kullan\u0131c\u0131lar\u0131n bilgisayar sistemlerini en y\u00fcksek verimlilikle kullanmalar\u0131n\u0131 sa\u011flar ve olas\u0131 ar\u0131zalarda h\u0131zl\u0131 \u00e7\u00f6z\u00fcmler sunar.<\/p><p>Netko Sistem&#8217;in PC bile\u015fenleri ve \u00e7\u00f6z\u00fcmleri, ayn\u0131 zamanda \u00f6zelle\u015ftirme ve geni\u015fletilebilirlik a\u00e7\u0131s\u0131ndan da esnektir. Kullan\u0131c\u0131lar, sistemlerini kendi ihtiya\u00e7lar\u0131na ve b\u00fct\u00e7elerine g\u00f6re \u00f6zelle\u015ftirebilir ve gelecekteki teknolojik geli\u015fmelere uyum sa\u011flamak i\u00e7in gerekti\u011finde bile\u015fenleri y\u00fckseltebilirler.<\/p>\t\t\t\t\t\t<\/div>\n\t\t\t\t<\/div>\n\t\t\t\t<\/div>\n\t\t\t\t\t<\/div>\n\t\t\t\t<\/div>\n\t\t<div class=\"elementor-element elementor-element-693553a e-flex e-con-boxed e-con e-parent\" data-id=\"693553a\" data-element_type=\"container\" data-settings=\"{&quot;jet_parallax_layout_list&quot;:[],&quot;content_width&quot;:&quot;boxed&quot;}\" data-core-v316-plus=\"true\">\n\t\t\t\t\t<div class=\"e-con-inner\">\n\t\t<div class=\"elementor-element elementor-element-e356eb2 e-con-full e-flex elementor-invisible e-con e-child\" data-id=\"e356eb2\" data-element_type=\"container\" data-settings=\"{&quot;content_width&quot;:&quot;full&quot;,&quot;jet_parallax_layout_list&quot;:[],&quot;animation&quot;:&quot;fadeInLeft&quot;}\">\n\t\t\t\t<div class=\"elementor-element elementor-element-929b364 elementor-widget elementor-widget-text-editor\" data-id=\"929b364\" data-element_type=\"widget\" data-widget_type=\"text-editor.default\">\n\t\t\t\t<div class=\"elementor-widget-container\">\n\t\t\t\t\t\t\t<p>Son olarak, Netko Sistem, PC bile\u015fenleri ve \u00e7\u00f6z\u00fcmleri alan\u0131nda en g\u00fcncel teknolojik trendleri ve yenilikleri takip eder. Bu, m\u00fc\u015fterilerin her zaman en yeni ve en etkili teknoloji \u00e7\u00f6z\u00fcmlerine eri\u015fimlerinin olmas\u0131n\u0131 sa\u011flar. \u0130ster oyun, ister profesyonel \u00e7al\u0131\u015fma, isterse g\u00fcnl\u00fck kullan\u0131m i\u00e7in olsun, Netko Sistem&#8217;in PC bile\u015fenleri ve \u00e7\u00f6z\u00fcmleri, her t\u00fcrl\u00fc kullan\u0131c\u0131ya en iyi deneyimi sunmak i\u00e7in tasarlanm\u0131\u015ft\u0131r.<\/p>\t\t\t\t\t\t<\/div>\n\t\t\t\t<\/div>\n\t\t\t\t<\/div>\n\t\t<div class=\"elementor-element elementor-element-460dacc e-con-full e-flex elementor-invisible e-con e-child\" data-id=\"460dacc\" data-element_type=\"container\" data-settings=\"{&quot;content_width&quot;:&quot;full&quot;,&quot;jet_parallax_layout_list&quot;:[],&quot;animation&quot;:&quot;fadeInRight&quot;}\">\n\t\t\t\t<div class=\"elementor-element elementor-element-907cffb elementor-widget elementor-widget-image\" data-id=\"907cffb\" data-element_type=\"widget\" data-widget_type=\"image.default\">\n\t\t\t\t<div class=\"elementor-widget-container\">\n\t\t\t\t\t\t\t\t\t\t\t\t\t\t\t<img loading=\"lazy\" decoding=\"async\" width=\"1024\" height=\"1024\" src=\"https:\/\/netkosistem.com\/wp-content\/uploads\/2024\/01\/4-10.png\" class=\"elementor-animation-grow attachment-large size-large wp-image-919\" alt=\"\" srcset=\"https:\/\/netkosistem.com\/wp-content\/uploads\/2024\/01\/4-10.png 1024w, https:\/\/netkosistem.com\/wp-content\/uploads\/2024\/01\/4-10-300x300.png 300w, https:\/\/netkosistem.com\/wp-content\/uploads\/2024\/01\/4-10-150x150.png 150w, https:\/\/netkosistem.com\/wp-content\/uploads\/2024\/01\/4-10-768x768.png 768w, https:\/\/netkosistem.com\/wp-content\/uploads\/2024\/01\/4-10-12x12.png 12w, https:\/\/netkosistem.com\/wp-content\/uploads\/2024\/01\/4-10-500x500.png 500w\" sizes=\"(max-width: 1024px) 100vw, 1024px\" \/>\t\t\t\t\t\t\t\t\t\t\t\t\t\t\t<\/div>\n\t\t\t\t<\/div>\n\t\t\t\t<\/div>\n\t\t\t\t\t<\/div>\n\t\t\t\t<\/div>\n\t\t<div class=\"elementor-element elementor-element-216f50a e-flex e-con-boxed e-con e-parent\" data-id=\"216f50a\" data-element_type=\"container\" data-settings=\"{&quot;jet_parallax_layout_list&quot;:[],&quot;content_width&quot;:&quot;boxed&quot;}\" data-core-v316-plus=\"true\">\n\t\t\t\t\t<div class=\"e-con-inner\">\n\t\t\t\t<div class=\"elementor-element elementor-element-015d202 elementor-align-center elementor-mobile-align-center elementor-widget elementor-widget-raven-button\" data-id=\"015d202\" data-element_type=\"widget\" data-settings=\"{&quot;turn_to_popup_action_button&quot;:&quot;no&quot;}\" data-widget_type=\"raven-button.default\">\n\t\t\t\t<div class=\"elementor-widget-container\">\n\t\t\t\t\t<div class=\"raven-widget-wrapper\">\n\t\t\t<a class=\"raven-button raven-button-widget-normal-effect-shine raven-button-text-align-center raven-button-link elementor-animation-grow\" href=\"https:\/\/netkosistem.com\/index.php\/contact\/\">\t\t\t\t<div class=\"raven-button-overlay\" ><\/div>\n\t\t\t\t<span class=\"raven-button-content\">\n\t\t\t\t\t\n\t\t\t\t\t<div class=\"button-text-container\">\n\t\t\t\t\t\t\t\t\t\t\t\t<div class=\"raven-button-texts-wrapper\">\n\t\t\t\t\t\t\t<div class=\"button-text\">\n\t\t\t\t\t\t\t\t<span class=\"raven-button-text\">\n\t\t\t\t\t\t\t\t\tTeklif Al\t\t\t\t\t\t\t\t<\/span>\n\t\t\t\t\t\t\t<\/div>\n\t\t\t\t\t\t\t\t\t\t\t\t\t<\/div>\n\t\t\t\t\t\t\t\t\t\t\t<\/div>\n\t\t\t\t\t\n\t\t\t\t\t\t\t\t\t<\/span>\n\t\t\t<\/a>\t\t<\/div>\n\t\t\t\t<\/div>\n\t\t\t\t<\/div>\n\t\t\t\t\t<\/div>\n\t\t\t\t<\/div>\n\t\t\t\t\t\t\t<\/div>","protected":false},"excerpt":{"rendered":"<p>PC Bile\u015fenleri ve \u00c7\u00f6z\u00fcmleri Netko Sistem: PC Bile\u015fenleri ve \u00c7\u00f6z\u00fcmlerinde \u00d6nc\u00fc Teknoloji ve Kalite Netko Sistem Teknoloji ve Bilgi \u0130\u015flem Hizmetleri San. Tic. Ltd. \u015eti., PC bile\u015fenleri ve \u00e7\u00f6z\u00fcmleri alan\u0131nda m\u00fc\u015fterilerine y\u00fcksek kaliteli ve yenilik\u00e7i hizmetler sunmaktad\u0131r. PC bile\u015fenleri, bir bilgisayar\u0131n performans\u0131 ve verimlili\u011fi i\u00e7in temel unsurlard\u0131r ve Netko Sistem, bu bile\u015fenlerin se\u00e7imi ve entegrasyonunda [&hellip;]<\/p>","protected":false},"author":1,"featured_media":0,"parent":0,"menu_order":0,"comment_status":"closed","ping_status":"closed","template":"elementor_header_footer","meta":{"footnotes":""},"class_list":["post-907","page","type-page","status-publish","hentry"],"acf":[],"yoast_head":"<!-- This site is optimized with the Yoast SEO Premium plugin v21.8 (Yoast SEO v21.8) - https:\/\/yoast.com\/wordpress\/plugins\/seo\/ -->\n<title>PC Bile\u015fenleri ve \u00c7\u00f6z\u00fcmleri - Netko Sistem Teknoloji - Alanya Zay\u0131f Ak\u0131m Sistemleri<\/title>\n<meta name=\"robots\" content=\"index, follow, max-snippet:-1, max-image-preview:large, max-video-preview:-1\" \/>\n<link rel=\"canonical\" href=\"https:\/\/netkosistem.com\/en\/pc-bilesenleri-ve-cozumleri\/\" \/>\n<meta property=\"og:locale\" content=\"en_US\" \/>\n<meta property=\"og:type\" content=\"article\" \/>\n<meta property=\"og:title\" content=\"PC Bile\u015fenleri ve \u00c7\u00f6z\u00fcmleri - Netko Sistem Teknoloji - Alanya Zay\u0131f Ak\u0131m Sistemleri\" \/>\n<meta property=\"og:description\" content=\"PC Bile\u015fenleri ve \u00c7\u00f6z\u00fcmleri Netko Sistem: PC Bile\u015fenleri ve \u00c7\u00f6z\u00fcmlerinde \u00d6nc\u00fc Teknoloji ve Kalite Netko Sistem Teknoloji ve Bilgi \u0130\u015flem Hizmetleri San. Tic. Ltd. \u015eti., PC bile\u015fenleri ve \u00e7\u00f6z\u00fcmleri alan\u0131nda m\u00fc\u015fterilerine y\u00fcksek kaliteli ve yenilik\u00e7i hizmetler sunmaktad\u0131r. PC bile\u015fenleri, bir bilgisayar\u0131n performans\u0131 ve verimlili\u011fi i\u00e7in temel unsurlard\u0131r ve Netko Sistem, bu bile\u015fenlerin se\u00e7imi ve entegrasyonunda [&hellip;]\" \/>\n<meta property=\"og:url\" content=\"https:\/\/netkosistem.com\/en\/pc-bilesenleri-ve-cozumleri\/\" \/>\n<meta property=\"og:site_name\" content=\"Netko Sistem Teknoloji - Alanya Zay\u0131f Ak\u0131m Sistemleri\" \/>\n<meta property=\"article:publisher\" content=\"https:\/\/www.facebook.com\/netkosistem\" \/>\n<meta property=\"article:modified_time\" content=\"2024-01-14T20:43:08+00:00\" \/>\n<meta property=\"og:image\" content=\"https:\/\/netkosistem.com\/wp-content\/uploads\/2024\/01\/1-13.png\" \/>\n<meta name=\"twitter:card\" content=\"summary_large_image\" \/>\n<script type=\"application\/ld+json\" class=\"yoast-schema-graph\">{\"@context\":\"https:\/\/schema.org\",\"@graph\":[{\"@type\":\"WebPage\",\"@id\":\"https:\/\/netkosistem.com\/pc-bilesenleri-ve-cozumleri\/\",\"url\":\"https:\/\/netkosistem.com\/pc-bilesenleri-ve-cozumleri\/\",\"name\":\"PC Bile\u015fenleri ve \u00c7\u00f6z\u00fcmleri - Netko Sistem Teknoloji - Alanya Zay\u0131f Ak\u0131m Sistemleri\",\"isPartOf\":{\"@id\":\"https:\/\/netkosistem.com\/#website\"},\"datePublished\":\"2024-01-14T20:36:52+00:00\",\"dateModified\":\"2024-01-14T20:43:08+00:00\",\"inLanguage\":\"en-US\",\"potentialAction\":[{\"@type\":\"ReadAction\",\"target\":[\"https:\/\/netkosistem.com\/pc-bilesenleri-ve-cozumleri\/\"]}]},{\"@type\":\"WebSite\",\"@id\":\"https:\/\/netkosistem.com\/#website\",\"url\":\"https:\/\/netkosistem.com\/\",\"name\":\"Netko Sistem Teknoloji\",\"description\":\"Netko Sistem Teknoloji - Alanya Zay\u0131f Ak\u0131m Sistemleri\",\"publisher\":{\"@id\":\"https:\/\/netkosistem.com\/#organization\"},\"potentialAction\":[{\"@type\":\"SearchAction\",\"target\":{\"@type\":\"EntryPoint\",\"urlTemplate\":\"https:\/\/netkosistem.com\/?s={search_term_string}\"},\"query-input\":\"required name=search_term_string\"}],\"inLanguage\":\"en-US\"},{\"@type\":\"Organization\",\"@id\":\"https:\/\/netkosistem.com\/#organization\",\"name\":\"Netko Sistem Teknoloji\",\"url\":\"https:\/\/netkosistem.com\/\",\"logo\":{\"@type\":\"ImageObject\",\"inLanguage\":\"en-US\",\"@id\":\"https:\/\/netkosistem.com\/#\/schema\/logo\/image\/\",\"url\":\"https:\/\/netkosistem.com\/wp-content\/uploads\/2024\/01\/Adsiz-tasarim.png\",\"contentUrl\":\"https:\/\/netkosistem.com\/wp-content\/uploads\/2024\/01\/Adsiz-tasarim.png\",\"width\":1024,\"height\":1024,\"caption\":\"Netko Sistem Teknoloji\"},\"image\":{\"@id\":\"https:\/\/netkosistem.com\/#\/schema\/logo\/image\/\"},\"sameAs\":[\"https:\/\/www.facebook.com\/netkosistem\",\"https:\/\/www.instagram.com\/netkosistem\/\"]}]}<\/script>\n<!-- \/ Yoast SEO Premium plugin. -->","yoast_head_json":{"title":"PC Bile\u015fenleri ve \u00c7\u00f6z\u00fcmleri - Netko Sistem Teknoloji - Alanya Zay\u0131f Ak\u0131m Sistemleri","robots":{"index":"index","follow":"follow","max-snippet":"max-snippet:-1","max-image-preview":"max-image-preview:large","max-video-preview":"max-video-preview:-1"},"canonical":"https:\/\/netkosistem.com\/en\/pc-bilesenleri-ve-cozumleri\/","og_locale":"en_US","og_type":"article","og_title":"PC Bile\u015fenleri ve \u00c7\u00f6z\u00fcmleri - Netko Sistem Teknoloji - Alanya Zay\u0131f Ak\u0131m Sistemleri","og_description":"PC Bile\u015fenleri ve \u00c7\u00f6z\u00fcmleri Netko Sistem: PC Bile\u015fenleri ve \u00c7\u00f6z\u00fcmlerinde \u00d6nc\u00fc Teknoloji ve Kalite Netko Sistem Teknoloji ve Bilgi \u0130\u015flem Hizmetleri San. Tic. Ltd. \u015eti., PC bile\u015fenleri ve \u00e7\u00f6z\u00fcmleri alan\u0131nda m\u00fc\u015fterilerine y\u00fcksek kaliteli ve yenilik\u00e7i hizmetler sunmaktad\u0131r. PC bile\u015fenleri, bir bilgisayar\u0131n performans\u0131 ve verimlili\u011fi i\u00e7in temel unsurlard\u0131r ve Netko Sistem, bu bile\u015fenlerin se\u00e7imi ve entegrasyonunda [&hellip;]","og_url":"https:\/\/netkosistem.com\/en\/pc-bilesenleri-ve-cozumleri\/","og_site_name":"Netko Sistem Teknoloji - Alanya Zay\u0131f Ak\u0131m Sistemleri","article_publisher":"https:\/\/www.facebook.com\/netkosistem","article_modified_time":"2024-01-14T20:43:08+00:00","og_image":[{"url":"https:\/\/netkosistem.com\/wp-content\/uploads\/2024\/01\/1-13.png"}],"twitter_card":"summary_large_image","schema":{"@context":"https:\/\/schema.org","@graph":[{"@type":"WebPage","@id":"https:\/\/netkosistem.com\/pc-bilesenleri-ve-cozumleri\/","url":"https:\/\/netkosistem.com\/pc-bilesenleri-ve-cozumleri\/","name":"PC Bile\u015fenleri ve \u00c7\u00f6z\u00fcmleri - Netko Sistem Teknoloji - Alanya Zay\u0131f Ak\u0131m Sistemleri","isPartOf":{"@id":"https:\/\/netkosistem.com\/#website"},"datePublished":"2024-01-14T20:36:52+00:00","dateModified":"2024-01-14T20:43:08+00:00","inLanguage":"en-US","potentialAction":[{"@type":"ReadAction","target":["https:\/\/netkosistem.com\/pc-bilesenleri-ve-cozumleri\/"]}]},{"@type":"WebSite","@id":"https:\/\/netkosistem.com\/#website","url":"https:\/\/netkosistem.com\/","name":"Netko Sistem Teknoloji","description":"Netko Sistem Teknoloji - Alanya Zay\u0131f Ak\u0131m Sistemleri","publisher":{"@id":"https:\/\/netkosistem.com\/#organization"},"potentialAction":[{"@type":"SearchAction","target":{"@type":"EntryPoint","urlTemplate":"https:\/\/netkosistem.com\/?s={search_term_string}"},"query-input":"required name=search_term_string"}],"inLanguage":"en-US"},{"@type":"Organization","@id":"https:\/\/netkosistem.com\/#organization","name":"Netko Sistem Teknoloji","url":"https:\/\/netkosistem.com\/","logo":{"@type":"ImageObject","inLanguage":"en-US","@id":"https:\/\/netkosistem.com\/#\/schema\/logo\/image\/","url":"https:\/\/netkosistem.com\/wp-content\/uploads\/2024\/01\/Adsiz-tasarim.png","contentUrl":"https:\/\/netkosistem.com\/wp-content\/uploads\/2024\/01\/Adsiz-tasarim.png","width":1024,"height":1024,"caption":"Netko Sistem Teknoloji"},"image":{"@id":"https:\/\/netkosistem.com\/#\/schema\/logo\/image\/"},"sameAs":["https:\/\/www.facebook.com\/netkosistem","https:\/\/www.instagram.com\/netkosistem\/"]}]}},"_links":{"self":[{"href":"https:\/\/netkosistem.com\/en\/wp-json\/wp\/v2\/pages\/907","targetHints":{"allow":["GET"]}}],"collection":[{"href":"https:\/\/netkosistem.com\/en\/wp-json\/wp\/v2\/pages"}],"about":[{"href":"https:\/\/netkosistem.com\/en\/wp-json\/wp\/v2\/types\/page"}],"author":[{"embeddable":true,"href":"https:\/\/netkosistem.com\/en\/wp-json\/wp\/v2\/users\/1"}],"replies":[{"embeddable":true,"href":"https:\/\/netkosistem.com\/en\/wp-json\/wp\/v2\/comments?post=907"}],"version-history":[{"count":7,"href":"https:\/\/netkosistem.com\/en\/wp-json\/wp\/v2\/pages\/907\/revisions"}],"predecessor-version":[{"id":922,"href":"https:\/\/netkosistem.com\/en\/wp-json\/wp\/v2\/pages\/907\/revisions\/922"}],"wp:attachment":[{"href":"https:\/\/netkosistem.com\/en\/wp-json\/wp\/v2\/media?parent=907"}],"curies":[{"name":"wp","href":"https:\/\/api.w.org\/{rel}","templated":true}]}}