{"id":882,"date":"2024-01-14T23:28:32","date_gmt":"2024-01-14T20:28:32","guid":{"rendered":"https:\/\/netkosistem.com\/?page_id=882"},"modified":"2024-01-14T23:32:21","modified_gmt":"2024-01-14T20:32:21","slug":"sanal-sunucu-cozumleri","status":"publish","type":"page","link":"https:\/\/netkosistem.com\/en\/sanal-sunucu-cozumleri\/","title":{"rendered":"Sanal Sunucu \u00c7\u00f6z\u00fcmleri"},"content":{"rendered":"<div data-elementor-type=\"wp-page\" data-elementor-id=\"882\" class=\"elementor elementor-882\" data-elementor-post-type=\"page\">\n\t\t\t\t\t\t\t<div class=\"elementor-element elementor-element-cc986f0 e-flex e-con-boxed elementor-invisible e-con e-parent\" data-id=\"cc986f0\" data-element_type=\"container\" data-settings=\"{&quot;jet_parallax_layout_list&quot;:[],&quot;animation&quot;:&quot;fadeInUp&quot;,&quot;content_width&quot;:&quot;boxed&quot;}\" data-core-v316-plus=\"true\">\n\t\t\t\t\t<div class=\"e-con-inner\">\n\t\t\t\t<div class=\"elementor-element elementor-element-c94b8f0 elementor-widget elementor-widget-heading\" data-id=\"c94b8f0\" data-element_type=\"widget\" data-widget_type=\"heading.default\">\n\t\t\t\t<div class=\"elementor-widget-container\">\n\t\t\t<style>\/*! elementor - v3.18.0 - 04-12-2023 *\/\n.elementor-heading-title{padding:0;margin:0;line-height:1}.elementor-widget-heading .elementor-heading-title[class*=elementor-size-]>a{color:inherit;font-size:inherit;line-height:inherit}.elementor-widget-heading .elementor-heading-title.elementor-size-small{font-size:15px}.elementor-widget-heading .elementor-heading-title.elementor-size-medium{font-size:19px}.elementor-widget-heading .elementor-heading-title.elementor-size-large{font-size:29px}.elementor-widget-heading .elementor-heading-title.elementor-size-xl{font-size:39px}.elementor-widget-heading .elementor-heading-title.elementor-size-xxl{font-size:59px}<\/style><h2 class=\"elementor-heading-title elementor-size-default\">Sanal Sunucu \u00c7\u00f6z\u00fcmleri<\/h2>\t\t<\/div>\n\t\t\t\t<\/div>\n\t\t\t\t\t<\/div>\n\t\t\t\t<\/div>\n\t\t<div class=\"elementor-element elementor-element-d48b89d e-flex e-con-boxed e-con e-parent\" data-id=\"d48b89d\" data-element_type=\"container\" data-settings=\"{&quot;jet_parallax_layout_list&quot;:[],&quot;content_width&quot;:&quot;boxed&quot;}\" data-core-v316-plus=\"true\">\n\t\t\t\t\t<div class=\"e-con-inner\">\n\t\t<div class=\"elementor-element elementor-element-5a2b5f3 e-con-full e-flex elementor-invisible e-con e-child\" data-id=\"5a2b5f3\" data-element_type=\"container\" data-settings=\"{&quot;content_width&quot;:&quot;full&quot;,&quot;jet_parallax_layout_list&quot;:[],&quot;animation&quot;:&quot;fadeInLeft&quot;}\">\n\t\t\t\t<div class=\"elementor-element elementor-element-b40db43 elementor-widget elementor-widget-image\" data-id=\"b40db43\" data-element_type=\"widget\" data-widget_type=\"image.default\">\n\t\t\t\t<div class=\"elementor-widget-container\">\n\t\t\t<style>\/*! elementor - v3.18.0 - 04-12-2023 *\/\n.elementor-widget-image{text-align:center}.elementor-widget-image a{display:inline-block}.elementor-widget-image a img[src$=\".svg\"]{width:48px}.elementor-widget-image img{vertical-align:middle;display:inline-block}<\/style>\t\t\t\t\t\t\t\t\t\t\t\t<img fetchpriority=\"high\" decoding=\"async\" width=\"1024\" height=\"1024\" src=\"https:\/\/netkosistem.com\/wp-content\/uploads\/2024\/01\/1-11.png\" class=\"elementor-animation-grow attachment-large size-large wp-image-887\" alt=\"\" srcset=\"https:\/\/netkosistem.com\/wp-content\/uploads\/2024\/01\/1-11.png 1024w, https:\/\/netkosistem.com\/wp-content\/uploads\/2024\/01\/1-11-300x300.png 300w, https:\/\/netkosistem.com\/wp-content\/uploads\/2024\/01\/1-11-150x150.png 150w, https:\/\/netkosistem.com\/wp-content\/uploads\/2024\/01\/1-11-768x768.png 768w, https:\/\/netkosistem.com\/wp-content\/uploads\/2024\/01\/1-11-12x12.png 12w, https:\/\/netkosistem.com\/wp-content\/uploads\/2024\/01\/1-11-500x500.png 500w\" sizes=\"(max-width: 1024px) 100vw, 1024px\" \/>\t\t\t\t\t\t\t\t\t\t\t\t\t\t\t<\/div>\n\t\t\t\t<\/div>\n\t\t\t\t<\/div>\n\t\t<div class=\"elementor-element elementor-element-f27bd81 e-con-full e-flex elementor-invisible e-con e-child\" data-id=\"f27bd81\" data-element_type=\"container\" data-settings=\"{&quot;content_width&quot;:&quot;full&quot;,&quot;jet_parallax_layout_list&quot;:[],&quot;animation&quot;:&quot;fadeInRight&quot;}\">\n\t\t\t\t<div class=\"elementor-element elementor-element-5ab86eb elementor-widget elementor-widget-text-editor\" data-id=\"5ab86eb\" data-element_type=\"widget\" data-widget_type=\"text-editor.default\">\n\t\t\t\t<div class=\"elementor-widget-container\">\n\t\t\t<style>\/*! elementor - v3.18.0 - 04-12-2023 *\/\n.elementor-widget-text-editor.elementor-drop-cap-view-stacked .elementor-drop-cap{background-color:#69727d;color:#fff}.elementor-widget-text-editor.elementor-drop-cap-view-framed .elementor-drop-cap{color:#69727d;border:3px solid;background-color:transparent}.elementor-widget-text-editor:not(.elementor-drop-cap-view-default) .elementor-drop-cap{margin-top:8px}.elementor-widget-text-editor:not(.elementor-drop-cap-view-default) .elementor-drop-cap-letter{width:1em;height:1em}.elementor-widget-text-editor .elementor-drop-cap{float:left;text-align:center;line-height:1;font-size:50px}.elementor-widget-text-editor .elementor-drop-cap-letter{display:inline-block}<\/style>\t\t\t\t<p><strong>Netko Sistem: Sanal Sunucu \u00c7\u00f6z\u00fcmlerinde \u00c7a\u011fda\u015f \u0130novasyon ve Esneklik<\/strong><\/p><p>Netko Sistem Teknoloji ve Bilgi \u0130\u015flem Hizmetleri San. Tic. Ltd. \u015eti., g\u00fcn\u00fcm\u00fcz\u00fcn h\u0131zla de\u011fi\u015fen teknoloji d\u00fcnyas\u0131nda sanal sunucu \u00e7\u00f6z\u00fcmleriyle \u00f6ne \u00e7\u0131kmaktad\u0131r. Bu \u00e7\u00f6z\u00fcmler, i\u015fletmelerin artan veri i\u015fleme ve depolama ihtiya\u00e7lar\u0131na yan\u0131t verirken, maliyet verimlili\u011fi ve operasyonel esneklik sunmaktad\u0131r. Sanal sunucular, fiziksel sunucu kaynaklar\u0131n\u0131 sanalla\u015ft\u0131rarak birden fazla sanal makineyi ayn\u0131 donan\u0131m \u00fczerinde \u00e7al\u0131\u015ft\u0131rabilir ve bu da kaynaklar\u0131n daha etkin kullan\u0131m\u0131n\u0131 sa\u011flar.<\/p><p>Netko Sistem&#8217;in sanal sunucu \u00e7\u00f6z\u00fcmleri, i\u015fletmelere \u00f6l\u00e7eklenebilirlik ve y\u00f6netim kolayl\u0131\u011f\u0131 sunar. \u0130htiya\u00e7 duyulduk\u00e7a kaynaklar\u0131n (CPU, bellek, depolama) art\u0131r\u0131lmas\u0131 veya azalt\u0131lmas\u0131 m\u00fcmk\u00fcnd\u00fcr, bu da i\u015fletmelerin de\u011fi\u015fen gereksinimlerine h\u0131zla uyum sa\u011flamalar\u0131na olanak tan\u0131r. Sanal sunucular, fiziksel sunuculara g\u00f6re daha h\u0131zl\u0131 kurulum ve da\u011f\u0131t\u0131m s\u00fcre\u00e7leri sunarak, i\u015f s\u00fcreklili\u011fini ve operasyonel verimlili\u011fi art\u0131r\u0131r.<\/p>\t\t\t\t\t\t<\/div>\n\t\t\t\t<\/div>\n\t\t\t\t<\/div>\n\t\t\t\t\t<\/div>\n\t\t\t\t<\/div>\n\t\t<div class=\"elementor-element elementor-element-290ded5 e-flex e-con-boxed e-con e-parent\" data-id=\"290ded5\" data-element_type=\"container\" data-settings=\"{&quot;jet_parallax_layout_list&quot;:[],&quot;content_width&quot;:&quot;boxed&quot;}\" data-core-v316-plus=\"true\">\n\t\t\t\t\t<div class=\"e-con-inner\">\n\t\t<div class=\"elementor-element elementor-element-67a10b4 e-con-full e-flex elementor-invisible e-con e-child\" data-id=\"67a10b4\" data-element_type=\"container\" data-settings=\"{&quot;content_width&quot;:&quot;full&quot;,&quot;jet_parallax_layout_list&quot;:[],&quot;animation&quot;:&quot;fadeInLeft&quot;}\">\n\t\t\t\t<div class=\"elementor-element elementor-element-e450c36 elementor-widget elementor-widget-text-editor\" data-id=\"e450c36\" data-element_type=\"widget\" data-widget_type=\"text-editor.default\">\n\t\t\t\t<div class=\"elementor-widget-container\">\n\t\t\t\t\t\t\t<p>G\u00fcvenlik, Netko Sistem&#8217;in sundu\u011fu sanal sunucu \u00e7\u00f6z\u00fcmlerinin temel bir unsuru olarak \u00f6n plana \u00e7\u0131kar. \u015eirket, sanal makinelerin izolasyonunu ve g\u00fcvenli\u011fini sa\u011flayarak, veri ihlalleri ve siber sald\u0131r\u0131lara kar\u015f\u0131 koruma sa\u011flar. Ayr\u0131ca, d\u00fczenli yedeklemeler ve kapsaml\u0131 felaket kurtarma planlar\u0131 ile i\u015fletmelerin veri kayb\u0131 risklerini en aza indirir.<\/p><p>Netko Sistem&#8217;in sanal sunucu \u00e7\u00f6z\u00fcmleri, bulut bili\u015fim teknolojileriyle b\u00fct\u00fcnle\u015fik bir yap\u0131 sunar. Bu, i\u015fletmelere yer ve zaman s\u0131n\u0131rlamas\u0131 olmaks\u0131z\u0131n eri\u015fim imkan\u0131 sa\u011flar ve \u00f6zellikle uzaktan \u00e7al\u0131\u015fma ve k\u00fcresel i\u015f operasyonlar\u0131 i\u00e7in idealdir. Bulut tabanl\u0131 sanal sunucular, i\u015fletmelere y\u00fcksek d\u00fczeyde \u00f6l\u00e7eklenebilirlik ve esneklik sunarken, IT altyap\u0131lar\u0131n\u0131n bak\u0131m ve y\u00f6netim maliyetlerini de \u00f6nemli \u00f6l\u00e7\u00fcde azalt\u0131r.<\/p>\t\t\t\t\t\t<\/div>\n\t\t\t\t<\/div>\n\t\t\t\t<\/div>\n\t\t<div class=\"elementor-element elementor-element-20ac4e7 e-con-full e-flex elementor-invisible e-con e-child\" data-id=\"20ac4e7\" data-element_type=\"container\" data-settings=\"{&quot;content_width&quot;:&quot;full&quot;,&quot;jet_parallax_layout_list&quot;:[],&quot;animation&quot;:&quot;fadeInRight&quot;}\">\n\t\t\t\t<div class=\"elementor-element elementor-element-87c34f9 elementor-widget elementor-widget-image\" data-id=\"87c34f9\" data-element_type=\"widget\" data-widget_type=\"image.default\">\n\t\t\t\t<div class=\"elementor-widget-container\">\n\t\t\t\t\t\t\t\t\t\t\t\t\t\t\t<img decoding=\"async\" width=\"1024\" height=\"1024\" src=\"https:\/\/netkosistem.com\/wp-content\/uploads\/2024\/01\/2-11.png\" class=\"elementor-animation-grow attachment-large size-large wp-image-888\" alt=\"\" srcset=\"https:\/\/netkosistem.com\/wp-content\/uploads\/2024\/01\/2-11.png 1024w, https:\/\/netkosistem.com\/wp-content\/uploads\/2024\/01\/2-11-300x300.png 300w, https:\/\/netkosistem.com\/wp-content\/uploads\/2024\/01\/2-11-150x150.png 150w, https:\/\/netkosistem.com\/wp-content\/uploads\/2024\/01\/2-11-768x768.png 768w, https:\/\/netkosistem.com\/wp-content\/uploads\/2024\/01\/2-11-12x12.png 12w, https:\/\/netkosistem.com\/wp-content\/uploads\/2024\/01\/2-11-500x500.png 500w\" sizes=\"(max-width: 1024px) 100vw, 1024px\" \/>\t\t\t\t\t\t\t\t\t\t\t\t\t\t\t<\/div>\n\t\t\t\t<\/div>\n\t\t\t\t<\/div>\n\t\t\t\t\t<\/div>\n\t\t\t\t<\/div>\n\t\t<div class=\"elementor-element elementor-element-4e192e8 e-flex e-con-boxed e-con e-parent\" data-id=\"4e192e8\" data-element_type=\"container\" data-settings=\"{&quot;jet_parallax_layout_list&quot;:[],&quot;content_width&quot;:&quot;boxed&quot;}\" data-core-v316-plus=\"true\">\n\t\t\t\t\t<div class=\"e-con-inner\">\n\t\t<div class=\"elementor-element elementor-element-82dee67 e-con-full e-flex elementor-invisible e-con e-child\" data-id=\"82dee67\" data-element_type=\"container\" data-settings=\"{&quot;content_width&quot;:&quot;full&quot;,&quot;jet_parallax_layout_list&quot;:[],&quot;animation&quot;:&quot;fadeInLeft&quot;}\">\n\t\t\t\t<div class=\"elementor-element elementor-element-e7c5604 elementor-widget elementor-widget-image\" data-id=\"e7c5604\" data-element_type=\"widget\" data-widget_type=\"image.default\">\n\t\t\t\t<div class=\"elementor-widget-container\">\n\t\t\t\t\t\t\t\t\t\t\t\t\t\t\t<img decoding=\"async\" width=\"1024\" height=\"1024\" src=\"https:\/\/netkosistem.com\/wp-content\/uploads\/2024\/01\/3-9.png\" class=\"elementor-animation-grow attachment-large size-large wp-image-889\" alt=\"\" srcset=\"https:\/\/netkosistem.com\/wp-content\/uploads\/2024\/01\/3-9.png 1024w, https:\/\/netkosistem.com\/wp-content\/uploads\/2024\/01\/3-9-300x300.png 300w, https:\/\/netkosistem.com\/wp-content\/uploads\/2024\/01\/3-9-150x150.png 150w, https:\/\/netkosistem.com\/wp-content\/uploads\/2024\/01\/3-9-768x768.png 768w, https:\/\/netkosistem.com\/wp-content\/uploads\/2024\/01\/3-9-12x12.png 12w, https:\/\/netkosistem.com\/wp-content\/uploads\/2024\/01\/3-9-500x500.png 500w\" sizes=\"(max-width: 1024px) 100vw, 1024px\" \/>\t\t\t\t\t\t\t\t\t\t\t\t\t\t\t<\/div>\n\t\t\t\t<\/div>\n\t\t\t\t<\/div>\n\t\t<div class=\"elementor-element elementor-element-9a7d242 e-con-full e-flex elementor-invisible e-con e-child\" data-id=\"9a7d242\" data-element_type=\"container\" data-settings=\"{&quot;content_width&quot;:&quot;full&quot;,&quot;jet_parallax_layout_list&quot;:[],&quot;animation&quot;:&quot;fadeInRight&quot;}\">\n\t\t\t\t<div class=\"elementor-element elementor-element-d744296 elementor-widget elementor-widget-text-editor\" data-id=\"d744296\" data-element_type=\"widget\" data-widget_type=\"text-editor.default\">\n\t\t\t\t<div class=\"elementor-widget-container\">\n\t\t\t\t\t\t\t<div class=\"min-h-[20px] text-message flex flex-col items-start gap-3 whitespace-pre-wrap break-words [.text-message+&amp;]:mt-5 overflow-x-auto\" data-message-author-role=\"assistant\" data-message-id=\"16500424-383e-4c4b-b4fe-1724c648d244\"><div class=\"markdown prose w-full break-words dark:prose-invert light\"><p>Son olarak, Netko Sistem&#8217;in sanal sunucu \u00e7\u00f6z\u00fcmleri, m\u00fc\u015fterilerine en \u00fcst d\u00fczeyde hizmet ve destek sunarak, onlar\u0131n teknolojik ihtiya\u00e7lar\u0131n\u0131 kar\u015f\u0131lamak i\u00e7in tasarlanm\u0131\u015ft\u0131r. Bu \u00e7\u00f6z\u00fcmler, i\u015fletmelerin ve kurumlar\u0131n teknolojik altyap\u0131lar\u0131n\u0131 g\u00fc\u00e7lendirirken, ayn\u0131 zamanda i\u015f s\u00fcre\u00e7lerini ve IT operasyonlar\u0131n\u0131 optimize eder. Esneklik, verimlilik ve g\u00fcvenlik a\u00e7\u0131s\u0131ndan \u00fcst\u00fcn \u00f6zellikler sunan Netko Sistem&#8217;in sanal sunucu \u00e7\u00f6z\u00fcmleri, i\u015fletmelerin dijital d\u00f6n\u00fc\u015f\u00fcm yolculuklar\u0131nda kritik bir rol oynar.<\/p><\/div><\/div>\t\t\t\t\t\t<\/div>\n\t\t\t\t<\/div>\n\t\t\t\t<\/div>\n\t\t\t\t\t<\/div>\n\t\t\t\t<\/div>\n\t\t<div class=\"elementor-element elementor-element-3cd86de e-flex e-con-boxed e-con e-parent\" data-id=\"3cd86de\" data-element_type=\"container\" data-settings=\"{&quot;jet_parallax_layout_list&quot;:[],&quot;content_width&quot;:&quot;boxed&quot;}\" data-core-v316-plus=\"true\">\n\t\t\t\t\t<div class=\"e-con-inner\">\n\t\t<div class=\"elementor-element elementor-element-f79cff8 e-con-full e-flex elementor-invisible e-con e-child\" data-id=\"f79cff8\" data-element_type=\"container\" data-settings=\"{&quot;content_width&quot;:&quot;full&quot;,&quot;jet_parallax_layout_list&quot;:[],&quot;animation&quot;:&quot;fadeInLeft&quot;}\">\n\t\t\t\t<div class=\"elementor-element elementor-element-b2a9054 elementor-widget elementor-widget-text-editor\" data-id=\"b2a9054\" data-element_type=\"widget\" data-widget_type=\"text-editor.default\">\n\t\t\t\t<div class=\"elementor-widget-container\">\n\t\t\t\t\t\t\t<p>Bu sanal sunucu \u00e7\u00f6z\u00fcmleri, i\u015fletmelerin veri merkezi maliyetlerini d\u00fc\u015f\u00fcr\u00fcrken, veri i\u015fleme kapasitelerini ve i\u015f s\u00fcrekliliklerini de art\u0131rmaktad\u0131r. Netko Sistem, m\u00fc\u015fteri ihtiya\u00e7lar\u0131na \u00f6zel olarak tasarlanm\u0131\u015f sanal sunucu \u00e7\u00f6z\u00fcmleri ile her \u00f6l\u00e7ekteki i\u015fletmenin dijital altyap\u0131 gereksinimlerini kar\u015f\u0131lamak i\u00e7in \u00e7al\u0131\u015fmaktad\u0131r.<\/p>\t\t\t\t\t\t<\/div>\n\t\t\t\t<\/div>\n\t\t\t\t<\/div>\n\t\t<div class=\"elementor-element elementor-element-1629264 e-con-full e-flex elementor-invisible e-con e-child\" data-id=\"1629264\" data-element_type=\"container\" data-settings=\"{&quot;content_width&quot;:&quot;full&quot;,&quot;jet_parallax_layout_list&quot;:[],&quot;animation&quot;:&quot;fadeInRight&quot;}\">\n\t\t\t\t<div class=\"elementor-element elementor-element-c6c9ef4 elementor-widget elementor-widget-image\" data-id=\"c6c9ef4\" data-element_type=\"widget\" data-widget_type=\"image.default\">\n\t\t\t\t<div class=\"elementor-widget-container\">\n\t\t\t\t\t\t\t\t\t\t\t\t\t\t\t<img loading=\"lazy\" decoding=\"async\" width=\"1024\" height=\"1024\" src=\"https:\/\/netkosistem.com\/wp-content\/uploads\/2024\/01\/4-8.png\" class=\"elementor-animation-grow attachment-large size-large wp-image-890\" alt=\"\" srcset=\"https:\/\/netkosistem.com\/wp-content\/uploads\/2024\/01\/4-8.png 1024w, https:\/\/netkosistem.com\/wp-content\/uploads\/2024\/01\/4-8-300x300.png 300w, https:\/\/netkosistem.com\/wp-content\/uploads\/2024\/01\/4-8-150x150.png 150w, https:\/\/netkosistem.com\/wp-content\/uploads\/2024\/01\/4-8-768x768.png 768w, https:\/\/netkosistem.com\/wp-content\/uploads\/2024\/01\/4-8-12x12.png 12w, https:\/\/netkosistem.com\/wp-content\/uploads\/2024\/01\/4-8-500x500.png 500w\" sizes=\"(max-width: 1024px) 100vw, 1024px\" \/>\t\t\t\t\t\t\t\t\t\t\t\t\t\t\t<\/div>\n\t\t\t\t<\/div>\n\t\t\t\t<\/div>\n\t\t\t\t\t<\/div>\n\t\t\t\t<\/div>\n\t\t<div class=\"elementor-element elementor-element-702b745 e-flex e-con-boxed e-con e-parent\" data-id=\"702b745\" data-element_type=\"container\" data-settings=\"{&quot;jet_parallax_layout_list&quot;:[],&quot;content_width&quot;:&quot;boxed&quot;}\" data-core-v316-plus=\"true\">\n\t\t\t\t\t<div class=\"e-con-inner\">\n\t\t\t\t<div class=\"elementor-element elementor-element-030fc6d elementor-align-center elementor-mobile-align-center elementor-widget elementor-widget-raven-button\" data-id=\"030fc6d\" data-element_type=\"widget\" data-settings=\"{&quot;turn_to_popup_action_button&quot;:&quot;no&quot;}\" data-widget_type=\"raven-button.default\">\n\t\t\t\t<div class=\"elementor-widget-container\">\n\t\t\t\t\t<div class=\"raven-widget-wrapper\">\n\t\t\t<a class=\"raven-button raven-button-widget-normal-effect-shine raven-button-text-align-center raven-button-link elementor-animation-grow\" href=\"https:\/\/netkosistem.com\/index.php\/contact\/\">\t\t\t\t<div class=\"raven-button-overlay\" ><\/div>\n\t\t\t\t<span class=\"raven-button-content\">\n\t\t\t\t\t\n\t\t\t\t\t<div class=\"button-text-container\">\n\t\t\t\t\t\t\t\t\t\t\t\t<div class=\"raven-button-texts-wrapper\">\n\t\t\t\t\t\t\t<div class=\"button-text\">\n\t\t\t\t\t\t\t\t<span class=\"raven-button-text\">\n\t\t\t\t\t\t\t\t\tTeklif Al\t\t\t\t\t\t\t\t<\/span>\n\t\t\t\t\t\t\t<\/div>\n\t\t\t\t\t\t\t\t\t\t\t\t\t<\/div>\n\t\t\t\t\t\t\t\t\t\t\t<\/div>\n\t\t\t\t\t\n\t\t\t\t\t\t\t\t\t<\/span>\n\t\t\t<\/a>\t\t<\/div>\n\t\t\t\t<\/div>\n\t\t\t\t<\/div>\n\t\t\t\t\t<\/div>\n\t\t\t\t<\/div>\n\t\t\t\t\t\t\t<\/div>","protected":false},"excerpt":{"rendered":"<p>Sanal Sunucu \u00c7\u00f6z\u00fcmleri Netko Sistem: Sanal Sunucu \u00c7\u00f6z\u00fcmlerinde \u00c7a\u011fda\u015f \u0130novasyon ve Esneklik Netko Sistem Teknoloji ve Bilgi \u0130\u015flem Hizmetleri San. Tic. Ltd. \u015eti., g\u00fcn\u00fcm\u00fcz\u00fcn h\u0131zla de\u011fi\u015fen teknoloji d\u00fcnyas\u0131nda sanal sunucu \u00e7\u00f6z\u00fcmleriyle \u00f6ne \u00e7\u0131kmaktad\u0131r. Bu \u00e7\u00f6z\u00fcmler, i\u015fletmelerin artan veri i\u015fleme ve depolama ihtiya\u00e7lar\u0131na yan\u0131t verirken, maliyet verimlili\u011fi ve operasyonel esneklik sunmaktad\u0131r. Sanal sunucular, fiziksel sunucu kaynaklar\u0131n\u0131 [&hellip;]<\/p>","protected":false},"author":1,"featured_media":0,"parent":0,"menu_order":0,"comment_status":"closed","ping_status":"closed","template":"elementor_header_footer","meta":{"footnotes":""},"class_list":["post-882","page","type-page","status-publish","hentry"],"acf":[],"yoast_head":"<!-- This site is optimized with the Yoast SEO Premium plugin v21.8 (Yoast SEO v21.8) - https:\/\/yoast.com\/wordpress\/plugins\/seo\/ -->\n<title>Sanal Sunucu \u00c7\u00f6z\u00fcmleri - Netko Sistem Teknoloji - Alanya Zay\u0131f Ak\u0131m Sistemleri<\/title>\n<meta name=\"robots\" content=\"index, follow, max-snippet:-1, max-image-preview:large, max-video-preview:-1\" \/>\n<link rel=\"canonical\" href=\"https:\/\/netkosistem.com\/en\/sanal-sunucu-cozumleri\/\" \/>\n<meta property=\"og:locale\" content=\"en_US\" \/>\n<meta property=\"og:type\" content=\"article\" \/>\n<meta property=\"og:title\" content=\"Sanal Sunucu \u00c7\u00f6z\u00fcmleri - Netko Sistem Teknoloji - Alanya Zay\u0131f Ak\u0131m Sistemleri\" \/>\n<meta property=\"og:description\" content=\"Sanal Sunucu \u00c7\u00f6z\u00fcmleri Netko Sistem: Sanal Sunucu \u00c7\u00f6z\u00fcmlerinde \u00c7a\u011fda\u015f \u0130novasyon ve Esneklik Netko Sistem Teknoloji ve Bilgi \u0130\u015flem Hizmetleri San. Tic. Ltd. \u015eti., g\u00fcn\u00fcm\u00fcz\u00fcn h\u0131zla de\u011fi\u015fen teknoloji d\u00fcnyas\u0131nda sanal sunucu \u00e7\u00f6z\u00fcmleriyle \u00f6ne \u00e7\u0131kmaktad\u0131r. Bu \u00e7\u00f6z\u00fcmler, i\u015fletmelerin artan veri i\u015fleme ve depolama ihtiya\u00e7lar\u0131na yan\u0131t verirken, maliyet verimlili\u011fi ve operasyonel esneklik sunmaktad\u0131r. Sanal sunucular, fiziksel sunucu kaynaklar\u0131n\u0131 [&hellip;]\" \/>\n<meta property=\"og:url\" content=\"https:\/\/netkosistem.com\/en\/sanal-sunucu-cozumleri\/\" \/>\n<meta property=\"og:site_name\" content=\"Netko Sistem Teknoloji - Alanya Zay\u0131f Ak\u0131m Sistemleri\" \/>\n<meta property=\"article:publisher\" content=\"https:\/\/www.facebook.com\/netkosistem\" \/>\n<meta property=\"article:modified_time\" content=\"2024-01-14T20:32:21+00:00\" \/>\n<meta property=\"og:image\" content=\"https:\/\/netkosistem.com\/wp-content\/uploads\/2024\/01\/1-11.png\" \/>\n<meta name=\"twitter:card\" content=\"summary_large_image\" \/>\n<script type=\"application\/ld+json\" class=\"yoast-schema-graph\">{\"@context\":\"https:\/\/schema.org\",\"@graph\":[{\"@type\":\"WebPage\",\"@id\":\"https:\/\/netkosistem.com\/sanal-sunucu-cozumleri\/\",\"url\":\"https:\/\/netkosistem.com\/sanal-sunucu-cozumleri\/\",\"name\":\"Sanal Sunucu \u00c7\u00f6z\u00fcmleri - Netko Sistem Teknoloji - Alanya Zay\u0131f Ak\u0131m Sistemleri\",\"isPartOf\":{\"@id\":\"https:\/\/netkosistem.com\/#website\"},\"datePublished\":\"2024-01-14T20:28:32+00:00\",\"dateModified\":\"2024-01-14T20:32:21+00:00\",\"inLanguage\":\"en-US\",\"potentialAction\":[{\"@type\":\"ReadAction\",\"target\":[\"https:\/\/netkosistem.com\/sanal-sunucu-cozumleri\/\"]}]},{\"@type\":\"WebSite\",\"@id\":\"https:\/\/netkosistem.com\/#website\",\"url\":\"https:\/\/netkosistem.com\/\",\"name\":\"Netko Sistem Teknoloji\",\"description\":\"Netko Sistem Teknoloji - Alanya Zay\u0131f Ak\u0131m Sistemleri\",\"publisher\":{\"@id\":\"https:\/\/netkosistem.com\/#organization\"},\"potentialAction\":[{\"@type\":\"SearchAction\",\"target\":{\"@type\":\"EntryPoint\",\"urlTemplate\":\"https:\/\/netkosistem.com\/?s={search_term_string}\"},\"query-input\":\"required name=search_term_string\"}],\"inLanguage\":\"en-US\"},{\"@type\":\"Organization\",\"@id\":\"https:\/\/netkosistem.com\/#organization\",\"name\":\"Netko Sistem Teknoloji\",\"url\":\"https:\/\/netkosistem.com\/\",\"logo\":{\"@type\":\"ImageObject\",\"inLanguage\":\"en-US\",\"@id\":\"https:\/\/netkosistem.com\/#\/schema\/logo\/image\/\",\"url\":\"https:\/\/netkosistem.com\/wp-content\/uploads\/2024\/01\/Adsiz-tasarim.png\",\"contentUrl\":\"https:\/\/netkosistem.com\/wp-content\/uploads\/2024\/01\/Adsiz-tasarim.png\",\"width\":1024,\"height\":1024,\"caption\":\"Netko Sistem Teknoloji\"},\"image\":{\"@id\":\"https:\/\/netkosistem.com\/#\/schema\/logo\/image\/\"},\"sameAs\":[\"https:\/\/www.facebook.com\/netkosistem\",\"https:\/\/www.instagram.com\/netkosistem\/\"]}]}<\/script>\n<!-- \/ Yoast SEO Premium plugin. -->","yoast_head_json":{"title":"Sanal Sunucu \u00c7\u00f6z\u00fcmleri - Netko Sistem Teknoloji - Alanya Zay\u0131f Ak\u0131m Sistemleri","robots":{"index":"index","follow":"follow","max-snippet":"max-snippet:-1","max-image-preview":"max-image-preview:large","max-video-preview":"max-video-preview:-1"},"canonical":"https:\/\/netkosistem.com\/en\/sanal-sunucu-cozumleri\/","og_locale":"en_US","og_type":"article","og_title":"Sanal Sunucu \u00c7\u00f6z\u00fcmleri - Netko Sistem Teknoloji - Alanya Zay\u0131f Ak\u0131m Sistemleri","og_description":"Sanal Sunucu \u00c7\u00f6z\u00fcmleri Netko Sistem: Sanal Sunucu \u00c7\u00f6z\u00fcmlerinde \u00c7a\u011fda\u015f \u0130novasyon ve Esneklik Netko Sistem Teknoloji ve Bilgi \u0130\u015flem Hizmetleri San. Tic. Ltd. \u015eti., g\u00fcn\u00fcm\u00fcz\u00fcn h\u0131zla de\u011fi\u015fen teknoloji d\u00fcnyas\u0131nda sanal sunucu \u00e7\u00f6z\u00fcmleriyle \u00f6ne \u00e7\u0131kmaktad\u0131r. Bu \u00e7\u00f6z\u00fcmler, i\u015fletmelerin artan veri i\u015fleme ve depolama ihtiya\u00e7lar\u0131na yan\u0131t verirken, maliyet verimlili\u011fi ve operasyonel esneklik sunmaktad\u0131r. Sanal sunucular, fiziksel sunucu kaynaklar\u0131n\u0131 [&hellip;]","og_url":"https:\/\/netkosistem.com\/en\/sanal-sunucu-cozumleri\/","og_site_name":"Netko Sistem Teknoloji - Alanya Zay\u0131f Ak\u0131m Sistemleri","article_publisher":"https:\/\/www.facebook.com\/netkosistem","article_modified_time":"2024-01-14T20:32:21+00:00","og_image":[{"url":"https:\/\/netkosistem.com\/wp-content\/uploads\/2024\/01\/1-11.png"}],"twitter_card":"summary_large_image","schema":{"@context":"https:\/\/schema.org","@graph":[{"@type":"WebPage","@id":"https:\/\/netkosistem.com\/sanal-sunucu-cozumleri\/","url":"https:\/\/netkosistem.com\/sanal-sunucu-cozumleri\/","name":"Sanal Sunucu \u00c7\u00f6z\u00fcmleri - Netko Sistem Teknoloji - Alanya Zay\u0131f Ak\u0131m Sistemleri","isPartOf":{"@id":"https:\/\/netkosistem.com\/#website"},"datePublished":"2024-01-14T20:28:32+00:00","dateModified":"2024-01-14T20:32:21+00:00","inLanguage":"en-US","potentialAction":[{"@type":"ReadAction","target":["https:\/\/netkosistem.com\/sanal-sunucu-cozumleri\/"]}]},{"@type":"WebSite","@id":"https:\/\/netkosistem.com\/#website","url":"https:\/\/netkosistem.com\/","name":"Netko Sistem Teknoloji","description":"Netko Sistem Teknoloji - Alanya Zay\u0131f Ak\u0131m Sistemleri","publisher":{"@id":"https:\/\/netkosistem.com\/#organization"},"potentialAction":[{"@type":"SearchAction","target":{"@type":"EntryPoint","urlTemplate":"https:\/\/netkosistem.com\/?s={search_term_string}"},"query-input":"required name=search_term_string"}],"inLanguage":"en-US"},{"@type":"Organization","@id":"https:\/\/netkosistem.com\/#organization","name":"Netko Sistem Teknoloji","url":"https:\/\/netkosistem.com\/","logo":{"@type":"ImageObject","inLanguage":"en-US","@id":"https:\/\/netkosistem.com\/#\/schema\/logo\/image\/","url":"https:\/\/netkosistem.com\/wp-content\/uploads\/2024\/01\/Adsiz-tasarim.png","contentUrl":"https:\/\/netkosistem.com\/wp-content\/uploads\/2024\/01\/Adsiz-tasarim.png","width":1024,"height":1024,"caption":"Netko Sistem Teknoloji"},"image":{"@id":"https:\/\/netkosistem.com\/#\/schema\/logo\/image\/"},"sameAs":["https:\/\/www.facebook.com\/netkosistem","https:\/\/www.instagram.com\/netkosistem\/"]}]}},"_links":{"self":[{"href":"https:\/\/netkosistem.com\/en\/wp-json\/wp\/v2\/pages\/882","targetHints":{"allow":["GET"]}}],"collection":[{"href":"https:\/\/netkosistem.com\/en\/wp-json\/wp\/v2\/pages"}],"about":[{"href":"https:\/\/netkosistem.com\/en\/wp-json\/wp\/v2\/types\/page"}],"author":[{"embeddable":true,"href":"https:\/\/netkosistem.com\/en\/wp-json\/wp\/v2\/users\/1"}],"replies":[{"embeddable":true,"href":"https:\/\/netkosistem.com\/en\/wp-json\/wp\/v2\/comments?post=882"}],"version-history":[{"count":4,"href":"https:\/\/netkosistem.com\/en\/wp-json\/wp\/v2\/pages\/882\/revisions"}],"predecessor-version":[{"id":893,"href":"https:\/\/netkosistem.com\/en\/wp-json\/wp\/v2\/pages\/882\/revisions\/893"}],"wp:attachment":[{"href":"https:\/\/netkosistem.com\/en\/wp-json\/wp\/v2\/media?parent=882"}],"curies":[{"name":"wp","href":"https:\/\/api.w.org\/{rel}","templated":true}]}}