{"id":849,"date":"2024-01-14T23:11:57","date_gmt":"2024-01-14T20:11:57","guid":{"rendered":"https:\/\/netkosistem.com\/?page_id=849"},"modified":"2024-01-17T01:05:24","modified_gmt":"2024-01-16T22:05:24","slug":"bilgi-islem-hizmetleri","status":"publish","type":"page","link":"https:\/\/netkosistem.com\/en\/bilgi-islem-hizmetleri\/","title":{"rendered":"Bilgi \u0130\u015flem Hizmetleri"},"content":{"rendered":"<div data-elementor-type=\"wp-page\" data-elementor-id=\"849\" class=\"elementor elementor-849\" data-elementor-post-type=\"page\">\n\t\t\t\t\t\t\t<div class=\"elementor-element elementor-element-573f982 e-flex e-con-boxed e-con e-parent\" data-id=\"573f982\" data-element_type=\"container\" data-settings=\"{&quot;jet_parallax_layout_list&quot;:[],&quot;content_width&quot;:&quot;boxed&quot;}\" data-core-v316-plus=\"true\">\n\t\t\t\t\t<div class=\"e-con-inner\">\n\t\t<div class=\"elementor-element elementor-element-95c4ad4 e-con-full e-flex e-con e-child\" data-id=\"95c4ad4\" data-element_type=\"container\" data-settings=\"{&quot;content_width&quot;:&quot;full&quot;,&quot;jet_parallax_layout_list&quot;:[]}\">\n\t\t\t\t<div class=\"elementor-element elementor-element-55439f9 elementor-widget elementor-widget-image\" data-id=\"55439f9\" data-element_type=\"widget\" data-widget_type=\"image.default\">\n\t\t\t\t<div class=\"elementor-widget-container\">\n\t\t\t<style>\/*! elementor - v3.18.0 - 04-12-2023 *\/\n.elementor-widget-image{text-align:center}.elementor-widget-image a{display:inline-block}.elementor-widget-image a img[src$=\".svg\"]{width:48px}.elementor-widget-image img{vertical-align:middle;display:inline-block}<\/style>\t\t\t\t\t\t\t\t\t\t\t\t\t<a href=\"https:\/\/netkosistem.com\/index.php\/fiziki-sunucu-cozumleri\/\">\n\t\t\t\t\t\t\t<img fetchpriority=\"high\" decoding=\"async\" width=\"1024\" height=\"1024\" src=\"https:\/\/netkosistem.com\/wp-content\/uploads\/2024\/01\/1-9.png\" class=\"elementor-animation-grow attachment-large size-large wp-image-855\" alt=\"\" srcset=\"https:\/\/netkosistem.com\/wp-content\/uploads\/2024\/01\/1-9.png 1024w, https:\/\/netkosistem.com\/wp-content\/uploads\/2024\/01\/1-9-300x300.png 300w, https:\/\/netkosistem.com\/wp-content\/uploads\/2024\/01\/1-9-150x150.png 150w, https:\/\/netkosistem.com\/wp-content\/uploads\/2024\/01\/1-9-768x768.png 768w, https:\/\/netkosistem.com\/wp-content\/uploads\/2024\/01\/1-9-12x12.png 12w, https:\/\/netkosistem.com\/wp-content\/uploads\/2024\/01\/1-9-500x500.png 500w\" sizes=\"(max-width: 1024px) 100vw, 1024px\" \/>\t\t\t\t\t\t\t\t<\/a>\n\t\t\t\t\t\t\t\t\t\t\t\t\t\t\t<\/div>\n\t\t\t\t<\/div>\n\t\t\t\t<div class=\"elementor-element elementor-element-86beb36 elementor-widget elementor-widget-heading\" data-id=\"86beb36\" data-element_type=\"widget\" data-widget_type=\"heading.default\">\n\t\t\t\t<div class=\"elementor-widget-container\">\n\t\t\t<style>\/*! elementor - v3.18.0 - 04-12-2023 *\/\n.elementor-heading-title{padding:0;margin:0;line-height:1}.elementor-widget-heading .elementor-heading-title[class*=elementor-size-]>a{color:inherit;font-size:inherit;line-height:inherit}.elementor-widget-heading .elementor-heading-title.elementor-size-small{font-size:15px}.elementor-widget-heading .elementor-heading-title.elementor-size-medium{font-size:19px}.elementor-widget-heading .elementor-heading-title.elementor-size-large{font-size:29px}.elementor-widget-heading .elementor-heading-title.elementor-size-xl{font-size:39px}.elementor-widget-heading .elementor-heading-title.elementor-size-xxl{font-size:59px}<\/style><h2 class=\"elementor-heading-title elementor-size-default\"><a href=\"https:\/\/netkosistem.com\/index.php\/fiziki-sunucu-cozumleri\/\">Fiziki Sunucu \u00c7\u00f6z\u00fcmleri<\/a><\/h2>\t\t<\/div>\n\t\t\t\t<\/div>\n\t\t\t\t<\/div>\n\t\t<div class=\"elementor-element elementor-element-3927fd5 e-con-full e-flex e-con e-child\" data-id=\"3927fd5\" data-element_type=\"container\" data-settings=\"{&quot;content_width&quot;:&quot;full&quot;,&quot;jet_parallax_layout_list&quot;:[]}\">\n\t\t\t\t<div class=\"elementor-element elementor-element-66786a1 elementor-widget elementor-widget-image\" data-id=\"66786a1\" data-element_type=\"widget\" data-widget_type=\"image.default\">\n\t\t\t\t<div class=\"elementor-widget-container\">\n\t\t\t\t\t\t\t\t\t\t\t\t\t\t\t\t<a href=\"https:\/\/netkosistem.com\/index.php\/sanal-sunucu-cozumleri\/\">\n\t\t\t\t\t\t\t<img decoding=\"async\" width=\"1024\" height=\"1024\" src=\"https:\/\/netkosistem.com\/wp-content\/uploads\/2024\/01\/2-9.png\" class=\"elementor-animation-grow attachment-large size-large wp-image-856\" alt=\"\" srcset=\"https:\/\/netkosistem.com\/wp-content\/uploads\/2024\/01\/2-9.png 1024w, https:\/\/netkosistem.com\/wp-content\/uploads\/2024\/01\/2-9-300x300.png 300w, https:\/\/netkosistem.com\/wp-content\/uploads\/2024\/01\/2-9-150x150.png 150w, https:\/\/netkosistem.com\/wp-content\/uploads\/2024\/01\/2-9-768x768.png 768w, https:\/\/netkosistem.com\/wp-content\/uploads\/2024\/01\/2-9-12x12.png 12w, https:\/\/netkosistem.com\/wp-content\/uploads\/2024\/01\/2-9-500x500.png 500w\" sizes=\"(max-width: 1024px) 100vw, 1024px\" \/>\t\t\t\t\t\t\t\t<\/a>\n\t\t\t\t\t\t\t\t\t\t\t\t\t\t\t<\/div>\n\t\t\t\t<\/div>\n\t\t\t\t<div class=\"elementor-element elementor-element-9c42ac3 elementor-widget elementor-widget-heading\" data-id=\"9c42ac3\" data-element_type=\"widget\" data-widget_type=\"heading.default\">\n\t\t\t\t<div class=\"elementor-widget-container\">\n\t\t\t<h2 class=\"elementor-heading-title elementor-size-default\"><a href=\"https:\/\/netkosistem.com\/index.php\/sanal-sunucu-cozumleri\/\">Sanal Sunucu \u00c7\u00f6z\u00fcmleri<\/a><\/h2>\t\t<\/div>\n\t\t\t\t<\/div>\n\t\t\t\t<\/div>\n\t\t<div class=\"elementor-element elementor-element-2cfe7bb e-con-full e-flex e-con e-child\" data-id=\"2cfe7bb\" data-element_type=\"container\" data-settings=\"{&quot;content_width&quot;:&quot;full&quot;,&quot;jet_parallax_layout_list&quot;:[]}\">\n\t\t\t\t<div class=\"elementor-element elementor-element-9773099 elementor-widget elementor-widget-image\" data-id=\"9773099\" data-element_type=\"widget\" data-widget_type=\"image.default\">\n\t\t\t\t<div class=\"elementor-widget-container\">\n\t\t\t\t\t\t\t\t\t\t\t\t\t\t\t\t<a href=\"https:\/\/netkosistem.com\/index.php\/isletim-sistemi-cozumleri\/\">\n\t\t\t\t\t\t\t<img decoding=\"async\" width=\"1024\" height=\"1024\" src=\"https:\/\/netkosistem.com\/wp-content\/uploads\/2024\/01\/3-7.png\" class=\"elementor-animation-grow attachment-large size-large wp-image-857\" alt=\"\" srcset=\"https:\/\/netkosistem.com\/wp-content\/uploads\/2024\/01\/3-7.png 1024w, https:\/\/netkosistem.com\/wp-content\/uploads\/2024\/01\/3-7-300x300.png 300w, https:\/\/netkosistem.com\/wp-content\/uploads\/2024\/01\/3-7-150x150.png 150w, https:\/\/netkosistem.com\/wp-content\/uploads\/2024\/01\/3-7-768x768.png 768w, https:\/\/netkosistem.com\/wp-content\/uploads\/2024\/01\/3-7-12x12.png 12w, https:\/\/netkosistem.com\/wp-content\/uploads\/2024\/01\/3-7-500x500.png 500w\" sizes=\"(max-width: 1024px) 100vw, 1024px\" \/>\t\t\t\t\t\t\t\t<\/a>\n\t\t\t\t\t\t\t\t\t\t\t\t\t\t\t<\/div>\n\t\t\t\t<\/div>\n\t\t\t\t<div class=\"elementor-element elementor-element-5ff9bb0 elementor-widget elementor-widget-heading\" data-id=\"5ff9bb0\" data-element_type=\"widget\" data-widget_type=\"heading.default\">\n\t\t\t\t<div class=\"elementor-widget-container\">\n\t\t\t<h2 class=\"elementor-heading-title elementor-size-default\"><a href=\"https:\/\/netkosistem.com\/index.php\/isletim-sistemi-cozumleri\/\">\u0130\u015fletim Sistemi \u00c7\u00f6z\u00fcmleri<\/a><\/h2>\t\t<\/div>\n\t\t\t\t<\/div>\n\t\t\t\t<\/div>\n\t\t\t\t\t<\/div>\n\t\t\t\t<\/div>\n\t\t<div class=\"elementor-element elementor-element-d1cd49f e-flex e-con-boxed e-con e-parent\" data-id=\"d1cd49f\" data-element_type=\"container\" data-settings=\"{&quot;jet_parallax_layout_list&quot;:[],&quot;content_width&quot;:&quot;boxed&quot;}\" data-core-v316-plus=\"true\">\n\t\t\t\t\t<div class=\"e-con-inner\">\n\t\t<div class=\"elementor-element elementor-element-9925ff5 e-con-full e-flex e-con e-child\" data-id=\"9925ff5\" data-element_type=\"container\" data-settings=\"{&quot;content_width&quot;:&quot;full&quot;,&quot;jet_parallax_layout_list&quot;:[]}\">\n\t\t\t\t<div class=\"elementor-element elementor-element-c6db6cd elementor-widget elementor-widget-image\" data-id=\"c6db6cd\" data-element_type=\"widget\" data-widget_type=\"image.default\">\n\t\t\t\t<div class=\"elementor-widget-container\">\n\t\t\t\t\t\t\t\t\t\t\t\t\t\t\t\t<a href=\"https:\/\/netkosistem.com\/index.php\/pc-bilesenleri-ve-cozumleri\/\">\n\t\t\t\t\t\t\t<img loading=\"lazy\" decoding=\"async\" width=\"1024\" height=\"1024\" src=\"https:\/\/netkosistem.com\/wp-content\/uploads\/2024\/01\/4-6.png\" class=\"elementor-animation-grow attachment-large size-large wp-image-858\" alt=\"\" srcset=\"https:\/\/netkosistem.com\/wp-content\/uploads\/2024\/01\/4-6.png 1024w, https:\/\/netkosistem.com\/wp-content\/uploads\/2024\/01\/4-6-300x300.png 300w, https:\/\/netkosistem.com\/wp-content\/uploads\/2024\/01\/4-6-150x150.png 150w, https:\/\/netkosistem.com\/wp-content\/uploads\/2024\/01\/4-6-768x768.png 768w, https:\/\/netkosistem.com\/wp-content\/uploads\/2024\/01\/4-6-12x12.png 12w, https:\/\/netkosistem.com\/wp-content\/uploads\/2024\/01\/4-6-500x500.png 500w\" sizes=\"(max-width: 1024px) 100vw, 1024px\" \/>\t\t\t\t\t\t\t\t<\/a>\n\t\t\t\t\t\t\t\t\t\t\t\t\t\t\t<\/div>\n\t\t\t\t<\/div>\n\t\t\t\t<div class=\"elementor-element elementor-element-e165f3f elementor-widget elementor-widget-heading\" data-id=\"e165f3f\" data-element_type=\"widget\" data-widget_type=\"heading.default\">\n\t\t\t\t<div class=\"elementor-widget-container\">\n\t\t\t<h2 class=\"elementor-heading-title elementor-size-default\"><a href=\"https:\/\/netkosistem.com\/index.php\/pc-bilesenleri-ve-cozumleri\/\">PC Bile\u015fenleri ve \u00c7\u00f6z\u00fcmleri<\/a><\/h2>\t\t<\/div>\n\t\t\t\t<\/div>\n\t\t\t\t<\/div>\n\t\t<div class=\"elementor-element elementor-element-a5adf52 e-con-full e-flex e-con e-child\" data-id=\"a5adf52\" data-element_type=\"container\" data-settings=\"{&quot;content_width&quot;:&quot;full&quot;,&quot;jet_parallax_layout_list&quot;:[]}\">\n\t\t\t\t<div class=\"elementor-element elementor-element-c665421 elementor-widget elementor-widget-image\" data-id=\"c665421\" data-element_type=\"widget\" data-widget_type=\"image.default\">\n\t\t\t\t<div class=\"elementor-widget-container\">\n\t\t\t\t\t\t\t\t\t\t\t\t\t\t\t\t<a href=\"https:\/\/netkosistem.com\/index.php\/microsoft-office-yazilimlari\/\">\n\t\t\t\t\t\t\t<img loading=\"lazy\" decoding=\"async\" width=\"1024\" height=\"1024\" src=\"https:\/\/netkosistem.com\/wp-content\/uploads\/2024\/01\/5.png\" class=\"elementor-animation-grow attachment-large size-large wp-image-859\" alt=\"\" srcset=\"https:\/\/netkosistem.com\/wp-content\/uploads\/2024\/01\/5.png 1024w, https:\/\/netkosistem.com\/wp-content\/uploads\/2024\/01\/5-300x300.png 300w, https:\/\/netkosistem.com\/wp-content\/uploads\/2024\/01\/5-150x150.png 150w, https:\/\/netkosistem.com\/wp-content\/uploads\/2024\/01\/5-768x768.png 768w, https:\/\/netkosistem.com\/wp-content\/uploads\/2024\/01\/5-12x12.png 12w, https:\/\/netkosistem.com\/wp-content\/uploads\/2024\/01\/5-500x500.png 500w\" sizes=\"(max-width: 1024px) 100vw, 1024px\" \/>\t\t\t\t\t\t\t\t<\/a>\n\t\t\t\t\t\t\t\t\t\t\t\t\t\t\t<\/div>\n\t\t\t\t<\/div>\n\t\t\t\t<div class=\"elementor-element elementor-element-99c4578 elementor-widget elementor-widget-heading\" data-id=\"99c4578\" data-element_type=\"widget\" data-widget_type=\"heading.default\">\n\t\t\t\t<div class=\"elementor-widget-container\">\n\t\t\t<h2 class=\"elementor-heading-title elementor-size-default\"><a href=\"https:\/\/netkosistem.com\/index.php\/microsoft-office-yazilimlari\/\">Microsoft Office Yaz\u0131l\u0131mlar\u0131<\/a><\/h2>\t\t<\/div>\n\t\t\t\t<\/div>\n\t\t\t\t<\/div>\n\t\t\t\t\t<\/div>\n\t\t\t\t<\/div>\n\t\t\t\t\t\t\t<\/div>","protected":false},"excerpt":{"rendered":"<p>Fiziki Sunucu \u00c7\u00f6z\u00fcmleri Sanal Sunucu \u00c7\u00f6z\u00fcmleri \u0130\u015fletim Sistemi \u00c7\u00f6z\u00fcmleri PC Bile\u015fenleri ve \u00c7\u00f6z\u00fcmleri Microsoft Office Yaz\u0131l\u0131mlar\u0131<\/p>","protected":false},"author":1,"featured_media":0,"parent":0,"menu_order":0,"comment_status":"closed","ping_status":"closed","template":"elementor_header_footer","meta":{"footnotes":""},"class_list":["post-849","page","type-page","status-publish","hentry"],"acf":[],"yoast_head":"<!-- This site is optimized with the Yoast SEO Premium plugin v21.8 (Yoast SEO v21.8) - https:\/\/yoast.com\/wordpress\/plugins\/seo\/ -->\n<title>Bilgi \u0130\u015flem Hizmetleri - Netko Sistem Teknoloji - Alanya Zay\u0131f Ak\u0131m Sistemleri<\/title>\n<meta name=\"robots\" content=\"index, follow, max-snippet:-1, max-image-preview:large, max-video-preview:-1\" \/>\n<link rel=\"canonical\" href=\"https:\/\/netkosistem.com\/en\/bilgi-islem-hizmetleri\/\" \/>\n<meta property=\"og:locale\" content=\"en_US\" \/>\n<meta property=\"og:type\" content=\"article\" \/>\n<meta property=\"og:title\" content=\"Bilgi \u0130\u015flem Hizmetleri - Netko Sistem Teknoloji - Alanya Zay\u0131f Ak\u0131m Sistemleri\" \/>\n<meta property=\"og:description\" content=\"Fiziki Sunucu \u00c7\u00f6z\u00fcmleri Sanal Sunucu \u00c7\u00f6z\u00fcmleri \u0130\u015fletim Sistemi \u00c7\u00f6z\u00fcmleri PC Bile\u015fenleri ve \u00c7\u00f6z\u00fcmleri Microsoft Office Yaz\u0131l\u0131mlar\u0131\" \/>\n<meta property=\"og:url\" content=\"https:\/\/netkosistem.com\/en\/bilgi-islem-hizmetleri\/\" \/>\n<meta property=\"og:site_name\" content=\"Netko Sistem Teknoloji - Alanya Zay\u0131f Ak\u0131m Sistemleri\" \/>\n<meta property=\"article:publisher\" content=\"https:\/\/www.facebook.com\/netkosistem\" \/>\n<meta property=\"article:modified_time\" content=\"2024-01-16T22:05:24+00:00\" \/>\n<meta property=\"og:image\" content=\"https:\/\/netkosistem.com\/wp-content\/uploads\/2024\/01\/1-9.png\" \/>\n<meta name=\"twitter:card\" content=\"summary_large_image\" \/>\n<script type=\"application\/ld+json\" class=\"yoast-schema-graph\">{\"@context\":\"https:\/\/schema.org\",\"@graph\":[{\"@type\":\"WebPage\",\"@id\":\"https:\/\/netkosistem.com\/bilgi-islem-hizmetleri\/\",\"url\":\"https:\/\/netkosistem.com\/bilgi-islem-hizmetleri\/\",\"name\":\"Bilgi \u0130\u015flem Hizmetleri - Netko Sistem Teknoloji - Alanya Zay\u0131f Ak\u0131m Sistemleri\",\"isPartOf\":{\"@id\":\"https:\/\/netkosistem.com\/#website\"},\"datePublished\":\"2024-01-14T20:11:57+00:00\",\"dateModified\":\"2024-01-16T22:05:24+00:00\",\"inLanguage\":\"en-US\",\"potentialAction\":[{\"@type\":\"ReadAction\",\"target\":[\"https:\/\/netkosistem.com\/bilgi-islem-hizmetleri\/\"]}]},{\"@type\":\"WebSite\",\"@id\":\"https:\/\/netkosistem.com\/#website\",\"url\":\"https:\/\/netkosistem.com\/\",\"name\":\"Netko Sistem Teknoloji\",\"description\":\"Netko Sistem Teknoloji - Alanya Zay\u0131f Ak\u0131m Sistemleri\",\"publisher\":{\"@id\":\"https:\/\/netkosistem.com\/#organization\"},\"potentialAction\":[{\"@type\":\"SearchAction\",\"target\":{\"@type\":\"EntryPoint\",\"urlTemplate\":\"https:\/\/netkosistem.com\/?s={search_term_string}\"},\"query-input\":\"required name=search_term_string\"}],\"inLanguage\":\"en-US\"},{\"@type\":\"Organization\",\"@id\":\"https:\/\/netkosistem.com\/#organization\",\"name\":\"Netko Sistem Teknoloji\",\"url\":\"https:\/\/netkosistem.com\/\",\"logo\":{\"@type\":\"ImageObject\",\"inLanguage\":\"en-US\",\"@id\":\"https:\/\/netkosistem.com\/#\/schema\/logo\/image\/\",\"url\":\"https:\/\/netkosistem.com\/wp-content\/uploads\/2024\/01\/Adsiz-tasarim.png\",\"contentUrl\":\"https:\/\/netkosistem.com\/wp-content\/uploads\/2024\/01\/Adsiz-tasarim.png\",\"width\":1024,\"height\":1024,\"caption\":\"Netko Sistem Teknoloji\"},\"image\":{\"@id\":\"https:\/\/netkosistem.com\/#\/schema\/logo\/image\/\"},\"sameAs\":[\"https:\/\/www.facebook.com\/netkosistem\",\"https:\/\/www.instagram.com\/netkosistem\/\"]}]}<\/script>\n<!-- \/ Yoast SEO Premium plugin. -->","yoast_head_json":{"title":"Bilgi \u0130\u015flem Hizmetleri - Netko Sistem Teknoloji - Alanya Zay\u0131f Ak\u0131m Sistemleri","robots":{"index":"index","follow":"follow","max-snippet":"max-snippet:-1","max-image-preview":"max-image-preview:large","max-video-preview":"max-video-preview:-1"},"canonical":"https:\/\/netkosistem.com\/en\/bilgi-islem-hizmetleri\/","og_locale":"en_US","og_type":"article","og_title":"Bilgi \u0130\u015flem Hizmetleri - Netko Sistem Teknoloji - Alanya Zay\u0131f Ak\u0131m Sistemleri","og_description":"Fiziki Sunucu \u00c7\u00f6z\u00fcmleri Sanal Sunucu \u00c7\u00f6z\u00fcmleri \u0130\u015fletim Sistemi \u00c7\u00f6z\u00fcmleri PC Bile\u015fenleri ve \u00c7\u00f6z\u00fcmleri Microsoft Office Yaz\u0131l\u0131mlar\u0131","og_url":"https:\/\/netkosistem.com\/en\/bilgi-islem-hizmetleri\/","og_site_name":"Netko Sistem Teknoloji - Alanya Zay\u0131f Ak\u0131m Sistemleri","article_publisher":"https:\/\/www.facebook.com\/netkosistem","article_modified_time":"2024-01-16T22:05:24+00:00","og_image":[{"url":"https:\/\/netkosistem.com\/wp-content\/uploads\/2024\/01\/1-9.png"}],"twitter_card":"summary_large_image","schema":{"@context":"https:\/\/schema.org","@graph":[{"@type":"WebPage","@id":"https:\/\/netkosistem.com\/bilgi-islem-hizmetleri\/","url":"https:\/\/netkosistem.com\/bilgi-islem-hizmetleri\/","name":"Bilgi \u0130\u015flem Hizmetleri - Netko Sistem Teknoloji - Alanya Zay\u0131f Ak\u0131m Sistemleri","isPartOf":{"@id":"https:\/\/netkosistem.com\/#website"},"datePublished":"2024-01-14T20:11:57+00:00","dateModified":"2024-01-16T22:05:24+00:00","inLanguage":"en-US","potentialAction":[{"@type":"ReadAction","target":["https:\/\/netkosistem.com\/bilgi-islem-hizmetleri\/"]}]},{"@type":"WebSite","@id":"https:\/\/netkosistem.com\/#website","url":"https:\/\/netkosistem.com\/","name":"Netko Sistem Teknoloji","description":"Netko Sistem Teknoloji - Alanya Zay\u0131f Ak\u0131m Sistemleri","publisher":{"@id":"https:\/\/netkosistem.com\/#organization"},"potentialAction":[{"@type":"SearchAction","target":{"@type":"EntryPoint","urlTemplate":"https:\/\/netkosistem.com\/?s={search_term_string}"},"query-input":"required name=search_term_string"}],"inLanguage":"en-US"},{"@type":"Organization","@id":"https:\/\/netkosistem.com\/#organization","name":"Netko Sistem Teknoloji","url":"https:\/\/netkosistem.com\/","logo":{"@type":"ImageObject","inLanguage":"en-US","@id":"https:\/\/netkosistem.com\/#\/schema\/logo\/image\/","url":"https:\/\/netkosistem.com\/wp-content\/uploads\/2024\/01\/Adsiz-tasarim.png","contentUrl":"https:\/\/netkosistem.com\/wp-content\/uploads\/2024\/01\/Adsiz-tasarim.png","width":1024,"height":1024,"caption":"Netko Sistem Teknoloji"},"image":{"@id":"https:\/\/netkosistem.com\/#\/schema\/logo\/image\/"},"sameAs":["https:\/\/www.facebook.com\/netkosistem","https:\/\/www.instagram.com\/netkosistem\/"]}]}},"_links":{"self":[{"href":"https:\/\/netkosistem.com\/en\/wp-json\/wp\/v2\/pages\/849","targetHints":{"allow":["GET"]}}],"collection":[{"href":"https:\/\/netkosistem.com\/en\/wp-json\/wp\/v2\/pages"}],"about":[{"href":"https:\/\/netkosistem.com\/en\/wp-json\/wp\/v2\/types\/page"}],"author":[{"embeddable":true,"href":"https:\/\/netkosistem.com\/en\/wp-json\/wp\/v2\/users\/1"}],"replies":[{"embeddable":true,"href":"https:\/\/netkosistem.com\/en\/wp-json\/wp\/v2\/comments?post=849"}],"version-history":[{"count":22,"href":"https:\/\/netkosistem.com\/en\/wp-json\/wp\/v2\/pages\/849\/revisions"}],"predecessor-version":[{"id":1386,"href":"https:\/\/netkosistem.com\/en\/wp-json\/wp\/v2\/pages\/849\/revisions\/1386"}],"wp:attachment":[{"href":"https:\/\/netkosistem.com\/en\/wp-json\/wp\/v2\/media?parent=849"}],"curies":[{"name":"wp","href":"https:\/\/api.w.org\/{rel}","templated":true}]}}