{"id":56,"date":"2020-06-23T11:41:21","date_gmt":"2020-06-23T11:41:21","guid":{"rendered":"https:\/\/jupiterx.artbees.net\/accountant\/?page_id=56"},"modified":"2025-08-14T20:23:40","modified_gmt":"2025-08-14T17:23:40","slug":"about","status":"publish","type":"page","link":"https:\/\/netkosistem.com\/en\/about\/","title":{"rendered":"\u015eirket Profili"},"content":{"rendered":"<div data-elementor-type=\"wp-page\" data-elementor-id=\"56\" class=\"elementor elementor-56\" data-elementor-post-type=\"page\">\n\t\t\t\t\t\t\t\t\t<section class=\"elementor-section elementor-top-section elementor-element elementor-element-bdf22e8 elementor-section-boxed elementor-section-height-default elementor-section-height-default\" data-id=\"bdf22e8\" data-element_type=\"section\" data-settings=\"{&quot;jet_parallax_layout_list&quot;:[{&quot;jet_parallax_layout_image&quot;:{&quot;url&quot;:&quot;&quot;,&quot;id&quot;:&quot;&quot;,&quot;size&quot;:&quot;&quot;},&quot;_id&quot;:&quot;bd17729&quot;,&quot;jet_parallax_layout_image_tablet&quot;:{&quot;url&quot;:&quot;&quot;,&quot;id&quot;:&quot;&quot;,&quot;size&quot;:&quot;&quot;},&quot;jet_parallax_layout_image_mobile&quot;:{&quot;url&quot;:&quot;&quot;,&quot;id&quot;:&quot;&quot;,&quot;size&quot;:&quot;&quot;},&quot;jet_parallax_layout_speed&quot;:{&quot;unit&quot;:&quot;%&quot;,&quot;size&quot;:&quot;50&quot;,&quot;sizes&quot;:[]},&quot;jet_parallax_layout_bg_x&quot;:&quot;50&quot;,&quot;jet_parallax_layout_bg_y&quot;:&quot;50&quot;,&quot;jet_parallax_layout_type&quot;:&quot;scroll&quot;,&quot;jet_parallax_layout_direction&quot;:null,&quot;jet_parallax_layout_fx_direction&quot;:null,&quot;jet_parallax_layout_z_index&quot;:&quot;&quot;,&quot;jet_parallax_layout_bg_x_tablet&quot;:&quot;&quot;,&quot;jet_parallax_layout_bg_x_mobile&quot;:&quot;&quot;,&quot;jet_parallax_layout_bg_y_tablet&quot;:&quot;&quot;,&quot;jet_parallax_layout_bg_y_mobile&quot;:&quot;&quot;,&quot;jet_parallax_layout_bg_size&quot;:&quot;auto&quot;,&quot;jet_parallax_layout_bg_size_tablet&quot;:&quot;&quot;,&quot;jet_parallax_layout_bg_size_mobile&quot;:&quot;&quot;,&quot;jet_parallax_layout_animation_prop&quot;:&quot;transform&quot;,&quot;jet_parallax_layout_on&quot;:[&quot;desktop&quot;,&quot;tablet&quot;]}],&quot;background_background&quot;:&quot;classic&quot;}\">\n\t\t\t\t\t\t\t<div class=\"elementor-background-overlay\"><\/div>\n\t\t\t\t\t\t\t<div class=\"elementor-container elementor-column-gap-no\">\n\t\t\t\t\t<div class=\"elementor-column elementor-col-100 elementor-top-column elementor-element elementor-element-6147b0c\" data-id=\"6147b0c\" data-element_type=\"column\">\n\t\t\t<div class=\"elementor-widget-wrap elementor-element-populated\">\n\t\t\t\t\t\t\t\t<div class=\"elementor-element elementor-element-a836be5 elementor-widget elementor-widget-heading\" data-id=\"a836be5\" data-element_type=\"widget\" data-widget_type=\"heading.default\">\n\t\t\t\t<div class=\"elementor-widget-container\">\n\t\t\t<style>\/*! elementor - v3.18.0 - 04-12-2023 *\/\n.elementor-heading-title{padding:0;margin:0;line-height:1}.elementor-widget-heading .elementor-heading-title[class*=elementor-size-]>a{color:inherit;font-size:inherit;line-height:inherit}.elementor-widget-heading .elementor-heading-title.elementor-size-small{font-size:15px}.elementor-widget-heading .elementor-heading-title.elementor-size-medium{font-size:19px}.elementor-widget-heading .elementor-heading-title.elementor-size-large{font-size:29px}.elementor-widget-heading .elementor-heading-title.elementor-size-xl{font-size:39px}.elementor-widget-heading .elementor-heading-title.elementor-size-xxl{font-size:59px}<\/style><h1 class=\"elementor-heading-title elementor-size-default\">\u015eirket Profili<\/h1>\t\t<\/div>\n\t\t\t\t<\/div>\n\t\t\t\t\t<\/div>\n\t\t<\/div>\n\t\t\t\t\t\t\t<\/div>\n\t\t<\/section>\n\t\t<div class=\"elementor-element elementor-element-4151811 e-flex e-con-boxed e-con e-parent\" data-id=\"4151811\" data-element_type=\"container\" data-settings=\"{&quot;jet_parallax_layout_list&quot;:[],&quot;content_width&quot;:&quot;boxed&quot;}\" data-core-v316-plus=\"true\">\n\t\t\t\t\t<div class=\"e-con-inner\">\n\t\t\t\t<div class=\"elementor-element elementor-element-22f1962 elementor-widget elementor-widget-heading\" data-id=\"22f1962\" data-element_type=\"widget\" data-widget_type=\"heading.default\">\n\t\t\t\t<div class=\"elementor-widget-container\">\n\t\t\t<h2 class=\"elementor-heading-title elementor-size-default\">Hakk\u0131m\u0131zda<\/h2>\t\t<\/div>\n\t\t\t\t<\/div>\n\t\t\t\t\t<\/div>\n\t\t\t\t<\/div>\n\t\t<div class=\"elementor-element elementor-element-78f0d10 e-flex e-con-boxed e-con e-parent\" data-id=\"78f0d10\" data-element_type=\"container\" data-settings=\"{&quot;jet_parallax_layout_list&quot;:[],&quot;content_width&quot;:&quot;boxed&quot;}\" data-core-v316-plus=\"true\">\n\t\t\t\t\t<div class=\"e-con-inner\">\n\t\t<div class=\"elementor-element elementor-element-88759e1 e-con-full e-flex elementor-invisible e-con e-child\" data-id=\"88759e1\" data-element_type=\"container\" data-settings=\"{&quot;content_width&quot;:&quot;full&quot;,&quot;jet_parallax_layout_list&quot;:[],&quot;animation&quot;:&quot;fadeInLeft&quot;}\">\n\t\t\t\t<div class=\"elementor-element elementor-element-71a4ad0 elementor-widget elementor-widget-image\" data-id=\"71a4ad0\" data-element_type=\"widget\" data-widget_type=\"image.default\">\n\t\t\t\t<div class=\"elementor-widget-container\">\n\t\t\t<style>\/*! elementor - v3.18.0 - 04-12-2023 *\/\n.elementor-widget-image{text-align:center}.elementor-widget-image a{display:inline-block}.elementor-widget-image a img[src$=\".svg\"]{width:48px}.elementor-widget-image img{vertical-align:middle;display:inline-block}<\/style>\t\t\t\t\t\t\t\t\t\t\t\t<img fetchpriority=\"high\" decoding=\"async\" width=\"1024\" height=\"1024\" src=\"https:\/\/netkosistem.com\/wp-content\/uploads\/2024\/01\/Adsiz-tasarim.png\" class=\"elementor-animation-grow attachment-large size-large wp-image-1257\" alt=\"\" srcset=\"https:\/\/netkosistem.com\/wp-content\/uploads\/2024\/01\/Adsiz-tasarim.png 1024w, https:\/\/netkosistem.com\/wp-content\/uploads\/2024\/01\/Adsiz-tasarim-300x300.png 300w, https:\/\/netkosistem.com\/wp-content\/uploads\/2024\/01\/Adsiz-tasarim-150x150.png 150w, https:\/\/netkosistem.com\/wp-content\/uploads\/2024\/01\/Adsiz-tasarim-768x768.png 768w, https:\/\/netkosistem.com\/wp-content\/uploads\/2024\/01\/Adsiz-tasarim-12x12.png 12w, https:\/\/netkosistem.com\/wp-content\/uploads\/2024\/01\/Adsiz-tasarim-500x500.png 500w\" sizes=\"(max-width: 1024px) 100vw, 1024px\" \/>\t\t\t\t\t\t\t\t\t\t\t\t\t\t\t<\/div>\n\t\t\t\t<\/div>\n\t\t\t\t<\/div>\n\t\t<div class=\"elementor-element elementor-element-6fad052 e-con-full e-flex elementor-invisible e-con e-child\" data-id=\"6fad052\" data-element_type=\"container\" data-settings=\"{&quot;content_width&quot;:&quot;full&quot;,&quot;jet_parallax_layout_list&quot;:[],&quot;animation&quot;:&quot;fadeInRight&quot;}\">\n\t\t\t\t<div class=\"elementor-element elementor-element-7c4c4c9 elementor-widget elementor-widget-text-editor\" data-id=\"7c4c4c9\" data-element_type=\"widget\" data-widget_type=\"text-editor.default\">\n\t\t\t\t<div class=\"elementor-widget-container\">\n\t\t\t<style>\/*! elementor - v3.18.0 - 04-12-2023 *\/\n.elementor-widget-text-editor.elementor-drop-cap-view-stacked .elementor-drop-cap{background-color:#69727d;color:#fff}.elementor-widget-text-editor.elementor-drop-cap-view-framed .elementor-drop-cap{color:#69727d;border:3px solid;background-color:transparent}.elementor-widget-text-editor:not(.elementor-drop-cap-view-default) .elementor-drop-cap{margin-top:8px}.elementor-widget-text-editor:not(.elementor-drop-cap-view-default) .elementor-drop-cap-letter{width:1em;height:1em}.elementor-widget-text-editor .elementor-drop-cap{float:left;text-align:center;line-height:1;font-size:50px}.elementor-widget-text-editor .elementor-drop-cap-letter{display:inline-block}<\/style>\t\t\t\t<p>Netko Sistem Teknoloji ve Bilgi \u0130\u015flem Hizmetleri San. Tic. Ltd. \u015eti., \u00d6zer \u00d6KTEN\u2019in \u00f6nc\u00fcl\u00fc\u011f\u00fcnde, Alanya ba\u015flang\u0131\u00e7 noktam\u0131z olarak akdeniz ve ege b\u00f6lgesinde tamamlam\u0131\u015f oldugu projeleri ile dinamik teknoloji ve bili\u015fim sekt\u00f6r\u00fcnde yerini alm\u0131\u015ft\u0131r. Kuruldu\u011fu g\u00fcnden bu yana, yenilik\u00e7i teknoloji \u00e7\u00f6z\u00fcmleri ve m\u00fc\u015fteri odakl\u0131 hizmet anlay\u0131\u015f\u0131yla sekt\u00f6rde fark yaratmay\u0131 ama\u00e7lam\u0131\u015ft\u0131r. \u015eirketimiz, geni\u015f \u00fcr\u00fcn yelpazesi ve uzman kadrosuyla, bireysel ve kurumsal m\u00fc\u015fterilerin ihtiya\u00e7lar\u0131na y\u00f6nelik \u00e7\u00f6z\u00fcmler sunmaktad\u0131r. Biz, teknolojinin s\u00fcrekli de\u011fi\u015fen ve geli\u015fen yap\u0131s\u0131na ayak uydurarak, m\u00fc\u015fterilerimize en g\u00fcncel ve etkili \u00e7\u00f6z\u00fcmleri sa\u011flamak i\u00e7in \u00e7al\u0131\u015f\u0131yoruz.<\/p>\t\t\t\t\t\t<\/div>\n\t\t\t\t<\/div>\n\t\t\t\t<\/div>\n\t\t\t\t\t<\/div>\n\t\t\t\t<\/div>\n\t\t<div class=\"elementor-element elementor-element-bed573b e-flex e-con-boxed e-con e-parent\" data-id=\"bed573b\" data-element_type=\"container\" data-settings=\"{&quot;jet_parallax_layout_list&quot;:[],&quot;content_width&quot;:&quot;boxed&quot;}\" data-core-v316-plus=\"true\">\n\t\t\t\t\t<div class=\"e-con-inner\">\n\t\t<div class=\"elementor-element elementor-element-dd342de e-con-full e-flex elementor-invisible e-con e-child\" data-id=\"dd342de\" data-element_type=\"container\" data-settings=\"{&quot;content_width&quot;:&quot;full&quot;,&quot;jet_parallax_layout_list&quot;:[],&quot;animation&quot;:&quot;fadeInLeft&quot;}\">\n\t\t\t\t<div class=\"elementor-element elementor-element-050ce43 elementor-widget elementor-widget-heading\" data-id=\"050ce43\" data-element_type=\"widget\" data-widget_type=\"heading.default\">\n\t\t\t\t<div class=\"elementor-widget-container\">\n\t\t\t<h2 class=\"elementor-heading-title elementor-size-default\">Misyon<\/h2>\t\t<\/div>\n\t\t\t\t<\/div>\n\t\t\t\t<div class=\"elementor-element elementor-element-8aad2a5 elementor-widget elementor-widget-text-editor\" data-id=\"8aad2a5\" data-element_type=\"widget\" data-widget_type=\"text-editor.default\">\n\t\t\t\t<div class=\"elementor-widget-container\">\n\t\t\t\t\t\t\t<p>Netko Sistem olarak misyonumuz, teknolojiyi insanlar\u0131n ve i\u015fletmelerin hizmetine sunarak, ya\u015fam kalitelerini ve i\u015f verimliliklerini art\u0131rmakt\u0131r. M\u00fc\u015fterilerimizin ihtiya\u00e7lar\u0131na h\u0131zl\u0131 ve etkili \u00e7\u00f6z\u00fcmler \u00fcretmek, g\u00fcvenilir ve yenilik\u00e7i \u00fcr\u00fcnlerle desteklemek temel hedefimizdir. Alanya&#8217;da ve genel olarak teknoloji sekt\u00f6r\u00fcnde, m\u00fc\u015fteri memnuniyetini en \u00fcst d\u00fczeyde tutarak, kaliteli hizmet anlay\u0131\u015f\u0131m\u0131z\u0131 s\u00fcrd\u00fcrmek bizim i\u00e7in \u00f6nemlidir.<\/p>\t\t\t\t\t\t<\/div>\n\t\t\t\t<\/div>\n\t\t\t\t<\/div>\n\t\t<div class=\"elementor-element elementor-element-15f8706 e-con-full e-flex elementor-invisible e-con e-child\" data-id=\"15f8706\" data-element_type=\"container\" data-settings=\"{&quot;content_width&quot;:&quot;full&quot;,&quot;jet_parallax_layout_list&quot;:[],&quot;animation&quot;:&quot;fadeInRight&quot;}\">\n\t\t\t\t<div class=\"elementor-element elementor-element-7d8ee71 elementor-widget elementor-widget-heading\" data-id=\"7d8ee71\" data-element_type=\"widget\" data-widget_type=\"heading.default\">\n\t\t\t\t<div class=\"elementor-widget-container\">\n\t\t\t<h2 class=\"elementor-heading-title elementor-size-default\">Vizyon<\/h2>\t\t<\/div>\n\t\t\t\t<\/div>\n\t\t\t\t<div class=\"elementor-element elementor-element-3803649 elementor-widget elementor-widget-text-editor\" data-id=\"3803649\" data-element_type=\"widget\" data-widget_type=\"text-editor.default\">\n\t\t\t\t<div class=\"elementor-widget-container\">\n\t\t\t\t\t\t\t<div class=\"min-h-[20px] text-message flex flex-col items-start gap-3 whitespace-pre-wrap break-words [.text-message+&amp;]:mt-5 overflow-x-auto\" data-message-author-role=\"assistant\" data-message-id=\"691cbb6a-9719-4ede-a895-18191dbf9243\"><div class=\"markdown prose w-full break-words dark:prose-invert light\"><p>Netko Sistem&#8217;in vizyonu, Alanya&#8217;da ve T\u00fcrkiye genelinde teknoloji ve bili\u015fim alan\u0131nda \u00f6nc\u00fc bir \u015firket olmakt\u0131r. Bu vizyon do\u011frultusunda, s\u00fcrekli yenilik ve geli\u015fim ilkesini benimseyerek, sekt\u00f6rdeki son trendleri takip etmek ve bunlar\u0131 hizmetlerimize entegre etmek temel ama\u00e7lar\u0131m\u0131zdand\u0131r. M\u00fc\u015fterilerimize sa\u011flad\u0131\u011f\u0131m\u0131z katma de\u011feri art\u0131rarak, onlar\u0131n i\u015f ve ya\u015fam kalitelerine pozitif katk\u0131lar sa\u011flamay\u0131 hedefliyoruz. Ayr\u0131ca, s\u00fcrd\u00fcr\u00fclebilir b\u00fcy\u00fcme ve topluma de\u011fer katma vizyonumuzla, teknoloji sekt\u00f6r\u00fcnde etik ve sorumlu bir lider olarak \u00f6ne \u00e7\u0131kmay\u0131 ama\u00e7l\u0131yoruz.<\/p><\/div><\/div>\t\t\t\t\t\t<\/div>\n\t\t\t\t<\/div>\n\t\t\t\t<\/div>\n\t\t\t\t\t<\/div>\n\t\t\t\t<\/div>\n\t\t\t\t<section class=\"elementor-section elementor-top-section elementor-element elementor-element-ad09d4e elementor-section-boxed elementor-section-height-default elementor-section-height-default elementor-invisible\" data-id=\"ad09d4e\" data-element_type=\"section\" data-settings=\"{&quot;jet_parallax_layout_list&quot;:[{&quot;jet_parallax_layout_image&quot;:{&quot;url&quot;:&quot;&quot;,&quot;id&quot;:&quot;&quot;,&quot;size&quot;:&quot;&quot;},&quot;_id&quot;:&quot;418403e&quot;,&quot;jet_parallax_layout_image_tablet&quot;:{&quot;url&quot;:&quot;&quot;,&quot;id&quot;:&quot;&quot;,&quot;size&quot;:&quot;&quot;},&quot;jet_parallax_layout_image_mobile&quot;:{&quot;url&quot;:&quot;&quot;,&quot;id&quot;:&quot;&quot;,&quot;size&quot;:&quot;&quot;},&quot;jet_parallax_layout_speed&quot;:{&quot;unit&quot;:&quot;%&quot;,&quot;size&quot;:&quot;50&quot;,&quot;sizes&quot;:[]},&quot;jet_parallax_layout_bg_x&quot;:&quot;50&quot;,&quot;jet_parallax_layout_bg_y&quot;:&quot;50&quot;,&quot;jet_parallax_layout_type&quot;:&quot;scroll&quot;,&quot;jet_parallax_layout_direction&quot;:null,&quot;jet_parallax_layout_fx_direction&quot;:null,&quot;jet_parallax_layout_z_index&quot;:&quot;&quot;,&quot;jet_parallax_layout_bg_x_tablet&quot;:&quot;&quot;,&quot;jet_parallax_layout_bg_x_mobile&quot;:&quot;&quot;,&quot;jet_parallax_layout_bg_y_tablet&quot;:&quot;&quot;,&quot;jet_parallax_layout_bg_y_mobile&quot;:&quot;&quot;,&quot;jet_parallax_layout_bg_size&quot;:&quot;auto&quot;,&quot;jet_parallax_layout_bg_size_tablet&quot;:&quot;&quot;,&quot;jet_parallax_layout_bg_size_mobile&quot;:&quot;&quot;,&quot;jet_parallax_layout_animation_prop&quot;:&quot;transform&quot;,&quot;jet_parallax_layout_on&quot;:[&quot;desktop&quot;,&quot;tablet&quot;]}],&quot;animation&quot;:&quot;fadeInUp&quot;}\">\n\t\t\t\t\t\t<div class=\"elementor-container elementor-column-gap-no\">\n\t\t\t\t\t<div class=\"elementor-column elementor-col-100 elementor-top-column elementor-element elementor-element-d39f871\" data-id=\"d39f871\" data-element_type=\"column\">\n\t\t\t<div class=\"elementor-widget-wrap elementor-element-populated\">\n\t\t\t\t\t\t\t\t<div class=\"elementor-element elementor-element-e743d82 elementor-widget elementor-widget-html\" data-id=\"e743d82\" data-element_type=\"widget\" data-widget_type=\"html.default\">\n\t\t\t\t<div class=\"elementor-widget-container\">\n\t\t\t<iframe src=\"https:\/\/www.google.com\/maps\/embed?pb=!1m18!1m12!1m3!1d4473.607473285633!2d32.002730912430046!3d36.554775572202566!2m3!1f0!2f0!3f0!3m2!1i1024!2i768!4f13.1!3m3!1m2!1s0x14dc99e540077605%3A0x3c6462ed9dbc52f6!2sNetko%20Sistem%20Teknoloji%20%2F%20Zay%C4%B1f%20Ak%C4%B1m%20Sistemleri!5e1!3m2!1str!2str!4v1755192139401!5m2!1str!2str\" width=\"600\" height=\"450\" style=\"border:0;\" allowfullscreen=\"\" loading=\"lazy\" referrerpolicy=\"no-referrer-when-downgrade\"><\/iframe>\t\t<\/div>\n\t\t\t\t<\/div>\n\t\t\t\t\t<\/div>\n\t\t<\/div>\n\t\t\t\t\t\t\t<\/div>\n\t\t<\/section>\n\t\t\t\t\t\t\t<\/div>","protected":false},"excerpt":{"rendered":"<p>\u015eirket Profili Hakk\u0131m\u0131zda Netko Sistem Teknoloji ve Bilgi \u0130\u015flem Hizmetleri San. Tic. Ltd. \u015eti., \u00d6zer \u00d6KTEN\u2019in \u00f6nc\u00fcl\u00fc\u011f\u00fcnde, Alanya ba\u015flang\u0131\u00e7 noktam\u0131z olarak akdeniz ve ege b\u00f6lgesinde tamamlam\u0131\u015f oldugu projeleri ile dinamik teknoloji ve bili\u015fim sekt\u00f6r\u00fcnde yerini alm\u0131\u015ft\u0131r. Kuruldu\u011fu g\u00fcnden bu yana, yenilik\u00e7i teknoloji \u00e7\u00f6z\u00fcmleri ve m\u00fc\u015fteri odakl\u0131 hizmet anlay\u0131\u015f\u0131yla sekt\u00f6rde fark yaratmay\u0131 ama\u00e7lam\u0131\u015ft\u0131r. \u015eirketimiz, geni\u015f \u00fcr\u00fcn [&hellip;]<\/p>","protected":false},"author":1,"featured_media":0,"parent":0,"menu_order":0,"comment_status":"closed","ping_status":"closed","template":"full-width.php","meta":{"footnotes":""},"class_list":["post-56","page","type-page","status-publish","hentry"],"acf":[],"yoast_head":"<!-- This site is optimized with the Yoast SEO Premium plugin v21.8 (Yoast SEO v21.8) - https:\/\/yoast.com\/wordpress\/plugins\/seo\/ -->\n<title>\u015eirket Profili<\/title>\n<meta name=\"robots\" content=\"index, follow, max-snippet:-1, max-image-preview:large, max-video-preview:-1\" \/>\n<link rel=\"canonical\" href=\"https:\/\/netkosistem.com\/en\/about\/\" \/>\n<meta property=\"og:locale\" content=\"en_US\" \/>\n<meta property=\"og:type\" content=\"article\" \/>\n<meta property=\"og:title\" content=\"\u015eirket Profili\" \/>\n<meta property=\"og:description\" content=\"\u015eirket Profili Hakk\u0131m\u0131zda Netko Sistem Teknoloji ve Bilgi \u0130\u015flem Hizmetleri San. Tic. Ltd. \u015eti., \u00d6zer \u00d6KTEN\u2019in \u00f6nc\u00fcl\u00fc\u011f\u00fcnde, Alanya ba\u015flang\u0131\u00e7 noktam\u0131z olarak akdeniz ve ege b\u00f6lgesinde tamamlam\u0131\u015f oldugu projeleri ile dinamik teknoloji ve bili\u015fim sekt\u00f6r\u00fcnde yerini alm\u0131\u015ft\u0131r. Kuruldu\u011fu g\u00fcnden bu yana, yenilik\u00e7i teknoloji \u00e7\u00f6z\u00fcmleri ve m\u00fc\u015fteri odakl\u0131 hizmet anlay\u0131\u015f\u0131yla sekt\u00f6rde fark yaratmay\u0131 ama\u00e7lam\u0131\u015ft\u0131r. \u015eirketimiz, geni\u015f \u00fcr\u00fcn [&hellip;]\" \/>\n<meta property=\"og:url\" content=\"https:\/\/netkosistem.com\/en\/about\/\" \/>\n<meta property=\"og:site_name\" content=\"Netko Sistem Teknoloji - Alanya Zay\u0131f Ak\u0131m Sistemleri\" \/>\n<meta property=\"article:publisher\" content=\"https:\/\/www.facebook.com\/netkosistem\" \/>\n<meta property=\"article:modified_time\" content=\"2025-08-14T17:23:40+00:00\" \/>\n<meta property=\"og:image\" content=\"https:\/\/netkosistem.com\/wp-content\/uploads\/2024\/01\/Adsiz-tasarim.png\" \/>\n<meta name=\"twitter:card\" content=\"summary_large_image\" \/>\n<meta name=\"twitter:label1\" content=\"Est. reading time\" \/>\n\t<meta name=\"twitter:data1\" content=\"3 minutes\" \/>\n<script type=\"application\/ld+json\" class=\"yoast-schema-graph\">{\"@context\":\"https:\/\/schema.org\",\"@graph\":[{\"@type\":\"WebPage\",\"@id\":\"https:\/\/netkosistem.com\/about\/\",\"url\":\"https:\/\/netkosistem.com\/about\/\",\"name\":\"\u015eirket Profili\",\"isPartOf\":{\"@id\":\"https:\/\/netkosistem.com\/#website\"},\"datePublished\":\"2020-06-23T11:41:21+00:00\",\"dateModified\":\"2025-08-14T17:23:40+00:00\",\"inLanguage\":\"en-US\",\"potentialAction\":[{\"@type\":\"ReadAction\",\"target\":[\"https:\/\/netkosistem.com\/about\/\"]}]},{\"@type\":\"WebSite\",\"@id\":\"https:\/\/netkosistem.com\/#website\",\"url\":\"https:\/\/netkosistem.com\/\",\"name\":\"Netko Sistem Teknoloji\",\"description\":\"Netko Sistem Teknoloji - Alanya Zay\u0131f Ak\u0131m Sistemleri\",\"publisher\":{\"@id\":\"https:\/\/netkosistem.com\/#organization\"},\"potentialAction\":[{\"@type\":\"SearchAction\",\"target\":{\"@type\":\"EntryPoint\",\"urlTemplate\":\"https:\/\/netkosistem.com\/?s={search_term_string}\"},\"query-input\":\"required name=search_term_string\"}],\"inLanguage\":\"en-US\"},{\"@type\":\"Organization\",\"@id\":\"https:\/\/netkosistem.com\/#organization\",\"name\":\"Netko Sistem Teknoloji\",\"url\":\"https:\/\/netkosistem.com\/\",\"logo\":{\"@type\":\"ImageObject\",\"inLanguage\":\"en-US\",\"@id\":\"https:\/\/netkosistem.com\/#\/schema\/logo\/image\/\",\"url\":\"https:\/\/netkosistem.com\/wp-content\/uploads\/2024\/01\/Adsiz-tasarim.png\",\"contentUrl\":\"https:\/\/netkosistem.com\/wp-content\/uploads\/2024\/01\/Adsiz-tasarim.png\",\"width\":1024,\"height\":1024,\"caption\":\"Netko Sistem Teknoloji\"},\"image\":{\"@id\":\"https:\/\/netkosistem.com\/#\/schema\/logo\/image\/\"},\"sameAs\":[\"https:\/\/www.facebook.com\/netkosistem\",\"https:\/\/www.instagram.com\/netkosistem\/\"]}]}<\/script>\n<!-- \/ Yoast SEO Premium plugin. -->","yoast_head_json":{"title":"\u015eirket Profili","robots":{"index":"index","follow":"follow","max-snippet":"max-snippet:-1","max-image-preview":"max-image-preview:large","max-video-preview":"max-video-preview:-1"},"canonical":"https:\/\/netkosistem.com\/en\/about\/","og_locale":"en_US","og_type":"article","og_title":"\u015eirket Profili","og_description":"\u015eirket Profili Hakk\u0131m\u0131zda Netko Sistem Teknoloji ve Bilgi \u0130\u015flem Hizmetleri San. Tic. Ltd. \u015eti., \u00d6zer \u00d6KTEN\u2019in \u00f6nc\u00fcl\u00fc\u011f\u00fcnde, Alanya ba\u015flang\u0131\u00e7 noktam\u0131z olarak akdeniz ve ege b\u00f6lgesinde tamamlam\u0131\u015f oldugu projeleri ile dinamik teknoloji ve bili\u015fim sekt\u00f6r\u00fcnde yerini alm\u0131\u015ft\u0131r. Kuruldu\u011fu g\u00fcnden bu yana, yenilik\u00e7i teknoloji \u00e7\u00f6z\u00fcmleri ve m\u00fc\u015fteri odakl\u0131 hizmet anlay\u0131\u015f\u0131yla sekt\u00f6rde fark yaratmay\u0131 ama\u00e7lam\u0131\u015ft\u0131r. \u015eirketimiz, geni\u015f \u00fcr\u00fcn [&hellip;]","og_url":"https:\/\/netkosistem.com\/en\/about\/","og_site_name":"Netko Sistem Teknoloji - Alanya Zay\u0131f Ak\u0131m Sistemleri","article_publisher":"https:\/\/www.facebook.com\/netkosistem","article_modified_time":"2025-08-14T17:23:40+00:00","og_image":[{"url":"https:\/\/netkosistem.com\/wp-content\/uploads\/2024\/01\/Adsiz-tasarim.png"}],"twitter_card":"summary_large_image","twitter_misc":{"Est. reading time":"3 minutes"},"schema":{"@context":"https:\/\/schema.org","@graph":[{"@type":"WebPage","@id":"https:\/\/netkosistem.com\/about\/","url":"https:\/\/netkosistem.com\/about\/","name":"\u015eirket Profili","isPartOf":{"@id":"https:\/\/netkosistem.com\/#website"},"datePublished":"2020-06-23T11:41:21+00:00","dateModified":"2025-08-14T17:23:40+00:00","inLanguage":"en-US","potentialAction":[{"@type":"ReadAction","target":["https:\/\/netkosistem.com\/about\/"]}]},{"@type":"WebSite","@id":"https:\/\/netkosistem.com\/#website","url":"https:\/\/netkosistem.com\/","name":"Netko Sistem Teknoloji","description":"Netko Sistem Teknoloji - Alanya Zay\u0131f Ak\u0131m Sistemleri","publisher":{"@id":"https:\/\/netkosistem.com\/#organization"},"potentialAction":[{"@type":"SearchAction","target":{"@type":"EntryPoint","urlTemplate":"https:\/\/netkosistem.com\/?s={search_term_string}"},"query-input":"required name=search_term_string"}],"inLanguage":"en-US"},{"@type":"Organization","@id":"https:\/\/netkosistem.com\/#organization","name":"Netko Sistem Teknoloji","url":"https:\/\/netkosistem.com\/","logo":{"@type":"ImageObject","inLanguage":"en-US","@id":"https:\/\/netkosistem.com\/#\/schema\/logo\/image\/","url":"https:\/\/netkosistem.com\/wp-content\/uploads\/2024\/01\/Adsiz-tasarim.png","contentUrl":"https:\/\/netkosistem.com\/wp-content\/uploads\/2024\/01\/Adsiz-tasarim.png","width":1024,"height":1024,"caption":"Netko Sistem Teknoloji"},"image":{"@id":"https:\/\/netkosistem.com\/#\/schema\/logo\/image\/"},"sameAs":["https:\/\/www.facebook.com\/netkosistem","https:\/\/www.instagram.com\/netkosistem\/"]}]}},"_links":{"self":[{"href":"https:\/\/netkosistem.com\/en\/wp-json\/wp\/v2\/pages\/56","targetHints":{"allow":["GET"]}}],"collection":[{"href":"https:\/\/netkosistem.com\/en\/wp-json\/wp\/v2\/pages"}],"about":[{"href":"https:\/\/netkosistem.com\/en\/wp-json\/wp\/v2\/types\/page"}],"author":[{"embeddable":true,"href":"https:\/\/netkosistem.com\/en\/wp-json\/wp\/v2\/users\/1"}],"replies":[{"embeddable":true,"href":"https:\/\/netkosistem.com\/en\/wp-json\/wp\/v2\/comments?post=56"}],"version-history":[{"count":11,"href":"https:\/\/netkosistem.com\/en\/wp-json\/wp\/v2\/pages\/56\/revisions"}],"predecessor-version":[{"id":3026,"href":"https:\/\/netkosistem.com\/en\/wp-json\/wp\/v2\/pages\/56\/revisions\/3026"}],"wp:attachment":[{"href":"https:\/\/netkosistem.com\/en\/wp-json\/wp\/v2\/media?parent=56"}],"curies":[{"name":"wp","href":"https:\/\/api.w.org\/{rel}","templated":true}]}}