{"id":2311,"date":"2024-12-10T23:14:18","date_gmt":"2024-12-10T20:14:18","guid":{"rendered":"https:\/\/netkosistem.com\/?page_id=2311"},"modified":"2025-01-29T20:10:39","modified_gmt":"2025-01-29T17:10:39","slug":"firewall-guvenlik-sistemleri-3","status":"publish","type":"page","link":"https:\/\/netkosistem.com\/en\/firewall-guvenlik-sistemleri-3\/","title":{"rendered":"Firewall G\u00fcvenlik Sistemleri"},"content":{"rendered":"<div data-elementor-type=\"wp-page\" data-elementor-id=\"2311\" class=\"elementor elementor-2311\" data-elementor-post-type=\"page\">\n\t\t\t\t\t\t\t<div class=\"elementor-element elementor-element-b0f4087 e-flex e-con-boxed e-con e-parent\" data-id=\"b0f4087\" data-element_type=\"container\" data-settings=\"{&quot;jet_parallax_layout_list&quot;:[],&quot;content_width&quot;:&quot;boxed&quot;}\" data-core-v316-plus=\"true\">\n\t\t\t\t\t<div class=\"e-con-inner\">\n\t\t\t\t<div class=\"elementor-element elementor-element-f594a30 elementor-widget elementor-widget-heading\" data-id=\"f594a30\" data-element_type=\"widget\" data-widget_type=\"heading.default\">\n\t\t\t\t<div class=\"elementor-widget-container\">\n\t\t\t<style>\/*! elementor - v3.18.0 - 04-12-2023 *\/\n.elementor-heading-title{padding:0;margin:0;line-height:1}.elementor-widget-heading .elementor-heading-title[class*=elementor-size-]>a{color:inherit;font-size:inherit;line-height:inherit}.elementor-widget-heading .elementor-heading-title.elementor-size-small{font-size:15px}.elementor-widget-heading .elementor-heading-title.elementor-size-medium{font-size:19px}.elementor-widget-heading .elementor-heading-title.elementor-size-large{font-size:29px}.elementor-widget-heading .elementor-heading-title.elementor-size-xl{font-size:39px}.elementor-widget-heading .elementor-heading-title.elementor-size-xxl{font-size:59px}<\/style><h2 class=\"elementor-heading-title elementor-size-default\">Firewall G\u00fcvenlik Sistemleri - Netko Sistem ile Siber G\u00fcvenli\u011finiz G\u00fcvende<\/h2>\t\t<\/div>\n\t\t\t\t<\/div>\n\t\t\t\t<div class=\"elementor-element elementor-element-adfa8dd elementor-widget elementor-widget-text-editor\" data-id=\"adfa8dd\" data-element_type=\"widget\" data-widget_type=\"text-editor.default\">\n\t\t\t\t<div class=\"elementor-widget-container\">\n\t\t\t<style>\/*! elementor - v3.18.0 - 04-12-2023 *\/\n.elementor-widget-text-editor.elementor-drop-cap-view-stacked .elementor-drop-cap{background-color:#69727d;color:#fff}.elementor-widget-text-editor.elementor-drop-cap-view-framed .elementor-drop-cap{color:#69727d;border:3px solid;background-color:transparent}.elementor-widget-text-editor:not(.elementor-drop-cap-view-default) .elementor-drop-cap{margin-top:8px}.elementor-widget-text-editor:not(.elementor-drop-cap-view-default) .elementor-drop-cap-letter{width:1em;height:1em}.elementor-widget-text-editor .elementor-drop-cap{float:left;text-align:center;line-height:1;font-size:50px}.elementor-widget-text-editor .elementor-drop-cap-letter{display:inline-block}<\/style>\t\t\t\t<h3>Firewall G\u00fcvenlik Sistemleri: Netko Sistem ile Siber Tehditlere Kar\u015f\u0131 G\u00fcvende Kal\u0131n<\/h3><h4>Firewall G\u00fcvenlik Sistemleri Nedir?<\/h4><p>Firewall g\u00fcvenlik sistemleri, a\u011f trafi\u011fini izleyerek zararl\u0131 eri\u015fimleri engelleyen ve veri g\u00fcvenli\u011fini sa\u011flayan dijital savunma \u00e7\u00f6z\u00fcmleridir. Hem bireysel kullan\u0131c\u0131lar hem de kurumsal i\u015fletmeler i\u00e7in siber tehditlere kar\u015f\u0131 etkili bir koruma sa\u011flar. <strong>Netko Sistem<\/strong>, firewall g\u00fcvenlik sistemleri alan\u0131nda sundu\u011fu yenilik\u00e7i \u00e7\u00f6z\u00fcmlerle verilerinizi g\u00fcvende tutar.<\/p><h4>Firewall G\u00fcvenlik Sistemlerinin Avantajlar\u0131<\/h4><h5>Siber Tehditlere Kar\u015f\u0131 Koruma<\/h5><p>Firewall sistemleri, a\u011f\u0131n\u0131za y\u00f6nelik tehditleri tespit eder ve zararl\u0131 i\u00e7eriklerin giri\u015fini engeller. B\u00f6ylece, i\u015fletmenizin veya ki\u015fisel bilgilerinizin g\u00fcvenli\u011fi sa\u011flan\u0131r.<\/p><h5>Veri G\u00fcvenli\u011fi<\/h5><p>Hassas verilerinizi k\u00f6t\u00fc niyetli ki\u015filerden korur. A\u011f \u00fczerinden ger\u00e7ekle\u015fen veri transferlerini denetleyerek bilgi h\u0131rs\u0131zl\u0131\u011f\u0131n\u0131 \u00f6nler.<\/p><h5>Trafik Kontrol\u00fc ve \u0130zleme<\/h5><p>A\u011f trafi\u011fini s\u00fcrekli izleyen firewall sistemleri, \u015f\u00fcpheli aktiviteleri tespit eder ve bu durumlarda otomatik olarak \u00f6nlem al\u0131r.<\/p><h5>Ki\u015fiselle\u015ftirilmi\u015f G\u00fcvenlik \u00c7\u00f6z\u00fcmleri<\/h5><p>Her i\u015fletmenin ihtiya\u00e7lar\u0131na uygun olarak \u00f6zelle\u015ftirilebilir. Kullan\u0131c\u0131 izinleri, eri\u015fim s\u0131n\u0131rland\u0131rmalar\u0131 ve a\u011f politikalar\u0131 gibi bir\u00e7ok se\u00e7enek sunar.<\/p><h4>Netko Sistem ile Firewall \u00c7\u00f6z\u00fcmleri<\/h4><h5>Geli\u015fmi\u015f Teknoloji<\/h5><p>Netko Sistem, en yeni firewall teknolojilerini kullanarak, kullan\u0131c\u0131lar\u0131na maksimum g\u00fcvenlik sa\u011flar. Geli\u015fmi\u015f \u00f6zelliklere sahip sistemlerle a\u011f g\u00fcvenli\u011finizi optimize ediyoruz.<\/p><h5>Uzman Kadro<\/h5><p>Deneyimli ekibimiz, firman\u0131z\u0131n ihtiyac\u0131na \u00f6zel \u00e7\u00f6z\u00fcmleri analiz eder ve uygun firewall sistemlerini \u00f6nerir.<\/p><h5>Teknik Destek ve Kurulum<\/h5><p>Netko Sistem, kurulum ve entegrasyon s\u00fcre\u00e7lerini eksiksiz bir \u015fekilde tamamlar. Ayr\u0131ca, sat\u0131\u015f sonras\u0131 destek hizmetleri ile sisteminizin s\u00fcrekli \u00e7al\u0131\u015fmas\u0131n\u0131 sa\u011flar.<\/p><h4>Firewall G\u00fcvenlik Sistemlerinin Kullan\u0131m Alanlar\u0131<\/h4><h5>Kurumsal \u015eirketler<\/h5><p>B\u00fcy\u00fck \u00f6l\u00e7ekli a\u011flarda, hassas bilgilerin korunmas\u0131 ve i\u015fletme g\u00fcvenli\u011finin sa\u011flanmas\u0131 i\u00e7in kullan\u0131l\u0131r.<\/p><h5>K\u00fc\u00e7\u00fck ve Orta \u00d6l\u00e7ekli \u0130\u015fletmeler<\/h5><p>\u0130\u015f s\u00fcre\u00e7lerinin sorunsuz devam etmesi i\u00e7in siber g\u00fcvenlik \u00e7\u00f6z\u00fcmleri sa\u011flar. Verimlilik ve g\u00fcvenli\u011fi art\u0131r\u0131r.<\/p><h5>Ev Kullan\u0131c\u0131lar\u0131<\/h5><p>Ki\u015fisel cihazlar\u0131 ve verileri \u00e7evrimi\u00e7i tehditlerden korur. \u00d6zellikle, internet \u00fczerinden hassas bilgi payla\u015f\u0131m\u0131 yapan kullan\u0131c\u0131lar i\u00e7in idealdir.<\/p><h4>S\u0131k\u00e7a Sorulan Sorular<\/h4><p>Firewall sistemleri neden gereklidir? Artan siber tehditlere kar\u015f\u0131 a\u011flar\u0131n\u0131z\u0131 korumak ve veri g\u00fcvenli\u011fini sa\u011flamak i\u00e7in temel bir \u00e7\u00f6z\u00fcmd\u00fcr. Hangi t\u00fcr firewall sistemleri mevcuttur? Netko Sistem, donan\u0131m tabanl\u0131, yaz\u0131l\u0131m tabanl\u0131 ve bulut tabanl\u0131 firewall \u00e7\u00f6z\u00fcmleri sunmaktad\u0131r. Kurulum s\u00fcresi ne kadar s\u00fcrer? A\u011f\u0131n b\u00fcy\u00fckl\u00fc\u011f\u00fcne ve ihtiya\u00e7lara ba\u011fl\u0131 olarak de\u011fi\u015fir, ancak Netko Sistem ekibi s\u00fcre\u00e7leri h\u0131zl\u0131 ve sorunsuz bir \u015fekilde tamamlar.<\/p><h4>Sonu\u00e7: Firewall G\u00fcvenlik Sistemleri ile Tam Koruma<\/h4><p>Firewall g\u00fcvenlik sistemleri, modern i\u015f d\u00fcnyas\u0131n\u0131n ve bireylerin dijital g\u00fcvenli\u011fini sa\u011flamak i\u00e7in vazge\u00e7ilmezdir. <strong>Netko Sistem<\/strong>, firewall \u00e7\u00f6z\u00fcmleri ile siber tehditlere kar\u015f\u0131 g\u00fc\u00e7l\u00fc bir koruma sa\u011flar. Daha fazla bilgi almak ve \u00f6zel \u00e7\u00f6z\u00fcmlerimizi ke\u015ffetmek i\u00e7in bizimle ileti\u015fime ge\u00e7in.<\/p>\t\t\t\t\t\t<\/div>\n\t\t\t\t<\/div>\n\t\t\t\t\t<\/div>\n\t\t\t\t<\/div>\n\t\t\t\t\t\t\t<\/div>","protected":false},"excerpt":{"rendered":"<p>Firewall G\u00fcvenlik Sistemleri &#8211; Netko Sistem ile Siber G\u00fcvenli\u011finiz G\u00fcvende Firewall G\u00fcvenlik Sistemleri: Netko Sistem ile Siber Tehditlere Kar\u015f\u0131 G\u00fcvende Kal\u0131n Firewall G\u00fcvenlik Sistemleri Nedir? Firewall g\u00fcvenlik sistemleri, a\u011f trafi\u011fini izleyerek zararl\u0131 eri\u015fimleri engelleyen ve veri g\u00fcvenli\u011fini sa\u011flayan dijital savunma \u00e7\u00f6z\u00fcmleridir. Hem bireysel kullan\u0131c\u0131lar hem de kurumsal i\u015fletmeler i\u00e7in siber tehditlere kar\u015f\u0131 etkili bir koruma [&hellip;]<\/p>","protected":false},"author":1,"featured_media":2122,"parent":0,"menu_order":0,"comment_status":"closed","ping_status":"closed","template":"elementor_header_footer","meta":{"footnotes":""},"class_list":["post-2311","page","type-page","status-publish","has-post-thumbnail","hentry"],"acf":[],"yoast_head":"<!-- This site is optimized with the Yoast SEO Premium plugin v21.8 (Yoast SEO v21.8) - https:\/\/yoast.com\/wordpress\/plugins\/seo\/ -->\n<title>Firewall G\u00fcvenlik Sistemleri - Netko Sistem ile Siber G\u00fcvenli\u011finiz G\u00fcvende<\/title>\n<meta name=\"description\" content=\"Firewall g\u00fcvenlik sistemleri ile a\u011f\u0131n\u0131z\u0131 ve verilerinizi koruyun. Netko Sistem\u2019in yenilik\u00e7i \u00e7\u00f6z\u00fcmleriyle siber tehditlere kar\u015f\u0131 tam g\u00fcvenlik sa\u011flay\u0131n!\" \/>\n<meta name=\"robots\" content=\"index, follow, max-snippet:-1, max-image-preview:large, max-video-preview:-1\" \/>\n<link rel=\"canonical\" href=\"https:\/\/netkosistem.com\/en\/firewall-guvenlik-sistemleri-3\/\" \/>\n<meta property=\"og:locale\" content=\"en_US\" \/>\n<meta property=\"og:type\" content=\"article\" \/>\n<meta property=\"og:title\" content=\"Firewall G\u00fcvenlik Sistemleri - Netko Sistem ile Siber G\u00fcvenli\u011finiz G\u00fcvende\" \/>\n<meta property=\"og:description\" content=\"Firewall g\u00fcvenlik sistemleri ile a\u011f\u0131n\u0131z\u0131 ve verilerinizi koruyun. Netko Sistem\u2019in yenilik\u00e7i \u00e7\u00f6z\u00fcmleriyle siber tehditlere kar\u015f\u0131 tam g\u00fcvenlik sa\u011flay\u0131n!\" \/>\n<meta property=\"og:url\" content=\"https:\/\/netkosistem.com\/en\/firewall-guvenlik-sistemleri-3\/\" \/>\n<meta property=\"og:site_name\" content=\"Netko Sistem Teknoloji - Alanya Zay\u0131f Ak\u0131m Sistemleri\" \/>\n<meta property=\"article:publisher\" content=\"https:\/\/www.facebook.com\/netkosistem\" \/>\n<meta property=\"article:modified_time\" content=\"2025-01-29T17:10:39+00:00\" \/>\n<meta property=\"og:image\" content=\"https:\/\/netkosistem.com\/wp-content\/uploads\/2024\/05\/8.png\" \/>\n\t<meta property=\"og:image:width\" content=\"1080\" \/>\n\t<meta property=\"og:image:height\" content=\"1080\" \/>\n\t<meta property=\"og:image:type\" content=\"image\/png\" \/>\n<meta name=\"twitter:card\" content=\"summary_large_image\" \/>\n<meta name=\"twitter:label1\" content=\"Est. reading time\" \/>\n\t<meta name=\"twitter:data1\" content=\"1 minute\" \/>\n<script type=\"application\/ld+json\" class=\"yoast-schema-graph\">{\"@context\":\"https:\/\/schema.org\",\"@graph\":[{\"@type\":\"WebPage\",\"@id\":\"https:\/\/netkosistem.com\/firewall-guvenlik-sistemleri-3\/\",\"url\":\"https:\/\/netkosistem.com\/firewall-guvenlik-sistemleri-3\/\",\"name\":\"Firewall G\u00fcvenlik Sistemleri - Netko Sistem ile Siber G\u00fcvenli\u011finiz G\u00fcvende\",\"isPartOf\":{\"@id\":\"https:\/\/netkosistem.com\/#website\"},\"datePublished\":\"2024-12-10T20:14:18+00:00\",\"dateModified\":\"2025-01-29T17:10:39+00:00\",\"description\":\"Firewall g\u00fcvenlik sistemleri ile a\u011f\u0131n\u0131z\u0131 ve verilerinizi koruyun. Netko Sistem\u2019in yenilik\u00e7i \u00e7\u00f6z\u00fcmleriyle siber tehditlere kar\u015f\u0131 tam g\u00fcvenlik sa\u011flay\u0131n!\",\"inLanguage\":\"en-US\",\"potentialAction\":[{\"@type\":\"ReadAction\",\"target\":[\"https:\/\/netkosistem.com\/firewall-guvenlik-sistemleri-3\/\"]}]},{\"@type\":\"WebSite\",\"@id\":\"https:\/\/netkosistem.com\/#website\",\"url\":\"https:\/\/netkosistem.com\/\",\"name\":\"Netko Sistem Teknoloji\",\"description\":\"Netko Sistem Teknoloji - Alanya Zay\u0131f Ak\u0131m Sistemleri\",\"publisher\":{\"@id\":\"https:\/\/netkosistem.com\/#organization\"},\"potentialAction\":[{\"@type\":\"SearchAction\",\"target\":{\"@type\":\"EntryPoint\",\"urlTemplate\":\"https:\/\/netkosistem.com\/?s={search_term_string}\"},\"query-input\":\"required name=search_term_string\"}],\"inLanguage\":\"en-US\"},{\"@type\":\"Organization\",\"@id\":\"https:\/\/netkosistem.com\/#organization\",\"name\":\"Netko Sistem Teknoloji\",\"url\":\"https:\/\/netkosistem.com\/\",\"logo\":{\"@type\":\"ImageObject\",\"inLanguage\":\"en-US\",\"@id\":\"https:\/\/netkosistem.com\/#\/schema\/logo\/image\/\",\"url\":\"https:\/\/netkosistem.com\/wp-content\/uploads\/2024\/01\/Adsiz-tasarim.png\",\"contentUrl\":\"https:\/\/netkosistem.com\/wp-content\/uploads\/2024\/01\/Adsiz-tasarim.png\",\"width\":1024,\"height\":1024,\"caption\":\"Netko Sistem Teknoloji\"},\"image\":{\"@id\":\"https:\/\/netkosistem.com\/#\/schema\/logo\/image\/\"},\"sameAs\":[\"https:\/\/www.facebook.com\/netkosistem\",\"https:\/\/www.instagram.com\/netkosistem\/\"]}]}<\/script>\n<!-- \/ Yoast SEO Premium plugin. -->","yoast_head_json":{"title":"Firewall G\u00fcvenlik Sistemleri - Netko Sistem ile Siber G\u00fcvenli\u011finiz G\u00fcvende","description":"Firewall g\u00fcvenlik sistemleri ile a\u011f\u0131n\u0131z\u0131 ve verilerinizi koruyun. Netko Sistem\u2019in yenilik\u00e7i \u00e7\u00f6z\u00fcmleriyle siber tehditlere kar\u015f\u0131 tam g\u00fcvenlik sa\u011flay\u0131n!","robots":{"index":"index","follow":"follow","max-snippet":"max-snippet:-1","max-image-preview":"max-image-preview:large","max-video-preview":"max-video-preview:-1"},"canonical":"https:\/\/netkosistem.com\/en\/firewall-guvenlik-sistemleri-3\/","og_locale":"en_US","og_type":"article","og_title":"Firewall G\u00fcvenlik Sistemleri - Netko Sistem ile Siber G\u00fcvenli\u011finiz G\u00fcvende","og_description":"Firewall g\u00fcvenlik sistemleri ile a\u011f\u0131n\u0131z\u0131 ve verilerinizi koruyun. Netko Sistem\u2019in yenilik\u00e7i \u00e7\u00f6z\u00fcmleriyle siber tehditlere kar\u015f\u0131 tam g\u00fcvenlik sa\u011flay\u0131n!","og_url":"https:\/\/netkosistem.com\/en\/firewall-guvenlik-sistemleri-3\/","og_site_name":"Netko Sistem Teknoloji - Alanya Zay\u0131f Ak\u0131m Sistemleri","article_publisher":"https:\/\/www.facebook.com\/netkosistem","article_modified_time":"2025-01-29T17:10:39+00:00","og_image":[{"width":1080,"height":1080,"url":"https:\/\/netkosistem.com\/wp-content\/uploads\/2024\/05\/8.png","type":"image\/png"}],"twitter_card":"summary_large_image","twitter_misc":{"Est. reading time":"1 minute"},"schema":{"@context":"https:\/\/schema.org","@graph":[{"@type":"WebPage","@id":"https:\/\/netkosistem.com\/firewall-guvenlik-sistemleri-3\/","url":"https:\/\/netkosistem.com\/firewall-guvenlik-sistemleri-3\/","name":"Firewall G\u00fcvenlik Sistemleri - Netko Sistem ile Siber G\u00fcvenli\u011finiz G\u00fcvende","isPartOf":{"@id":"https:\/\/netkosistem.com\/#website"},"datePublished":"2024-12-10T20:14:18+00:00","dateModified":"2025-01-29T17:10:39+00:00","description":"Firewall g\u00fcvenlik sistemleri ile a\u011f\u0131n\u0131z\u0131 ve verilerinizi koruyun. Netko Sistem\u2019in yenilik\u00e7i \u00e7\u00f6z\u00fcmleriyle siber tehditlere kar\u015f\u0131 tam g\u00fcvenlik sa\u011flay\u0131n!","inLanguage":"en-US","potentialAction":[{"@type":"ReadAction","target":["https:\/\/netkosistem.com\/firewall-guvenlik-sistemleri-3\/"]}]},{"@type":"WebSite","@id":"https:\/\/netkosistem.com\/#website","url":"https:\/\/netkosistem.com\/","name":"Netko Sistem Teknoloji","description":"Netko Sistem Teknoloji - Alanya Zay\u0131f Ak\u0131m Sistemleri","publisher":{"@id":"https:\/\/netkosistem.com\/#organization"},"potentialAction":[{"@type":"SearchAction","target":{"@type":"EntryPoint","urlTemplate":"https:\/\/netkosistem.com\/?s={search_term_string}"},"query-input":"required name=search_term_string"}],"inLanguage":"en-US"},{"@type":"Organization","@id":"https:\/\/netkosistem.com\/#organization","name":"Netko Sistem Teknoloji","url":"https:\/\/netkosistem.com\/","logo":{"@type":"ImageObject","inLanguage":"en-US","@id":"https:\/\/netkosistem.com\/#\/schema\/logo\/image\/","url":"https:\/\/netkosistem.com\/wp-content\/uploads\/2024\/01\/Adsiz-tasarim.png","contentUrl":"https:\/\/netkosistem.com\/wp-content\/uploads\/2024\/01\/Adsiz-tasarim.png","width":1024,"height":1024,"caption":"Netko Sistem Teknoloji"},"image":{"@id":"https:\/\/netkosistem.com\/#\/schema\/logo\/image\/"},"sameAs":["https:\/\/www.facebook.com\/netkosistem","https:\/\/www.instagram.com\/netkosistem\/"]}]}},"_links":{"self":[{"href":"https:\/\/netkosistem.com\/en\/wp-json\/wp\/v2\/pages\/2311","targetHints":{"allow":["GET"]}}],"collection":[{"href":"https:\/\/netkosistem.com\/en\/wp-json\/wp\/v2\/pages"}],"about":[{"href":"https:\/\/netkosistem.com\/en\/wp-json\/wp\/v2\/types\/page"}],"author":[{"embeddable":true,"href":"https:\/\/netkosistem.com\/en\/wp-json\/wp\/v2\/users\/1"}],"replies":[{"embeddable":true,"href":"https:\/\/netkosistem.com\/en\/wp-json\/wp\/v2\/comments?post=2311"}],"version-history":[{"count":9,"href":"https:\/\/netkosistem.com\/en\/wp-json\/wp\/v2\/pages\/2311\/revisions"}],"predecessor-version":[{"id":2618,"href":"https:\/\/netkosistem.com\/en\/wp-json\/wp\/v2\/pages\/2311\/revisions\/2618"}],"wp:featuredmedia":[{"embeddable":true,"href":"https:\/\/netkosistem.com\/en\/wp-json\/wp\/v2\/media\/2122"}],"wp:attachment":[{"href":"https:\/\/netkosistem.com\/en\/wp-json\/wp\/v2\/media?parent=2311"}],"curies":[{"name":"wp","href":"https:\/\/api.w.org\/{rel}","templated":true}]}}