{"id":1214,"date":"2024-01-15T07:47:59","date_gmt":"2024-01-15T04:47:59","guid":{"rendered":"https:\/\/netkosistem.com\/?page_id=1214"},"modified":"2024-07-15T01:05:05","modified_gmt":"2024-07-14T22:05:05","slug":"playroom-urun-ailesi","status":"publish","type":"page","link":"https:\/\/netkosistem.com\/en\/playroom-urun-ailesi\/","title":{"rendered":"PLAYROOM \u00dcr\u00fcn Ailesi"},"content":{"rendered":"<div data-elementor-type=\"wp-page\" data-elementor-id=\"1214\" class=\"elementor elementor-1214\" data-elementor-post-type=\"page\">\n\t\t\t\t\t\t\t<div class=\"elementor-element elementor-element-09b803b e-flex e-con-boxed elementor-invisible e-con e-parent\" data-id=\"09b803b\" data-element_type=\"container\" data-settings=\"{&quot;jet_parallax_layout_list&quot;:[],&quot;animation&quot;:&quot;fadeInUp&quot;,&quot;content_width&quot;:&quot;boxed&quot;}\" data-core-v316-plus=\"true\">\n\t\t\t\t\t<div class=\"e-con-inner\">\n\t\t\t\t<div class=\"elementor-element elementor-element-fdbc2d9 elementor-widget elementor-widget-heading\" data-id=\"fdbc2d9\" data-element_type=\"widget\" data-widget_type=\"heading.default\">\n\t\t\t\t<div class=\"elementor-widget-container\">\n\t\t\t<style>\/*! elementor - v3.18.0 - 04-12-2023 *\/\n.elementor-heading-title{padding:0;margin:0;line-height:1}.elementor-widget-heading .elementor-heading-title[class*=elementor-size-]>a{color:inherit;font-size:inherit;line-height:inherit}.elementor-widget-heading .elementor-heading-title.elementor-size-small{font-size:15px}.elementor-widget-heading .elementor-heading-title.elementor-size-medium{font-size:19px}.elementor-widget-heading .elementor-heading-title.elementor-size-large{font-size:29px}.elementor-widget-heading .elementor-heading-title.elementor-size-xl{font-size:39px}.elementor-widget-heading .elementor-heading-title.elementor-size-xxl{font-size:59px}<\/style><h2 class=\"elementor-heading-title elementor-size-default\">PLAYROOM \u00dcr\u00fcn Ailesi<\/h2>\t\t<\/div>\n\t\t\t\t<\/div>\n\t\t\t\t\t<\/div>\n\t\t\t\t<\/div>\n\t\t<div class=\"elementor-element elementor-element-875e92f e-flex e-con-boxed e-con e-parent\" data-id=\"875e92f\" data-element_type=\"container\" data-settings=\"{&quot;jet_parallax_layout_list&quot;:[],&quot;content_width&quot;:&quot;boxed&quot;}\" data-core-v316-plus=\"true\">\n\t\t\t\t\t<div class=\"e-con-inner\">\n\t\t<div class=\"elementor-element elementor-element-57ebb5d e-con-full e-flex elementor-invisible e-con e-child\" data-id=\"57ebb5d\" data-element_type=\"container\" data-settings=\"{&quot;content_width&quot;:&quot;full&quot;,&quot;jet_parallax_layout_list&quot;:[],&quot;animation&quot;:&quot;fadeInLeft&quot;}\">\n\t\t\t\t<div class=\"elementor-element elementor-element-b1ff66c elementor-widget elementor-widget-image\" data-id=\"b1ff66c\" data-element_type=\"widget\" data-widget_type=\"image.default\">\n\t\t\t\t<div class=\"elementor-widget-container\">\n\t\t\t<style>\/*! elementor - v3.18.0 - 04-12-2023 *\/\n.elementor-widget-image{text-align:center}.elementor-widget-image a{display:inline-block}.elementor-widget-image a img[src$=\".svg\"]{width:48px}.elementor-widget-image img{vertical-align:middle;display:inline-block}<\/style>\t\t\t\t\t\t\t\t\t\t\t\t<img fetchpriority=\"high\" decoding=\"async\" width=\"1024\" height=\"1024\" src=\"https:\/\/netkosistem.com\/wp-content\/uploads\/2024\/01\/1-35.png\" class=\"elementor-animation-grow attachment-large size-large wp-image-1223\" alt=\"\" srcset=\"https:\/\/netkosistem.com\/wp-content\/uploads\/2024\/01\/1-35.png 1024w, https:\/\/netkosistem.com\/wp-content\/uploads\/2024\/01\/1-35-300x300.png 300w, https:\/\/netkosistem.com\/wp-content\/uploads\/2024\/01\/1-35-150x150.png 150w, https:\/\/netkosistem.com\/wp-content\/uploads\/2024\/01\/1-35-768x768.png 768w, https:\/\/netkosistem.com\/wp-content\/uploads\/2024\/01\/1-35-12x12.png 12w, https:\/\/netkosistem.com\/wp-content\/uploads\/2024\/01\/1-35-500x500.png 500w\" sizes=\"(max-width: 1024px) 100vw, 1024px\" \/>\t\t\t\t\t\t\t\t\t\t\t\t\t\t\t<\/div>\n\t\t\t\t<\/div>\n\t\t\t\t<\/div>\n\t\t<div class=\"elementor-element elementor-element-c86f9c5 e-con-full e-flex elementor-invisible e-con e-child\" data-id=\"c86f9c5\" data-element_type=\"container\" data-settings=\"{&quot;content_width&quot;:&quot;full&quot;,&quot;jet_parallax_layout_list&quot;:[],&quot;animation&quot;:&quot;fadeInRight&quot;}\">\n\t\t\t\t<div class=\"elementor-element elementor-element-e892392 elementor-widget elementor-widget-text-editor\" data-id=\"e892392\" data-element_type=\"widget\" data-widget_type=\"text-editor.default\">\n\t\t\t\t<div class=\"elementor-widget-container\">\n\t\t\t<style>\/*! elementor - v3.18.0 - 04-12-2023 *\/\n.elementor-widget-text-editor.elementor-drop-cap-view-stacked .elementor-drop-cap{background-color:#69727d;color:#fff}.elementor-widget-text-editor.elementor-drop-cap-view-framed .elementor-drop-cap{color:#69727d;border:3px solid;background-color:transparent}.elementor-widget-text-editor:not(.elementor-drop-cap-view-default) .elementor-drop-cap{margin-top:8px}.elementor-widget-text-editor:not(.elementor-drop-cap-view-default) .elementor-drop-cap-letter{width:1em;height:1em}.elementor-widget-text-editor .elementor-drop-cap{float:left;text-align:center;line-height:1;font-size:50px}.elementor-widget-text-editor .elementor-drop-cap-letter{display:inline-block}<\/style>\t\t\t\t<p><strong>Netko Sistem: PLAYROOM \u00dcr\u00fcn Ailesi ile E\u011flence ve Teknolojiyi Bulu\u015fturun<\/strong><\/p><p>Netko Sistem Teknoloji ve Bilgi \u0130\u015flem Hizmetleri San. Tic. Ltd. \u015eti., PLAYROOM \u00fcr\u00fcn ailesiyle, hem e\u011flence hem de teknolojiyi bir araya getirerek kullan\u0131c\u0131 deneyimini zenginle\u015ftiriyor. PLAYROOM \u00fcr\u00fcn ailesi, modern ya\u015fam alanlar\u0131na yenilik\u00e7i ve e\u011flenceli bir dokunu\u015f katmak i\u00e7in tasarlanm\u0131\u015ft\u0131r. Bu \u00fcr\u00fcnler, y\u00fcksek kaliteli ses ve g\u00f6r\u00fcnt\u00fc sistemleri, ak\u0131ll\u0131 ev otomasyon \u00e7\u00f6z\u00fcmleri ve interaktif oyun teknolojilerini kapsar, b\u00f6ylece kullan\u0131c\u0131lara benzersiz bir e\u011flence deneyimi sunar.<\/p>\t\t\t\t\t\t<\/div>\n\t\t\t\t<\/div>\n\t\t\t\t<\/div>\n\t\t\t\t\t<\/div>\n\t\t\t\t<\/div>\n\t\t<div class=\"elementor-element elementor-element-880ba2b e-flex e-con-boxed e-con e-parent\" data-id=\"880ba2b\" data-element_type=\"container\" data-settings=\"{&quot;jet_parallax_layout_list&quot;:[],&quot;content_width&quot;:&quot;boxed&quot;}\" data-core-v316-plus=\"true\">\n\t\t\t\t\t<div class=\"e-con-inner\">\n\t\t<div class=\"elementor-element elementor-element-a71acb2 e-con-full e-flex elementor-invisible e-con e-child\" data-id=\"a71acb2\" data-element_type=\"container\" data-settings=\"{&quot;content_width&quot;:&quot;full&quot;,&quot;jet_parallax_layout_list&quot;:[],&quot;animation&quot;:&quot;fadeInLeft&quot;}\">\n\t\t\t\t<div class=\"elementor-element elementor-element-6412dc9 elementor-widget elementor-widget-text-editor\" data-id=\"6412dc9\" data-element_type=\"widget\" data-widget_type=\"text-editor.default\">\n\t\t\t\t<div class=\"elementor-widget-container\">\n\t\t\t\t\t\t\t<p>PLAYROOM \u00fcr\u00fcn ailesinin kalbinde, yenilik\u00e7i tasar\u0131m ve kullan\u0131c\u0131 dostu aray\u00fczler bulunur. Netko Sistem, bu \u00fcr\u00fcnleri, evde e\u011flenceyi maksimize etmek ve kullan\u0131c\u0131lar\u0131n rahat bir \u015fekilde eri\u015febilmelerini sa\u011flamak i\u00e7in \u00f6zenle tasarlam\u0131\u015ft\u0131r. \u0130ster film izleme, ister m\u00fczik dinleme, ister oyun oynama olsun, PLAYROOM \u00fcr\u00fcn ailesi, her t\u00fcrl\u00fc e\u011flence ihtiyac\u0131n\u0131 kar\u015f\u0131lamak i\u00e7in \u00e7e\u015fitli se\u00e7enekler sunar.<\/p>\t\t\t\t\t\t<\/div>\n\t\t\t\t<\/div>\n\t\t\t\t<\/div>\n\t\t<div class=\"elementor-element elementor-element-a1c076c e-con-full e-flex elementor-invisible e-con e-child\" data-id=\"a1c076c\" data-element_type=\"container\" data-settings=\"{&quot;content_width&quot;:&quot;full&quot;,&quot;jet_parallax_layout_list&quot;:[],&quot;animation&quot;:&quot;fadeInRight&quot;}\">\n\t\t\t\t<div class=\"elementor-element elementor-element-96d480a elementor-widget elementor-widget-image\" data-id=\"96d480a\" data-element_type=\"widget\" data-widget_type=\"image.default\">\n\t\t\t\t<div class=\"elementor-widget-container\">\n\t\t\t\t\t\t\t\t\t\t\t\t\t\t\t<img decoding=\"async\" width=\"1024\" height=\"1024\" src=\"https:\/\/netkosistem.com\/wp-content\/uploads\/2024\/01\/2-35.png\" class=\"elementor-animation-grow attachment-large size-large wp-image-1224\" alt=\"\" srcset=\"https:\/\/netkosistem.com\/wp-content\/uploads\/2024\/01\/2-35.png 1024w, https:\/\/netkosistem.com\/wp-content\/uploads\/2024\/01\/2-35-300x300.png 300w, https:\/\/netkosistem.com\/wp-content\/uploads\/2024\/01\/2-35-150x150.png 150w, https:\/\/netkosistem.com\/wp-content\/uploads\/2024\/01\/2-35-768x768.png 768w, https:\/\/netkosistem.com\/wp-content\/uploads\/2024\/01\/2-35-12x12.png 12w, https:\/\/netkosistem.com\/wp-content\/uploads\/2024\/01\/2-35-500x500.png 500w\" sizes=\"(max-width: 1024px) 100vw, 1024px\" \/>\t\t\t\t\t\t\t\t\t\t\t\t\t\t\t<\/div>\n\t\t\t\t<\/div>\n\t\t\t\t<\/div>\n\t\t\t\t\t<\/div>\n\t\t\t\t<\/div>\n\t\t<div class=\"elementor-element elementor-element-c0737bd e-flex e-con-boxed e-con e-parent\" data-id=\"c0737bd\" data-element_type=\"container\" data-settings=\"{&quot;jet_parallax_layout_list&quot;:[],&quot;content_width&quot;:&quot;boxed&quot;}\" data-core-v316-plus=\"true\">\n\t\t\t\t\t<div class=\"e-con-inner\">\n\t\t<div class=\"elementor-element elementor-element-ce3bd41 e-con-full e-flex elementor-invisible e-con e-child\" data-id=\"ce3bd41\" data-element_type=\"container\" data-settings=\"{&quot;content_width&quot;:&quot;full&quot;,&quot;jet_parallax_layout_list&quot;:[],&quot;animation&quot;:&quot;fadeInLeft&quot;}\">\n\t\t\t\t<div class=\"elementor-element elementor-element-989e872 elementor-widget elementor-widget-image\" data-id=\"989e872\" data-element_type=\"widget\" data-widget_type=\"image.default\">\n\t\t\t\t<div class=\"elementor-widget-container\">\n\t\t\t\t\t\t\t\t\t\t\t\t\t\t\t<img decoding=\"async\" width=\"1024\" height=\"1024\" src=\"https:\/\/netkosistem.com\/wp-content\/uploads\/2024\/01\/3-31.png\" class=\"elementor-animation-grow attachment-large size-large wp-image-1225\" alt=\"\" srcset=\"https:\/\/netkosistem.com\/wp-content\/uploads\/2024\/01\/3-31.png 1024w, https:\/\/netkosistem.com\/wp-content\/uploads\/2024\/01\/3-31-300x300.png 300w, https:\/\/netkosistem.com\/wp-content\/uploads\/2024\/01\/3-31-150x150.png 150w, https:\/\/netkosistem.com\/wp-content\/uploads\/2024\/01\/3-31-768x768.png 768w, https:\/\/netkosistem.com\/wp-content\/uploads\/2024\/01\/3-31-12x12.png 12w, https:\/\/netkosistem.com\/wp-content\/uploads\/2024\/01\/3-31-500x500.png 500w\" sizes=\"(max-width: 1024px) 100vw, 1024px\" \/>\t\t\t\t\t\t\t\t\t\t\t\t\t\t\t<\/div>\n\t\t\t\t<\/div>\n\t\t\t\t<\/div>\n\t\t<div class=\"elementor-element elementor-element-ed78ab7 e-con-full e-flex elementor-invisible e-con e-child\" data-id=\"ed78ab7\" data-element_type=\"container\" data-settings=\"{&quot;content_width&quot;:&quot;full&quot;,&quot;jet_parallax_layout_list&quot;:[],&quot;animation&quot;:&quot;fadeInRight&quot;}\">\n\t\t\t\t<div class=\"elementor-element elementor-element-a609dba elementor-widget elementor-widget-text-editor\" data-id=\"a609dba\" data-element_type=\"widget\" data-widget_type=\"text-editor.default\">\n\t\t\t\t<div class=\"elementor-widget-container\">\n\t\t\t\t\t\t\t<p>PLAYROOM \u00fcr\u00fcn ailesindeki ses ve g\u00f6r\u00fcnt\u00fc sistemleri, net ve canl\u0131 g\u00f6r\u00fcnt\u00fc kalitesi ile y\u00fcksek \u00e7\u00f6z\u00fcn\u00fcrl\u00fckl\u00fc ses deneyimi sunar. Ak\u0131ll\u0131 ev otomasyon \u00e7\u00f6z\u00fcmleri, kullan\u0131c\u0131lar\u0131n ev e\u011flence sistemlerini tek bir merkezi noktadan kontrol etmelerini sa\u011flar, b\u00f6ylece kullan\u0131m kolayl\u0131\u011f\u0131 ve esneklik sa\u011flan\u0131r. Ayr\u0131ca, interaktif oyun teknolojileri, kullan\u0131c\u0131lara s\u00fcr\u00fckleyici ve e\u011flenceli bir oyun deneyimi sunmak i\u00e7in en son trendlerle uyumlu olarak geli\u015ftirilmi\u015ftir.<\/p><p>Netko Sistem, PLAYROOM \u00fcr\u00fcn ailesinin kurulumu ve entegrasyonu konusunda tam destek sunar. M\u00fc\u015fteriler, teknik kurulumdan g\u00fcnl\u00fck kullan\u0131ma kadar her a\u015famada uzman yard\u0131m\u0131 alabilirler. Ayr\u0131ca, \u015firket, m\u00fc\u015fterilerine \u00f6zelle\u015ftirilebilir e\u011flence \u00e7\u00f6z\u00fcmleri sunarak, herkesin ki\u015fisel zevklerine ve ihtiya\u00e7lar\u0131na uygun \u00e7\u00f6z\u00fcmler sa\u011flar.<\/p>\t\t\t\t\t\t<\/div>\n\t\t\t\t<\/div>\n\t\t\t\t<\/div>\n\t\t\t\t\t<\/div>\n\t\t\t\t<\/div>\n\t\t<div class=\"elementor-element elementor-element-c0433f9 e-flex e-con-boxed e-con e-parent\" data-id=\"c0433f9\" data-element_type=\"container\" data-settings=\"{&quot;jet_parallax_layout_list&quot;:[],&quot;content_width&quot;:&quot;boxed&quot;}\" data-core-v316-plus=\"true\">\n\t\t\t\t\t<div class=\"e-con-inner\">\n\t\t<div class=\"elementor-element elementor-element-75beb9b e-con-full e-flex elementor-invisible e-con e-child\" data-id=\"75beb9b\" data-element_type=\"container\" data-settings=\"{&quot;content_width&quot;:&quot;full&quot;,&quot;jet_parallax_layout_list&quot;:[],&quot;animation&quot;:&quot;fadeInLeft&quot;}\">\n\t\t\t\t<div class=\"elementor-element elementor-element-b27d2c0 elementor-widget elementor-widget-text-editor\" data-id=\"b27d2c0\" data-element_type=\"widget\" data-widget_type=\"text-editor.default\">\n\t\t\t\t<div class=\"elementor-widget-container\">\n\t\t\t\t\t\t\t<p>Sonu\u00e7 olarak, Netko Sistem&#8217;in PLAYROOM \u00fcr\u00fcn ailesi, otel e\u011flencesini yeni bir seviyeye ta\u015f\u0131yor. Bu \u00fcr\u00fcnler, e\u011flence ve teknolojiyi m\u00fckemmel bir \u015fekilde birle\u015ftirirken, kullan\u0131c\u0131lara konforlu, e\u011flenceli ve yenilik\u00e7i bir deneyim sunar. Netko Sistem, PLAYROOM \u00fcr\u00fcn ailesiyle m\u00fc\u015fterilerine en \u00fcst d\u00fczeyde hizmet ve destek sunarak, onlar\u0131n ya\u015fam tarzlar\u0131n\u0131 zenginle\u015ftirmelerine yard\u0131mc\u0131 olur.<\/p>\t\t\t\t\t\t<\/div>\n\t\t\t\t<\/div>\n\t\t\t\t<\/div>\n\t\t<div class=\"elementor-element elementor-element-0a46b19 e-con-full e-flex elementor-invisible e-con e-child\" data-id=\"0a46b19\" data-element_type=\"container\" data-settings=\"{&quot;content_width&quot;:&quot;full&quot;,&quot;jet_parallax_layout_list&quot;:[],&quot;animation&quot;:&quot;fadeInRight&quot;}\">\n\t\t\t\t<div class=\"elementor-element elementor-element-9a9bc24 elementor-widget elementor-widget-image\" data-id=\"9a9bc24\" data-element_type=\"widget\" data-widget_type=\"image.default\">\n\t\t\t\t<div class=\"elementor-widget-container\">\n\t\t\t\t\t\t\t\t\t\t\t\t\t\t\t<img loading=\"lazy\" decoding=\"async\" width=\"1024\" height=\"1024\" src=\"https:\/\/netkosistem.com\/wp-content\/uploads\/2024\/01\/4-30.png\" class=\"elementor-animation-grow attachment-large size-large wp-image-1226\" alt=\"\" srcset=\"https:\/\/netkosistem.com\/wp-content\/uploads\/2024\/01\/4-30.png 1024w, https:\/\/netkosistem.com\/wp-content\/uploads\/2024\/01\/4-30-300x300.png 300w, https:\/\/netkosistem.com\/wp-content\/uploads\/2024\/01\/4-30-150x150.png 150w, https:\/\/netkosistem.com\/wp-content\/uploads\/2024\/01\/4-30-768x768.png 768w, https:\/\/netkosistem.com\/wp-content\/uploads\/2024\/01\/4-30-12x12.png 12w, https:\/\/netkosistem.com\/wp-content\/uploads\/2024\/01\/4-30-500x500.png 500w\" sizes=\"(max-width: 1024px) 100vw, 1024px\" \/>\t\t\t\t\t\t\t\t\t\t\t\t\t\t\t<\/div>\n\t\t\t\t<\/div>\n\t\t\t\t<\/div>\n\t\t\t\t\t<\/div>\n\t\t\t\t<\/div>\n\t\t<div class=\"elementor-element elementor-element-525966c e-flex e-con-boxed e-con e-parent\" data-id=\"525966c\" data-element_type=\"container\" data-settings=\"{&quot;jet_parallax_layout_list&quot;:[],&quot;content_width&quot;:&quot;boxed&quot;}\" data-core-v316-plus=\"true\">\n\t\t\t\t\t<div class=\"e-con-inner\">\n\t\t\t\t<div class=\"elementor-element elementor-element-ad124e0 elementor-align-center elementor-mobile-align-center elementor-widget elementor-widget-raven-button\" data-id=\"ad124e0\" data-element_type=\"widget\" data-settings=\"{&quot;turn_to_popup_action_button&quot;:&quot;no&quot;}\" data-widget_type=\"raven-button.default\">\n\t\t\t\t<div class=\"elementor-widget-container\">\n\t\t\t\t\t<div class=\"raven-widget-wrapper\">\n\t\t\t<a class=\"raven-button raven-button-widget-normal-effect-shine raven-button-text-align-center raven-button-link elementor-animation-grow\" href=\"https:\/\/netkosistem.com\/index.php\/contact\/\">\t\t\t\t<div class=\"raven-button-overlay\" ><\/div>\n\t\t\t\t<span class=\"raven-button-content\">\n\t\t\t\t\t\n\t\t\t\t\t<div class=\"button-text-container\">\n\t\t\t\t\t\t\t\t\t\t\t\t<div class=\"raven-button-texts-wrapper\">\n\t\t\t\t\t\t\t<div class=\"button-text\">\n\t\t\t\t\t\t\t\t<span class=\"raven-button-text\">\n\t\t\t\t\t\t\t\t\tTeklif Al\t\t\t\t\t\t\t\t<\/span>\n\t\t\t\t\t\t\t<\/div>\n\t\t\t\t\t\t\t\t\t\t\t\t\t<\/div>\n\t\t\t\t\t\t\t\t\t\t\t<\/div>\n\t\t\t\t\t\n\t\t\t\t\t\t\t\t\t<\/span>\n\t\t\t<\/a>\t\t<\/div>\n\t\t\t\t<\/div>\n\t\t\t\t<\/div>\n\t\t\t\t\t<\/div>\n\t\t\t\t<\/div>\n\t\t\t\t\t\t\t<\/div>","protected":false},"excerpt":{"rendered":"<p>PLAYROOM \u00dcr\u00fcn Ailesi Netko Sistem: PLAYROOM \u00dcr\u00fcn Ailesi ile E\u011flence ve Teknolojiyi Bulu\u015fturun Netko Sistem Teknoloji ve Bilgi \u0130\u015flem Hizmetleri San. Tic. Ltd. \u015eti., PLAYROOM \u00fcr\u00fcn ailesiyle, hem e\u011flence hem de teknolojiyi bir araya getirerek kullan\u0131c\u0131 deneyimini zenginle\u015ftiriyor. PLAYROOM \u00fcr\u00fcn ailesi, modern ya\u015fam alanlar\u0131na yenilik\u00e7i ve e\u011flenceli bir dokunu\u015f katmak i\u00e7in tasarlanm\u0131\u015ft\u0131r. Bu \u00fcr\u00fcnler, y\u00fcksek [&hellip;]<\/p>","protected":false},"author":1,"featured_media":0,"parent":0,"menu_order":0,"comment_status":"closed","ping_status":"closed","template":"elementor_header_footer","meta":{"footnotes":""},"class_list":["post-1214","page","type-page","status-publish","hentry"],"acf":[],"yoast_head":"<!-- This site is optimized with the Yoast SEO Premium plugin v21.8 (Yoast SEO v21.8) - https:\/\/yoast.com\/wordpress\/plugins\/seo\/ -->\n<title>PLAYROOM \u00dcr\u00fcn Ailesi - Netko Sistem Teknoloji - Alanya Zay\u0131f Ak\u0131m Sistemleri<\/title>\n<meta name=\"robots\" content=\"index, follow, max-snippet:-1, max-image-preview:large, max-video-preview:-1\" \/>\n<link rel=\"canonical\" href=\"https:\/\/netkosistem.com\/en\/playroom-urun-ailesi\/\" \/>\n<meta property=\"og:locale\" content=\"en_US\" \/>\n<meta property=\"og:type\" content=\"article\" \/>\n<meta property=\"og:title\" content=\"PLAYROOM \u00dcr\u00fcn Ailesi - Netko Sistem Teknoloji - Alanya Zay\u0131f Ak\u0131m Sistemleri\" \/>\n<meta property=\"og:description\" content=\"PLAYROOM \u00dcr\u00fcn Ailesi Netko Sistem: PLAYROOM \u00dcr\u00fcn Ailesi ile E\u011flence ve Teknolojiyi Bulu\u015fturun Netko Sistem Teknoloji ve Bilgi \u0130\u015flem Hizmetleri San. Tic. Ltd. \u015eti., PLAYROOM \u00fcr\u00fcn ailesiyle, hem e\u011flence hem de teknolojiyi bir araya getirerek kullan\u0131c\u0131 deneyimini zenginle\u015ftiriyor. PLAYROOM \u00fcr\u00fcn ailesi, modern ya\u015fam alanlar\u0131na yenilik\u00e7i ve e\u011flenceli bir dokunu\u015f katmak i\u00e7in tasarlanm\u0131\u015ft\u0131r. Bu \u00fcr\u00fcnler, y\u00fcksek [&hellip;]\" \/>\n<meta property=\"og:url\" content=\"https:\/\/netkosistem.com\/en\/playroom-urun-ailesi\/\" \/>\n<meta property=\"og:site_name\" content=\"Netko Sistem Teknoloji - Alanya Zay\u0131f Ak\u0131m Sistemleri\" \/>\n<meta property=\"article:publisher\" content=\"https:\/\/www.facebook.com\/netkosistem\" \/>\n<meta property=\"article:modified_time\" content=\"2024-07-14T22:05:05+00:00\" \/>\n<meta property=\"og:image\" content=\"https:\/\/netkosistem.com\/wp-content\/uploads\/2024\/01\/1-35.png\" \/>\n<meta name=\"twitter:card\" content=\"summary_large_image\" \/>\n<script type=\"application\/ld+json\" class=\"yoast-schema-graph\">{\"@context\":\"https:\/\/schema.org\",\"@graph\":[{\"@type\":\"WebPage\",\"@id\":\"https:\/\/netkosistem.com\/playroom-urun-ailesi\/\",\"url\":\"https:\/\/netkosistem.com\/playroom-urun-ailesi\/\",\"name\":\"PLAYROOM \u00dcr\u00fcn Ailesi - Netko Sistem Teknoloji - Alanya Zay\u0131f Ak\u0131m Sistemleri\",\"isPartOf\":{\"@id\":\"https:\/\/netkosistem.com\/#website\"},\"datePublished\":\"2024-01-15T04:47:59+00:00\",\"dateModified\":\"2024-07-14T22:05:05+00:00\",\"inLanguage\":\"en-US\",\"potentialAction\":[{\"@type\":\"ReadAction\",\"target\":[\"https:\/\/netkosistem.com\/playroom-urun-ailesi\/\"]}]},{\"@type\":\"WebSite\",\"@id\":\"https:\/\/netkosistem.com\/#website\",\"url\":\"https:\/\/netkosistem.com\/\",\"name\":\"Netko Sistem Teknoloji\",\"description\":\"Netko Sistem Teknoloji - Alanya Zay\u0131f Ak\u0131m Sistemleri\",\"publisher\":{\"@id\":\"https:\/\/netkosistem.com\/#organization\"},\"potentialAction\":[{\"@type\":\"SearchAction\",\"target\":{\"@type\":\"EntryPoint\",\"urlTemplate\":\"https:\/\/netkosistem.com\/?s={search_term_string}\"},\"query-input\":\"required name=search_term_string\"}],\"inLanguage\":\"en-US\"},{\"@type\":\"Organization\",\"@id\":\"https:\/\/netkosistem.com\/#organization\",\"name\":\"Netko Sistem Teknoloji\",\"url\":\"https:\/\/netkosistem.com\/\",\"logo\":{\"@type\":\"ImageObject\",\"inLanguage\":\"en-US\",\"@id\":\"https:\/\/netkosistem.com\/#\/schema\/logo\/image\/\",\"url\":\"https:\/\/netkosistem.com\/wp-content\/uploads\/2024\/01\/Adsiz-tasarim.png\",\"contentUrl\":\"https:\/\/netkosistem.com\/wp-content\/uploads\/2024\/01\/Adsiz-tasarim.png\",\"width\":1024,\"height\":1024,\"caption\":\"Netko Sistem Teknoloji\"},\"image\":{\"@id\":\"https:\/\/netkosistem.com\/#\/schema\/logo\/image\/\"},\"sameAs\":[\"https:\/\/www.facebook.com\/netkosistem\",\"https:\/\/www.instagram.com\/netkosistem\/\"]}]}<\/script>\n<!-- \/ Yoast SEO Premium plugin. -->","yoast_head_json":{"title":"PLAYROOM \u00dcr\u00fcn Ailesi - Netko Sistem Teknoloji - Alanya Zay\u0131f Ak\u0131m Sistemleri","robots":{"index":"index","follow":"follow","max-snippet":"max-snippet:-1","max-image-preview":"max-image-preview:large","max-video-preview":"max-video-preview:-1"},"canonical":"https:\/\/netkosistem.com\/en\/playroom-urun-ailesi\/","og_locale":"en_US","og_type":"article","og_title":"PLAYROOM \u00dcr\u00fcn Ailesi - Netko Sistem Teknoloji - Alanya Zay\u0131f Ak\u0131m Sistemleri","og_description":"PLAYROOM \u00dcr\u00fcn Ailesi Netko Sistem: PLAYROOM \u00dcr\u00fcn Ailesi ile E\u011flence ve Teknolojiyi Bulu\u015fturun Netko Sistem Teknoloji ve Bilgi \u0130\u015flem Hizmetleri San. Tic. Ltd. \u015eti., PLAYROOM \u00fcr\u00fcn ailesiyle, hem e\u011flence hem de teknolojiyi bir araya getirerek kullan\u0131c\u0131 deneyimini zenginle\u015ftiriyor. PLAYROOM \u00fcr\u00fcn ailesi, modern ya\u015fam alanlar\u0131na yenilik\u00e7i ve e\u011flenceli bir dokunu\u015f katmak i\u00e7in tasarlanm\u0131\u015ft\u0131r. Bu \u00fcr\u00fcnler, y\u00fcksek [&hellip;]","og_url":"https:\/\/netkosistem.com\/en\/playroom-urun-ailesi\/","og_site_name":"Netko Sistem Teknoloji - Alanya Zay\u0131f Ak\u0131m Sistemleri","article_publisher":"https:\/\/www.facebook.com\/netkosistem","article_modified_time":"2024-07-14T22:05:05+00:00","og_image":[{"url":"https:\/\/netkosistem.com\/wp-content\/uploads\/2024\/01\/1-35.png"}],"twitter_card":"summary_large_image","schema":{"@context":"https:\/\/schema.org","@graph":[{"@type":"WebPage","@id":"https:\/\/netkosistem.com\/playroom-urun-ailesi\/","url":"https:\/\/netkosistem.com\/playroom-urun-ailesi\/","name":"PLAYROOM \u00dcr\u00fcn Ailesi - Netko Sistem Teknoloji - Alanya Zay\u0131f Ak\u0131m Sistemleri","isPartOf":{"@id":"https:\/\/netkosistem.com\/#website"},"datePublished":"2024-01-15T04:47:59+00:00","dateModified":"2024-07-14T22:05:05+00:00","inLanguage":"en-US","potentialAction":[{"@type":"ReadAction","target":["https:\/\/netkosistem.com\/playroom-urun-ailesi\/"]}]},{"@type":"WebSite","@id":"https:\/\/netkosistem.com\/#website","url":"https:\/\/netkosistem.com\/","name":"Netko Sistem Teknoloji","description":"Netko Sistem Teknoloji - Alanya Zay\u0131f Ak\u0131m Sistemleri","publisher":{"@id":"https:\/\/netkosistem.com\/#organization"},"potentialAction":[{"@type":"SearchAction","target":{"@type":"EntryPoint","urlTemplate":"https:\/\/netkosistem.com\/?s={search_term_string}"},"query-input":"required name=search_term_string"}],"inLanguage":"en-US"},{"@type":"Organization","@id":"https:\/\/netkosistem.com\/#organization","name":"Netko Sistem Teknoloji","url":"https:\/\/netkosistem.com\/","logo":{"@type":"ImageObject","inLanguage":"en-US","@id":"https:\/\/netkosistem.com\/#\/schema\/logo\/image\/","url":"https:\/\/netkosistem.com\/wp-content\/uploads\/2024\/01\/Adsiz-tasarim.png","contentUrl":"https:\/\/netkosistem.com\/wp-content\/uploads\/2024\/01\/Adsiz-tasarim.png","width":1024,"height":1024,"caption":"Netko Sistem Teknoloji"},"image":{"@id":"https:\/\/netkosistem.com\/#\/schema\/logo\/image\/"},"sameAs":["https:\/\/www.facebook.com\/netkosistem","https:\/\/www.instagram.com\/netkosistem\/"]}]}},"_links":{"self":[{"href":"https:\/\/netkosistem.com\/en\/wp-json\/wp\/v2\/pages\/1214","targetHints":{"allow":["GET"]}}],"collection":[{"href":"https:\/\/netkosistem.com\/en\/wp-json\/wp\/v2\/pages"}],"about":[{"href":"https:\/\/netkosistem.com\/en\/wp-json\/wp\/v2\/types\/page"}],"author":[{"embeddable":true,"href":"https:\/\/netkosistem.com\/en\/wp-json\/wp\/v2\/users\/1"}],"replies":[{"embeddable":true,"href":"https:\/\/netkosistem.com\/en\/wp-json\/wp\/v2\/comments?post=1214"}],"version-history":[{"count":7,"href":"https:\/\/netkosistem.com\/en\/wp-json\/wp\/v2\/pages\/1214\/revisions"}],"predecessor-version":[{"id":2177,"href":"https:\/\/netkosistem.com\/en\/wp-json\/wp\/v2\/pages\/1214\/revisions\/2177"}],"wp:attachment":[{"href":"https:\/\/netkosistem.com\/en\/wp-json\/wp\/v2\/media?parent=1214"}],"curies":[{"name":"wp","href":"https:\/\/api.w.org\/{rel}","templated":true}]}}