{"id":1141,"date":"2024-01-15T07:15:13","date_gmt":"2024-01-15T04:15:13","guid":{"rendered":"https:\/\/netkosistem.com\/?page_id=1141"},"modified":"2024-01-15T07:22:25","modified_gmt":"2024-01-15T04:22:25","slug":"akilli-ev-sistemleri","status":"publish","type":"page","link":"https:\/\/netkosistem.com\/en\/akilli-ev-sistemleri\/","title":{"rendered":"Ak\u0131ll\u0131 Ev Sistemleri"},"content":{"rendered":"<div data-elementor-type=\"wp-page\" data-elementor-id=\"1141\" class=\"elementor elementor-1141\" data-elementor-post-type=\"page\">\n\t\t\t\t\t\t\t<div class=\"elementor-element elementor-element-db8a062 e-flex e-con-boxed elementor-invisible e-con e-parent\" data-id=\"db8a062\" data-element_type=\"container\" data-settings=\"{&quot;jet_parallax_layout_list&quot;:[],&quot;animation&quot;:&quot;fadeInUp&quot;,&quot;content_width&quot;:&quot;boxed&quot;}\" data-core-v316-plus=\"true\">\n\t\t\t\t\t<div class=\"e-con-inner\">\n\t\t\t\t<div class=\"elementor-element elementor-element-50f2b7a elementor-widget elementor-widget-heading\" data-id=\"50f2b7a\" data-element_type=\"widget\" data-widget_type=\"heading.default\">\n\t\t\t\t<div class=\"elementor-widget-container\">\n\t\t\t<style>\/*! elementor - v3.18.0 - 04-12-2023 *\/\n.elementor-heading-title{padding:0;margin:0;line-height:1}.elementor-widget-heading .elementor-heading-title[class*=elementor-size-]>a{color:inherit;font-size:inherit;line-height:inherit}.elementor-widget-heading .elementor-heading-title.elementor-size-small{font-size:15px}.elementor-widget-heading .elementor-heading-title.elementor-size-medium{font-size:19px}.elementor-widget-heading .elementor-heading-title.elementor-size-large{font-size:29px}.elementor-widget-heading .elementor-heading-title.elementor-size-xl{font-size:39px}.elementor-widget-heading .elementor-heading-title.elementor-size-xxl{font-size:59px}<\/style><h2 class=\"elementor-heading-title elementor-size-default\">Ak\u0131ll\u0131 Ev Sistemleri<\/h2>\t\t<\/div>\n\t\t\t\t<\/div>\n\t\t\t\t\t<\/div>\n\t\t\t\t<\/div>\n\t\t<div class=\"elementor-element elementor-element-8f30f03 e-flex e-con-boxed e-con e-parent\" data-id=\"8f30f03\" data-element_type=\"container\" data-settings=\"{&quot;jet_parallax_layout_list&quot;:[],&quot;content_width&quot;:&quot;boxed&quot;}\" data-core-v316-plus=\"true\">\n\t\t\t\t\t<div class=\"e-con-inner\">\n\t\t<div class=\"elementor-element elementor-element-a0044e9 e-con-full e-flex elementor-invisible e-con e-child\" data-id=\"a0044e9\" data-element_type=\"container\" data-settings=\"{&quot;content_width&quot;:&quot;full&quot;,&quot;jet_parallax_layout_list&quot;:[],&quot;animation&quot;:&quot;fadeInLeft&quot;}\">\n\t\t\t\t<div class=\"elementor-element elementor-element-cb3901c elementor-widget elementor-widget-image\" data-id=\"cb3901c\" data-element_type=\"widget\" data-widget_type=\"image.default\">\n\t\t\t\t<div class=\"elementor-widget-container\">\n\t\t\t<style>\/*! elementor - v3.18.0 - 04-12-2023 *\/\n.elementor-widget-image{text-align:center}.elementor-widget-image a{display:inline-block}.elementor-widget-image a img[src$=\".svg\"]{width:48px}.elementor-widget-image img{vertical-align:middle;display:inline-block}<\/style>\t\t\t\t\t\t\t\t\t\t\t\t<img fetchpriority=\"high\" decoding=\"async\" width=\"1024\" height=\"1024\" src=\"https:\/\/netkosistem.com\/wp-content\/uploads\/2024\/01\/1-30.png\" class=\"elementor-animation-grow attachment-large size-large wp-image-1152\" alt=\"\" srcset=\"https:\/\/netkosistem.com\/wp-content\/uploads\/2024\/01\/1-30.png 1024w, https:\/\/netkosistem.com\/wp-content\/uploads\/2024\/01\/1-30-300x300.png 300w, https:\/\/netkosistem.com\/wp-content\/uploads\/2024\/01\/1-30-150x150.png 150w, https:\/\/netkosistem.com\/wp-content\/uploads\/2024\/01\/1-30-768x768.png 768w, https:\/\/netkosistem.com\/wp-content\/uploads\/2024\/01\/1-30-12x12.png 12w, https:\/\/netkosistem.com\/wp-content\/uploads\/2024\/01\/1-30-500x500.png 500w\" sizes=\"(max-width: 1024px) 100vw, 1024px\" \/>\t\t\t\t\t\t\t\t\t\t\t\t\t\t\t<\/div>\n\t\t\t\t<\/div>\n\t\t\t\t<\/div>\n\t\t<div class=\"elementor-element elementor-element-e29e8f1 e-con-full e-flex elementor-invisible e-con e-child\" data-id=\"e29e8f1\" data-element_type=\"container\" data-settings=\"{&quot;content_width&quot;:&quot;full&quot;,&quot;jet_parallax_layout_list&quot;:[],&quot;animation&quot;:&quot;fadeInRight&quot;}\">\n\t\t\t\t<div class=\"elementor-element elementor-element-58fd5ae elementor-widget elementor-widget-text-editor\" data-id=\"58fd5ae\" data-element_type=\"widget\" data-widget_type=\"text-editor.default\">\n\t\t\t\t<div class=\"elementor-widget-container\">\n\t\t\t<style>\/*! elementor - v3.18.0 - 04-12-2023 *\/\n.elementor-widget-text-editor.elementor-drop-cap-view-stacked .elementor-drop-cap{background-color:#69727d;color:#fff}.elementor-widget-text-editor.elementor-drop-cap-view-framed .elementor-drop-cap{color:#69727d;border:3px solid;background-color:transparent}.elementor-widget-text-editor:not(.elementor-drop-cap-view-default) .elementor-drop-cap{margin-top:8px}.elementor-widget-text-editor:not(.elementor-drop-cap-view-default) .elementor-drop-cap-letter{width:1em;height:1em}.elementor-widget-text-editor .elementor-drop-cap{float:left;text-align:center;line-height:1;font-size:50px}.elementor-widget-text-editor .elementor-drop-cap-letter{display:inline-block}<\/style>\t\t\t\t<p><strong>Netko Sistem: Ak\u0131ll\u0131 Ev Sistemleriyle Konfor ve G\u00fcvenlikte Yenilik\u00e7i Yakla\u015f\u0131mlar<\/strong><\/p><p>Netko Sistem Teknoloji ve Bilgi \u0130\u015flem Hizmetleri San. Tic. Ltd. \u015eti., ak\u0131ll\u0131 ev sistemleri sunarak evlerin konforunu ve g\u00fcvenli\u011fini art\u0131rmakta \u00f6nc\u00fc bir rol oynamaktad\u0131r. Ak\u0131ll\u0131 ev sistemleri, ev otomasyonunun en yeni teknolojilerini kullanarak, g\u00fcnl\u00fck ya\u015fam\u0131 daha kolay ve daha verimli hale getirir. Netko Sistem, bu sistemlerin kurulumu, entegrasyonu ve y\u00f6netiminde uzmanl\u0131k sa\u011flayarak, m\u00fc\u015fterilerine y\u00fcksek kaliteli ve kullan\u0131c\u0131 dostu \u00e7\u00f6z\u00fcmler sunar.<\/p>\t\t\t\t\t\t<\/div>\n\t\t\t\t<\/div>\n\t\t\t\t<\/div>\n\t\t\t\t\t<\/div>\n\t\t\t\t<\/div>\n\t\t<div class=\"elementor-element elementor-element-da25423 e-flex e-con-boxed e-con e-parent\" data-id=\"da25423\" data-element_type=\"container\" data-settings=\"{&quot;jet_parallax_layout_list&quot;:[],&quot;content_width&quot;:&quot;boxed&quot;}\" data-core-v316-plus=\"true\">\n\t\t\t\t\t<div class=\"e-con-inner\">\n\t\t<div class=\"elementor-element elementor-element-1cb6b2b e-con-full e-flex elementor-invisible e-con e-child\" data-id=\"1cb6b2b\" data-element_type=\"container\" data-settings=\"{&quot;content_width&quot;:&quot;full&quot;,&quot;jet_parallax_layout_list&quot;:[],&quot;animation&quot;:&quot;fadeInLeft&quot;}\">\n\t\t\t\t<div class=\"elementor-element elementor-element-4370950 elementor-widget elementor-widget-text-editor\" data-id=\"4370950\" data-element_type=\"widget\" data-widget_type=\"text-editor.default\">\n\t\t\t\t<div class=\"elementor-widget-container\">\n\t\t\t\t\t\t\t<div class=\"min-h-[20px] text-message flex flex-col items-start gap-3 whitespace-pre-wrap break-words [.text-message+&amp;]:mt-5 overflow-x-auto\" data-message-author-role=\"assistant\" data-message-id=\"cd5838e3-9894-4018-a6af-05944e9876f3\"><div class=\"markdown prose w-full break-words dark:prose-invert light\"><p>Netko Sistem taraf\u0131ndan sunulan ak\u0131ll\u0131 ev sistemleri, ayd\u0131nlatma kontrol\u00fc, \u0131s\u0131tma ve so\u011futma sistemleri y\u00f6netimi, g\u00fcvenlik kameralar\u0131, alarm sistemleri ve sesli asistan entegrasyonu gibi bir dizi \u00f6zellik i\u00e7erir. Bu sistemler, ev sahiplerine enerji tasarrufu, g\u00fcvenlik ve konfor sa\u011flarken, ayn\u0131 zamanda evlerini daha ak\u0131ll\u0131 ve ba\u011flant\u0131l\u0131 hale getirir.<\/p><p>Ak\u0131ll\u0131 ev sistemlerinin en b\u00fcy\u00fck avantajlar\u0131ndan biri, uzaktan kontrol ve eri\u015fimdir. Netko Sistem, m\u00fc\u015fterilerine \u00f6zelle\u015ftirilmi\u015f mobil uygulamalar ve web aray\u00fczleri sunarak, evlerini nerede olurlarsa olsunlar kontrol etme imkan\u0131 sa\u011flar.<\/p><\/div><\/div>\t\t\t\t\t\t<\/div>\n\t\t\t\t<\/div>\n\t\t\t\t<\/div>\n\t\t<div class=\"elementor-element elementor-element-20c150f e-con-full e-flex elementor-invisible e-con e-child\" data-id=\"20c150f\" data-element_type=\"container\" data-settings=\"{&quot;content_width&quot;:&quot;full&quot;,&quot;jet_parallax_layout_list&quot;:[],&quot;animation&quot;:&quot;fadeInRight&quot;}\">\n\t\t\t\t<div class=\"elementor-element elementor-element-e731890 elementor-widget elementor-widget-image\" data-id=\"e731890\" data-element_type=\"widget\" data-widget_type=\"image.default\">\n\t\t\t\t<div class=\"elementor-widget-container\">\n\t\t\t\t\t\t\t\t\t\t\t\t\t\t\t<img decoding=\"async\" width=\"1024\" height=\"1024\" src=\"https:\/\/netkosistem.com\/wp-content\/uploads\/2024\/01\/2-30.png\" class=\"elementor-animation-grow attachment-large size-large wp-image-1153\" alt=\"\" srcset=\"https:\/\/netkosistem.com\/wp-content\/uploads\/2024\/01\/2-30.png 1024w, https:\/\/netkosistem.com\/wp-content\/uploads\/2024\/01\/2-30-300x300.png 300w, https:\/\/netkosistem.com\/wp-content\/uploads\/2024\/01\/2-30-150x150.png 150w, https:\/\/netkosistem.com\/wp-content\/uploads\/2024\/01\/2-30-768x768.png 768w, https:\/\/netkosistem.com\/wp-content\/uploads\/2024\/01\/2-30-12x12.png 12w, https:\/\/netkosistem.com\/wp-content\/uploads\/2024\/01\/2-30-500x500.png 500w\" sizes=\"(max-width: 1024px) 100vw, 1024px\" \/>\t\t\t\t\t\t\t\t\t\t\t\t\t\t\t<\/div>\n\t\t\t\t<\/div>\n\t\t\t\t<\/div>\n\t\t\t\t\t<\/div>\n\t\t\t\t<\/div>\n\t\t<div class=\"elementor-element elementor-element-f99ee97 e-flex e-con-boxed e-con e-parent\" data-id=\"f99ee97\" data-element_type=\"container\" data-settings=\"{&quot;jet_parallax_layout_list&quot;:[],&quot;content_width&quot;:&quot;boxed&quot;}\" data-core-v316-plus=\"true\">\n\t\t\t\t\t<div class=\"e-con-inner\">\n\t\t<div class=\"elementor-element elementor-element-6f38fa9 e-con-full e-flex elementor-invisible e-con e-child\" data-id=\"6f38fa9\" data-element_type=\"container\" data-settings=\"{&quot;content_width&quot;:&quot;full&quot;,&quot;jet_parallax_layout_list&quot;:[],&quot;animation&quot;:&quot;fadeInLeft&quot;}\">\n\t\t\t\t<div class=\"elementor-element elementor-element-f365d2c elementor-widget elementor-widget-image\" data-id=\"f365d2c\" data-element_type=\"widget\" data-widget_type=\"image.default\">\n\t\t\t\t<div class=\"elementor-widget-container\">\n\t\t\t\t\t\t\t\t\t\t\t\t\t\t\t<img decoding=\"async\" width=\"1024\" height=\"1024\" src=\"https:\/\/netkosistem.com\/wp-content\/uploads\/2024\/01\/3-27.png\" class=\"elementor-animation-grow attachment-large size-large wp-image-1154\" alt=\"\" srcset=\"https:\/\/netkosistem.com\/wp-content\/uploads\/2024\/01\/3-27.png 1024w, https:\/\/netkosistem.com\/wp-content\/uploads\/2024\/01\/3-27-300x300.png 300w, https:\/\/netkosistem.com\/wp-content\/uploads\/2024\/01\/3-27-150x150.png 150w, https:\/\/netkosistem.com\/wp-content\/uploads\/2024\/01\/3-27-768x768.png 768w, https:\/\/netkosistem.com\/wp-content\/uploads\/2024\/01\/3-27-12x12.png 12w, https:\/\/netkosistem.com\/wp-content\/uploads\/2024\/01\/3-27-500x500.png 500w\" sizes=\"(max-width: 1024px) 100vw, 1024px\" \/>\t\t\t\t\t\t\t\t\t\t\t\t\t\t\t<\/div>\n\t\t\t\t<\/div>\n\t\t\t\t<\/div>\n\t\t<div class=\"elementor-element elementor-element-2fb8ab6 e-con-full e-flex elementor-invisible e-con e-child\" data-id=\"2fb8ab6\" data-element_type=\"container\" data-settings=\"{&quot;content_width&quot;:&quot;full&quot;,&quot;jet_parallax_layout_list&quot;:[],&quot;animation&quot;:&quot;fadeInRight&quot;}\">\n\t\t\t\t<div class=\"elementor-element elementor-element-0ac177a elementor-widget elementor-widget-text-editor\" data-id=\"0ac177a\" data-element_type=\"widget\" data-widget_type=\"text-editor.default\">\n\t\t\t\t<div class=\"elementor-widget-container\">\n\t\t\t\t\t\t\t<div class=\"min-h-[20px] text-message flex flex-col items-start gap-3 whitespace-pre-wrap break-words [.text-message+&amp;]:mt-5 overflow-x-auto\" data-message-author-role=\"assistant\" data-message-id=\"004948ad-5691-47c6-b526-c1f4d7c2724a\"><div class=\"markdown prose w-full break-words dark:prose-invert light\"><p>Bu, ev sahiplerinin \u0131\u015f\u0131klar\u0131 a\u00e7\u0131p kapatmalar\u0131na, \u0131s\u0131tma ve so\u011futma sistemlerini ayarlamalar\u0131na ve g\u00fcvenlik kameralar\u0131n\u0131 izlemelerine olanak tan\u0131r, b\u00f6ylece her zaman evlerinin g\u00fcvende oldu\u011fundan emin olabilirler.<\/p><p>G\u00fcvenlik, Netko Sistem&#8217;in ak\u0131ll\u0131 ev sistemlerinde \u00f6ncelikli bir konudur. \u015eirket, geli\u015fmi\u015f g\u00fcvenlik kameralar\u0131, hareket dedekt\u00f6rleri ve entegre alarm sistemleri sunarak, ev sahiplerinin g\u00fcvenli\u011fini maksimize eder. Ayr\u0131ca, sistemlerdeki t\u00fcm veri al\u0131\u015fveri\u015fleri, g\u00fc\u00e7l\u00fc \u015fifreleme ve g\u00fcvenlik protokolleri ile korunur, bu da kullan\u0131c\u0131lar\u0131n gizlili\u011fini ve g\u00fcvenli\u011fini sa\u011flar.<\/p><\/div><\/div>\t\t\t\t\t\t<\/div>\n\t\t\t\t<\/div>\n\t\t\t\t<\/div>\n\t\t\t\t\t<\/div>\n\t\t\t\t<\/div>\n\t\t<div class=\"elementor-element elementor-element-1f80ae2 e-flex e-con-boxed e-con e-parent\" data-id=\"1f80ae2\" data-element_type=\"container\" data-settings=\"{&quot;jet_parallax_layout_list&quot;:[],&quot;content_width&quot;:&quot;boxed&quot;}\" data-core-v316-plus=\"true\">\n\t\t\t\t\t<div class=\"e-con-inner\">\n\t\t<div class=\"elementor-element elementor-element-939f22a e-con-full e-flex elementor-invisible e-con e-child\" data-id=\"939f22a\" data-element_type=\"container\" data-settings=\"{&quot;content_width&quot;:&quot;full&quot;,&quot;jet_parallax_layout_list&quot;:[],&quot;animation&quot;:&quot;fadeInLeft&quot;}\">\n\t\t\t\t<div class=\"elementor-element elementor-element-1978b72 elementor-widget elementor-widget-text-editor\" data-id=\"1978b72\" data-element_type=\"widget\" data-widget_type=\"text-editor.default\">\n\t\t\t\t<div class=\"elementor-widget-container\">\n\t\t\t\t\t\t\t<div class=\"min-h-[20px] text-message flex flex-col items-start gap-3 whitespace-pre-wrap break-words [.text-message+&amp;]:mt-5 overflow-x-auto\" data-message-author-role=\"assistant\" data-message-id=\"f4b1bc22-6482-45d0-b6c7-c48d5e88749a\"><div class=\"markdown prose w-full break-words dark:prose-invert light\"><p>Netko Sistem, ak\u0131ll\u0131 ev sistemlerinin kurulumu ve bak\u0131m\u0131nda tam destek sunar. M\u00fc\u015fteriler, sistemlerin kurulumundan g\u00fcnl\u00fck kullan\u0131ma kadar her a\u015famada uzman yard\u0131m\u0131 alabilirler. D\u00fczenli bak\u0131m ve g\u00fcncellemeler, sistemlerin s\u00fcrekli olarak en y\u00fcksek performansla \u00e7al\u0131\u015fmas\u0131n\u0131 ve teknolojinin en son yenilikleriyle uyumlu kalmas\u0131n\u0131 sa\u011flar.<\/p><p>Sonu\u00e7 olarak, Netko Sistem&#8217;in ak\u0131ll\u0131 ev sistemleri, ev sahiplerine modern, kullan\u0131\u015fl\u0131 ve g\u00fcvenli bir ya\u015fam alan\u0131 sunar. Bu sistemler, ev otomasyonunun sundu\u011fu t\u00fcm avantajlar\u0131 ev sahiplerine getirirken, g\u00fcnl\u00fck ya\u015fam\u0131 daha konforlu ve verimli hale getirir. Netko Sistem , m\u00fc\u015fterilerine ak\u0131ll\u0131 ev sistemleri konusunda en \u00fcst d\u00fczeyde hizmet ve destek sunarak, onlar\u0131n ya\u015fam kalitelerini art\u0131rmalar\u0131na yard\u0131mc\u0131 olur.<\/p><\/div><\/div>\t\t\t\t\t\t<\/div>\n\t\t\t\t<\/div>\n\t\t\t\t<\/div>\n\t\t<div class=\"elementor-element elementor-element-d7b4eab e-con-full e-flex elementor-invisible e-con e-child\" data-id=\"d7b4eab\" data-element_type=\"container\" data-settings=\"{&quot;content_width&quot;:&quot;full&quot;,&quot;jet_parallax_layout_list&quot;:[],&quot;animation&quot;:&quot;fadeInRight&quot;}\">\n\t\t\t\t<div class=\"elementor-element elementor-element-91ebd0b elementor-widget elementor-widget-image\" data-id=\"91ebd0b\" data-element_type=\"widget\" data-widget_type=\"image.default\">\n\t\t\t\t<div class=\"elementor-widget-container\">\n\t\t\t\t\t\t\t\t\t\t\t\t\t\t\t<img loading=\"lazy\" decoding=\"async\" width=\"1024\" height=\"1024\" src=\"https:\/\/netkosistem.com\/wp-content\/uploads\/2024\/01\/4-26.png\" class=\"elementor-animation-grow attachment-large size-large wp-image-1155\" alt=\"\" srcset=\"https:\/\/netkosistem.com\/wp-content\/uploads\/2024\/01\/4-26.png 1024w, https:\/\/netkosistem.com\/wp-content\/uploads\/2024\/01\/4-26-300x300.png 300w, https:\/\/netkosistem.com\/wp-content\/uploads\/2024\/01\/4-26-150x150.png 150w, https:\/\/netkosistem.com\/wp-content\/uploads\/2024\/01\/4-26-768x768.png 768w, https:\/\/netkosistem.com\/wp-content\/uploads\/2024\/01\/4-26-12x12.png 12w, https:\/\/netkosistem.com\/wp-content\/uploads\/2024\/01\/4-26-500x500.png 500w\" sizes=\"(max-width: 1024px) 100vw, 1024px\" \/>\t\t\t\t\t\t\t\t\t\t\t\t\t\t\t<\/div>\n\t\t\t\t<\/div>\n\t\t\t\t<\/div>\n\t\t\t\t\t<\/div>\n\t\t\t\t<\/div>\n\t\t<div class=\"elementor-element elementor-element-f7b6ec3 e-flex e-con-boxed e-con e-parent\" data-id=\"f7b6ec3\" data-element_type=\"container\" data-settings=\"{&quot;jet_parallax_layout_list&quot;:[],&quot;content_width&quot;:&quot;boxed&quot;}\" data-core-v316-plus=\"true\">\n\t\t\t\t\t<div class=\"e-con-inner\">\n\t\t\t\t<div class=\"elementor-element elementor-element-6e1388d elementor-align-center elementor-mobile-align-center elementor-widget elementor-widget-raven-button\" data-id=\"6e1388d\" data-element_type=\"widget\" data-settings=\"{&quot;turn_to_popup_action_button&quot;:&quot;no&quot;}\" data-widget_type=\"raven-button.default\">\n\t\t\t\t<div class=\"elementor-widget-container\">\n\t\t\t\t\t<div class=\"raven-widget-wrapper\">\n\t\t\t<a class=\"raven-button raven-button-widget-normal-effect-shine raven-button-text-align-center raven-button-link elementor-animation-grow\" href=\"https:\/\/netkosistem.com\/index.php\/contact\/\">\t\t\t\t<div class=\"raven-button-overlay\" ><\/div>\n\t\t\t\t<span class=\"raven-button-content\">\n\t\t\t\t\t\n\t\t\t\t\t<div class=\"button-text-container\">\n\t\t\t\t\t\t\t\t\t\t\t\t<div class=\"raven-button-texts-wrapper\">\n\t\t\t\t\t\t\t<div class=\"button-text\">\n\t\t\t\t\t\t\t\t<span class=\"raven-button-text\">\n\t\t\t\t\t\t\t\t\tTeklif Al\t\t\t\t\t\t\t\t<\/span>\n\t\t\t\t\t\t\t<\/div>\n\t\t\t\t\t\t\t\t\t\t\t\t\t<\/div>\n\t\t\t\t\t\t\t\t\t\t\t<\/div>\n\t\t\t\t\t\n\t\t\t\t\t\t\t\t\t<\/span>\n\t\t\t<\/a>\t\t<\/div>\n\t\t\t\t<\/div>\n\t\t\t\t<\/div>\n\t\t\t\t\t<\/div>\n\t\t\t\t<\/div>\n\t\t\t\t\t\t\t<\/div>","protected":false},"excerpt":{"rendered":"<p>Ak\u0131ll\u0131 Ev Sistemleri Netko Sistem: Ak\u0131ll\u0131 Ev Sistemleriyle Konfor ve G\u00fcvenlikte Yenilik\u00e7i Yakla\u015f\u0131mlar Netko Sistem Teknoloji ve Bilgi \u0130\u015flem Hizmetleri San. Tic. Ltd. \u015eti., ak\u0131ll\u0131 ev sistemleri sunarak evlerin konforunu ve g\u00fcvenli\u011fini art\u0131rmakta \u00f6nc\u00fc bir rol oynamaktad\u0131r. Ak\u0131ll\u0131 ev sistemleri, ev otomasyonunun en yeni teknolojilerini kullanarak, g\u00fcnl\u00fck ya\u015fam\u0131 daha kolay ve daha verimli hale getirir. [&hellip;]<\/p>","protected":false},"author":1,"featured_media":0,"parent":0,"menu_order":0,"comment_status":"closed","ping_status":"closed","template":"elementor_header_footer","meta":{"footnotes":""},"class_list":["post-1141","page","type-page","status-publish","hentry"],"acf":[],"yoast_head":"<!-- This site is optimized with the Yoast SEO Premium plugin v21.8 (Yoast SEO v21.8) - https:\/\/yoast.com\/wordpress\/plugins\/seo\/ -->\n<title>Ak\u0131ll\u0131 Ev Sistemleri - Netko Sistem Teknoloji - Alanya Zay\u0131f Ak\u0131m Sistemleri<\/title>\n<meta name=\"robots\" content=\"index, follow, max-snippet:-1, max-image-preview:large, max-video-preview:-1\" \/>\n<link rel=\"canonical\" href=\"https:\/\/netkosistem.com\/en\/akilli-ev-sistemleri\/\" \/>\n<meta property=\"og:locale\" content=\"en_US\" \/>\n<meta property=\"og:type\" content=\"article\" \/>\n<meta property=\"og:title\" content=\"Ak\u0131ll\u0131 Ev Sistemleri - Netko Sistem Teknoloji - Alanya Zay\u0131f Ak\u0131m Sistemleri\" \/>\n<meta property=\"og:description\" content=\"Ak\u0131ll\u0131 Ev Sistemleri Netko Sistem: Ak\u0131ll\u0131 Ev Sistemleriyle Konfor ve G\u00fcvenlikte Yenilik\u00e7i Yakla\u015f\u0131mlar Netko Sistem Teknoloji ve Bilgi \u0130\u015flem Hizmetleri San. Tic. Ltd. \u015eti., ak\u0131ll\u0131 ev sistemleri sunarak evlerin konforunu ve g\u00fcvenli\u011fini art\u0131rmakta \u00f6nc\u00fc bir rol oynamaktad\u0131r. Ak\u0131ll\u0131 ev sistemleri, ev otomasyonunun en yeni teknolojilerini kullanarak, g\u00fcnl\u00fck ya\u015fam\u0131 daha kolay ve daha verimli hale getirir. [&hellip;]\" \/>\n<meta property=\"og:url\" content=\"https:\/\/netkosistem.com\/en\/akilli-ev-sistemleri\/\" \/>\n<meta property=\"og:site_name\" content=\"Netko Sistem Teknoloji - Alanya Zay\u0131f Ak\u0131m Sistemleri\" \/>\n<meta property=\"article:publisher\" content=\"https:\/\/www.facebook.com\/netkosistem\" \/>\n<meta property=\"article:modified_time\" content=\"2024-01-15T04:22:25+00:00\" \/>\n<meta property=\"og:image\" content=\"https:\/\/netkosistem.com\/wp-content\/uploads\/2024\/01\/1-30.png\" \/>\n<meta name=\"twitter:card\" content=\"summary_large_image\" \/>\n<script type=\"application\/ld+json\" class=\"yoast-schema-graph\">{\"@context\":\"https:\/\/schema.org\",\"@graph\":[{\"@type\":\"WebPage\",\"@id\":\"https:\/\/netkosistem.com\/akilli-ev-sistemleri\/\",\"url\":\"https:\/\/netkosistem.com\/akilli-ev-sistemleri\/\",\"name\":\"Ak\u0131ll\u0131 Ev Sistemleri - Netko Sistem Teknoloji - Alanya Zay\u0131f Ak\u0131m Sistemleri\",\"isPartOf\":{\"@id\":\"https:\/\/netkosistem.com\/#website\"},\"datePublished\":\"2024-01-15T04:15:13+00:00\",\"dateModified\":\"2024-01-15T04:22:25+00:00\",\"inLanguage\":\"en-US\",\"potentialAction\":[{\"@type\":\"ReadAction\",\"target\":[\"https:\/\/netkosistem.com\/akilli-ev-sistemleri\/\"]}]},{\"@type\":\"WebSite\",\"@id\":\"https:\/\/netkosistem.com\/#website\",\"url\":\"https:\/\/netkosistem.com\/\",\"name\":\"Netko Sistem Teknoloji\",\"description\":\"Netko Sistem Teknoloji - Alanya Zay\u0131f Ak\u0131m Sistemleri\",\"publisher\":{\"@id\":\"https:\/\/netkosistem.com\/#organization\"},\"potentialAction\":[{\"@type\":\"SearchAction\",\"target\":{\"@type\":\"EntryPoint\",\"urlTemplate\":\"https:\/\/netkosistem.com\/?s={search_term_string}\"},\"query-input\":\"required name=search_term_string\"}],\"inLanguage\":\"en-US\"},{\"@type\":\"Organization\",\"@id\":\"https:\/\/netkosistem.com\/#organization\",\"name\":\"Netko Sistem Teknoloji\",\"url\":\"https:\/\/netkosistem.com\/\",\"logo\":{\"@type\":\"ImageObject\",\"inLanguage\":\"en-US\",\"@id\":\"https:\/\/netkosistem.com\/#\/schema\/logo\/image\/\",\"url\":\"https:\/\/netkosistem.com\/wp-content\/uploads\/2024\/01\/Adsiz-tasarim.png\",\"contentUrl\":\"https:\/\/netkosistem.com\/wp-content\/uploads\/2024\/01\/Adsiz-tasarim.png\",\"width\":1024,\"height\":1024,\"caption\":\"Netko Sistem Teknoloji\"},\"image\":{\"@id\":\"https:\/\/netkosistem.com\/#\/schema\/logo\/image\/\"},\"sameAs\":[\"https:\/\/www.facebook.com\/netkosistem\",\"https:\/\/www.instagram.com\/netkosistem\/\"]}]}<\/script>\n<!-- \/ Yoast SEO Premium plugin. -->","yoast_head_json":{"title":"Ak\u0131ll\u0131 Ev Sistemleri - Netko Sistem Teknoloji - Alanya Zay\u0131f Ak\u0131m Sistemleri","robots":{"index":"index","follow":"follow","max-snippet":"max-snippet:-1","max-image-preview":"max-image-preview:large","max-video-preview":"max-video-preview:-1"},"canonical":"https:\/\/netkosistem.com\/en\/akilli-ev-sistemleri\/","og_locale":"en_US","og_type":"article","og_title":"Ak\u0131ll\u0131 Ev Sistemleri - Netko Sistem Teknoloji - Alanya Zay\u0131f Ak\u0131m Sistemleri","og_description":"Ak\u0131ll\u0131 Ev Sistemleri Netko Sistem: Ak\u0131ll\u0131 Ev Sistemleriyle Konfor ve G\u00fcvenlikte Yenilik\u00e7i Yakla\u015f\u0131mlar Netko Sistem Teknoloji ve Bilgi \u0130\u015flem Hizmetleri San. Tic. Ltd. \u015eti., ak\u0131ll\u0131 ev sistemleri sunarak evlerin konforunu ve g\u00fcvenli\u011fini art\u0131rmakta \u00f6nc\u00fc bir rol oynamaktad\u0131r. Ak\u0131ll\u0131 ev sistemleri, ev otomasyonunun en yeni teknolojilerini kullanarak, g\u00fcnl\u00fck ya\u015fam\u0131 daha kolay ve daha verimli hale getirir. [&hellip;]","og_url":"https:\/\/netkosistem.com\/en\/akilli-ev-sistemleri\/","og_site_name":"Netko Sistem Teknoloji - Alanya Zay\u0131f Ak\u0131m Sistemleri","article_publisher":"https:\/\/www.facebook.com\/netkosistem","article_modified_time":"2024-01-15T04:22:25+00:00","og_image":[{"url":"https:\/\/netkosistem.com\/wp-content\/uploads\/2024\/01\/1-30.png"}],"twitter_card":"summary_large_image","schema":{"@context":"https:\/\/schema.org","@graph":[{"@type":"WebPage","@id":"https:\/\/netkosistem.com\/akilli-ev-sistemleri\/","url":"https:\/\/netkosistem.com\/akilli-ev-sistemleri\/","name":"Ak\u0131ll\u0131 Ev Sistemleri - Netko Sistem Teknoloji - Alanya Zay\u0131f Ak\u0131m Sistemleri","isPartOf":{"@id":"https:\/\/netkosistem.com\/#website"},"datePublished":"2024-01-15T04:15:13+00:00","dateModified":"2024-01-15T04:22:25+00:00","inLanguage":"en-US","potentialAction":[{"@type":"ReadAction","target":["https:\/\/netkosistem.com\/akilli-ev-sistemleri\/"]}]},{"@type":"WebSite","@id":"https:\/\/netkosistem.com\/#website","url":"https:\/\/netkosistem.com\/","name":"Netko Sistem Teknoloji","description":"Netko Sistem Teknoloji - Alanya Zay\u0131f Ak\u0131m Sistemleri","publisher":{"@id":"https:\/\/netkosistem.com\/#organization"},"potentialAction":[{"@type":"SearchAction","target":{"@type":"EntryPoint","urlTemplate":"https:\/\/netkosistem.com\/?s={search_term_string}"},"query-input":"required name=search_term_string"}],"inLanguage":"en-US"},{"@type":"Organization","@id":"https:\/\/netkosistem.com\/#organization","name":"Netko Sistem Teknoloji","url":"https:\/\/netkosistem.com\/","logo":{"@type":"ImageObject","inLanguage":"en-US","@id":"https:\/\/netkosistem.com\/#\/schema\/logo\/image\/","url":"https:\/\/netkosistem.com\/wp-content\/uploads\/2024\/01\/Adsiz-tasarim.png","contentUrl":"https:\/\/netkosistem.com\/wp-content\/uploads\/2024\/01\/Adsiz-tasarim.png","width":1024,"height":1024,"caption":"Netko Sistem Teknoloji"},"image":{"@id":"https:\/\/netkosistem.com\/#\/schema\/logo\/image\/"},"sameAs":["https:\/\/www.facebook.com\/netkosistem","https:\/\/www.instagram.com\/netkosistem\/"]}]}},"_links":{"self":[{"href":"https:\/\/netkosistem.com\/en\/wp-json\/wp\/v2\/pages\/1141","targetHints":{"allow":["GET"]}}],"collection":[{"href":"https:\/\/netkosistem.com\/en\/wp-json\/wp\/v2\/pages"}],"about":[{"href":"https:\/\/netkosistem.com\/en\/wp-json\/wp\/v2\/types\/page"}],"author":[{"embeddable":true,"href":"https:\/\/netkosistem.com\/en\/wp-json\/wp\/v2\/users\/1"}],"replies":[{"embeddable":true,"href":"https:\/\/netkosistem.com\/en\/wp-json\/wp\/v2\/comments?post=1141"}],"version-history":[{"count":4,"href":"https:\/\/netkosistem.com\/en\/wp-json\/wp\/v2\/pages\/1141\/revisions"}],"predecessor-version":[{"id":1158,"href":"https:\/\/netkosistem.com\/en\/wp-json\/wp\/v2\/pages\/1141\/revisions\/1158"}],"wp:attachment":[{"href":"https:\/\/netkosistem.com\/en\/wp-json\/wp\/v2\/media?parent=1141"}],"curies":[{"name":"wp","href":"https:\/\/api.w.org\/{rel}","templated":true}]}}