{"id":1107,"date":"2024-01-15T07:05:05","date_gmt":"2024-01-15T04:05:05","guid":{"rendered":"https:\/\/netkosistem.com\/?page_id=1107"},"modified":"2024-01-15T07:08:43","modified_gmt":"2024-01-15T04:08:43","slug":"dlp-cozumleri","status":"publish","type":"page","link":"https:\/\/netkosistem.com\/en\/dlp-cozumleri\/","title":{"rendered":"DLP \u00c7\u00f6z\u00fcmleri"},"content":{"rendered":"<div data-elementor-type=\"wp-page\" data-elementor-id=\"1107\" class=\"elementor elementor-1107\" data-elementor-post-type=\"page\">\n\t\t\t\t\t\t\t<div class=\"elementor-element elementor-element-2c57187 e-flex e-con-boxed elementor-invisible e-con e-parent\" data-id=\"2c57187\" data-element_type=\"container\" data-settings=\"{&quot;jet_parallax_layout_list&quot;:[],&quot;animation&quot;:&quot;fadeInUp&quot;,&quot;content_width&quot;:&quot;boxed&quot;}\" data-core-v316-plus=\"true\">\n\t\t\t\t\t<div class=\"e-con-inner\">\n\t\t\t\t<div class=\"elementor-element elementor-element-fb47665 elementor-widget elementor-widget-heading\" data-id=\"fb47665\" data-element_type=\"widget\" data-widget_type=\"heading.default\">\n\t\t\t\t<div class=\"elementor-widget-container\">\n\t\t\t<style>\/*! elementor - v3.18.0 - 04-12-2023 *\/\n.elementor-heading-title{padding:0;margin:0;line-height:1}.elementor-widget-heading .elementor-heading-title[class*=elementor-size-]>a{color:inherit;font-size:inherit;line-height:inherit}.elementor-widget-heading .elementor-heading-title.elementor-size-small{font-size:15px}.elementor-widget-heading .elementor-heading-title.elementor-size-medium{font-size:19px}.elementor-widget-heading .elementor-heading-title.elementor-size-large{font-size:29px}.elementor-widget-heading .elementor-heading-title.elementor-size-xl{font-size:39px}.elementor-widget-heading .elementor-heading-title.elementor-size-xxl{font-size:59px}<\/style><h2 class=\"elementor-heading-title elementor-size-default\">DLP \u00c7\u00f6z\u00fcmleri<\/h2>\t\t<\/div>\n\t\t\t\t<\/div>\n\t\t\t\t\t<\/div>\n\t\t\t\t<\/div>\n\t\t<div class=\"elementor-element elementor-element-d552125 e-flex e-con-boxed e-con e-parent\" data-id=\"d552125\" data-element_type=\"container\" data-settings=\"{&quot;jet_parallax_layout_list&quot;:[],&quot;content_width&quot;:&quot;boxed&quot;}\" data-core-v316-plus=\"true\">\n\t\t\t\t\t<div class=\"e-con-inner\">\n\t\t<div class=\"elementor-element elementor-element-8324f26 e-con-full e-flex elementor-invisible e-con e-child\" data-id=\"8324f26\" data-element_type=\"container\" data-settings=\"{&quot;content_width&quot;:&quot;full&quot;,&quot;jet_parallax_layout_list&quot;:[],&quot;animation&quot;:&quot;fadeInLeft&quot;}\">\n\t\t\t\t<div class=\"elementor-element elementor-element-abd69df elementor-widget elementor-widget-image\" data-id=\"abd69df\" data-element_type=\"widget\" data-widget_type=\"image.default\">\n\t\t\t\t<div class=\"elementor-widget-container\">\n\t\t\t<style>\/*! elementor - v3.18.0 - 04-12-2023 *\/\n.elementor-widget-image{text-align:center}.elementor-widget-image a{display:inline-block}.elementor-widget-image a img[src$=\".svg\"]{width:48px}.elementor-widget-image img{vertical-align:middle;display:inline-block}<\/style>\t\t\t\t\t\t\t\t\t\t\t\t<img fetchpriority=\"high\" decoding=\"async\" width=\"1024\" height=\"1024\" src=\"https:\/\/netkosistem.com\/wp-content\/uploads\/2024\/01\/1-27.png\" class=\"elementor-animation-grow attachment-large size-large wp-image-1113\" alt=\"\" srcset=\"https:\/\/netkosistem.com\/wp-content\/uploads\/2024\/01\/1-27.png 1024w, https:\/\/netkosistem.com\/wp-content\/uploads\/2024\/01\/1-27-300x300.png 300w, https:\/\/netkosistem.com\/wp-content\/uploads\/2024\/01\/1-27-150x150.png 150w, https:\/\/netkosistem.com\/wp-content\/uploads\/2024\/01\/1-27-768x768.png 768w, https:\/\/netkosistem.com\/wp-content\/uploads\/2024\/01\/1-27-12x12.png 12w, https:\/\/netkosistem.com\/wp-content\/uploads\/2024\/01\/1-27-500x500.png 500w\" sizes=\"(max-width: 1024px) 100vw, 1024px\" \/>\t\t\t\t\t\t\t\t\t\t\t\t\t\t\t<\/div>\n\t\t\t\t<\/div>\n\t\t\t\t<\/div>\n\t\t<div class=\"elementor-element elementor-element-8fc21f4 e-con-full e-flex elementor-invisible e-con e-child\" data-id=\"8fc21f4\" data-element_type=\"container\" data-settings=\"{&quot;content_width&quot;:&quot;full&quot;,&quot;jet_parallax_layout_list&quot;:[],&quot;animation&quot;:&quot;fadeInRight&quot;}\">\n\t\t\t\t<div class=\"elementor-element elementor-element-22f8060 elementor-widget elementor-widget-text-editor\" data-id=\"22f8060\" data-element_type=\"widget\" data-widget_type=\"text-editor.default\">\n\t\t\t\t<div class=\"elementor-widget-container\">\n\t\t\t<style>\/*! elementor - v3.18.0 - 04-12-2023 *\/\n.elementor-widget-text-editor.elementor-drop-cap-view-stacked .elementor-drop-cap{background-color:#69727d;color:#fff}.elementor-widget-text-editor.elementor-drop-cap-view-framed .elementor-drop-cap{color:#69727d;border:3px solid;background-color:transparent}.elementor-widget-text-editor:not(.elementor-drop-cap-view-default) .elementor-drop-cap{margin-top:8px}.elementor-widget-text-editor:not(.elementor-drop-cap-view-default) .elementor-drop-cap-letter{width:1em;height:1em}.elementor-widget-text-editor .elementor-drop-cap{float:left;text-align:center;line-height:1;font-size:50px}.elementor-widget-text-editor .elementor-drop-cap-letter{display:inline-block}<\/style>\t\t\t\t<p><strong>Netko Sistem: DLP \u00c7\u00f6z\u00fcmleri ile Veri S\u0131z\u0131nt\u0131lar\u0131n\u0131 \u00d6nlemede Etkin Koruma<\/strong><\/p><p>Netko Sistem Teknoloji ve Bilgi \u0130\u015flem Hizmetleri San. Tic. Ltd. \u015eti., DLP (Data Loss Prevention) \u00e7\u00f6z\u00fcmleri sunarak i\u015fletmelerin ve kurumlar\u0131n hassas verilerinin korunmas\u0131nda \u00f6nc\u00fc bir rol oynamaktad\u0131r. DLP \u00e7\u00f6z\u00fcmleri, veri s\u0131z\u0131nt\u0131lar\u0131n\u0131 \u00f6nlemek ve hassas bilgilerin yetkisiz eri\u015fim veya payla\u015f\u0131m\u0131ndan kaynaklanan riskleri azaltmak i\u00e7in tasarlanm\u0131\u015ft\u0131r. Netko Sistem, bu \u00e7\u00f6z\u00fcmlerin kurulumu, y\u00f6netimi ve s\u00fcrekli izlenmesinde uzmanl\u0131k sa\u011flayarak, m\u00fc\u015fterilerinin veri g\u00fcvenli\u011fini sa\u011flamla\u015ft\u0131r\u0131r.<\/p>\t\t\t\t\t\t<\/div>\n\t\t\t\t<\/div>\n\t\t\t\t<\/div>\n\t\t\t\t\t<\/div>\n\t\t\t\t<\/div>\n\t\t<div class=\"elementor-element elementor-element-fe5e450 e-flex e-con-boxed e-con e-parent\" data-id=\"fe5e450\" data-element_type=\"container\" data-settings=\"{&quot;jet_parallax_layout_list&quot;:[],&quot;content_width&quot;:&quot;boxed&quot;}\" data-core-v316-plus=\"true\">\n\t\t\t\t\t<div class=\"e-con-inner\">\n\t\t<div class=\"elementor-element elementor-element-3183392 e-con-full e-flex elementor-invisible e-con e-child\" data-id=\"3183392\" data-element_type=\"container\" data-settings=\"{&quot;content_width&quot;:&quot;full&quot;,&quot;jet_parallax_layout_list&quot;:[],&quot;animation&quot;:&quot;fadeInLeft&quot;}\">\n\t\t\t\t<div class=\"elementor-element elementor-element-86ef3c9 elementor-widget elementor-widget-text-editor\" data-id=\"86ef3c9\" data-element_type=\"widget\" data-widget_type=\"text-editor.default\">\n\t\t\t\t<div class=\"elementor-widget-container\">\n\t\t\t\t\t\t\t<div class=\"min-h-[20px] text-message flex flex-col items-start gap-3 whitespace-pre-wrap break-words [.text-message+&amp;]:mt-5 overflow-x-auto\" data-message-author-role=\"assistant\" data-message-id=\"2e0e02bf-2d55-4a84-b3de-374f21d974bd\"><div class=\"markdown prose w-full break-words dark:prose-invert light\"><p>Netko Sistem&#8217;in DLP \u00e7\u00f6z\u00fcmleri, geli\u015fmi\u015f veri s\u0131n\u0131fland\u0131rma, izleme ve filtreleme yeteneklerini i\u00e7erir. Bu sistemler, i\u015fletmelerin a\u011flar\u0131nda ve u\u00e7 noktalar\u0131nda hareket eden verileri s\u00fcrekli olarak izler. Hassas verilerin tan\u0131mlanmas\u0131 ve s\u0131n\u0131fland\u0131r\u0131lmas\u0131, bu verilerin izlenmesini ve korunmas\u0131n\u0131 sa\u011flar. Sistemler, verilerin kullan\u0131m\u0131n\u0131 ve transferini kurallara dayal\u0131 politikalarla kontrol ederek, veri s\u0131z\u0131nt\u0131lar\u0131na kar\u015f\u0131 proaktif koruma sa\u011flar.<\/p><\/div><\/div><div class=\"min-h-[20px] text-message flex flex-col items-start gap-3 whitespace-pre-wrap break-words [.text-message+&amp;]:mt-5 overflow-x-auto\" data-message-author-role=\"assistant\" data-message-id=\"ee084cce-3d48-4e7c-b436-32d8901f7e65\"><div class=\"markdown prose w-full break-words dark:prose-invert light\"><p>Netko Sistem, DLP \u00e7\u00f6z\u00fcmlerinin kurulumu ve yap\u0131land\u0131r\u0131lmas\u0131nda teknik uzmanl\u0131k sa\u011flar. M\u00fc\u015fteriler, kurulumdan g\u00fcnl\u00fck i\u015fletmeye kadar her a\u015famada uzman destek alabilirler. Ayr\u0131ca, sistemlerin d\u00fczenli bak\u0131m\u0131 ve g\u00fcncellemeleri, DLP \u00e7\u00f6z\u00fcmlerinin her zaman g\u00fcncel ve etkin kalmas\u0131n\u0131 sa\u011flar. Bu, i\u015fletmelerin ve kurumlar\u0131n veri koruma standartlar\u0131na ve d\u00fczenleyici gereksinimlere s\u00fcrekli uyumunu garanti eder.<\/p><\/div><\/div>\t\t\t\t\t\t<\/div>\n\t\t\t\t<\/div>\n\t\t\t\t<\/div>\n\t\t<div class=\"elementor-element elementor-element-1ae2e95 e-con-full e-flex elementor-invisible e-con e-child\" data-id=\"1ae2e95\" data-element_type=\"container\" data-settings=\"{&quot;content_width&quot;:&quot;full&quot;,&quot;jet_parallax_layout_list&quot;:[],&quot;animation&quot;:&quot;fadeInRight&quot;}\">\n\t\t\t\t<div class=\"elementor-element elementor-element-d8bba48 elementor-widget elementor-widget-image\" data-id=\"d8bba48\" data-element_type=\"widget\" data-widget_type=\"image.default\">\n\t\t\t\t<div class=\"elementor-widget-container\">\n\t\t\t\t\t\t\t\t\t\t\t\t\t\t\t<img decoding=\"async\" width=\"1024\" height=\"1024\" src=\"https:\/\/netkosistem.com\/wp-content\/uploads\/2024\/01\/2-27.png\" class=\"elementor-animation-grow attachment-large size-large wp-image-1114\" alt=\"\" srcset=\"https:\/\/netkosistem.com\/wp-content\/uploads\/2024\/01\/2-27.png 1024w, https:\/\/netkosistem.com\/wp-content\/uploads\/2024\/01\/2-27-300x300.png 300w, https:\/\/netkosistem.com\/wp-content\/uploads\/2024\/01\/2-27-150x150.png 150w, https:\/\/netkosistem.com\/wp-content\/uploads\/2024\/01\/2-27-768x768.png 768w, https:\/\/netkosistem.com\/wp-content\/uploads\/2024\/01\/2-27-12x12.png 12w, https:\/\/netkosistem.com\/wp-content\/uploads\/2024\/01\/2-27-500x500.png 500w\" sizes=\"(max-width: 1024px) 100vw, 1024px\" \/>\t\t\t\t\t\t\t\t\t\t\t\t\t\t\t<\/div>\n\t\t\t\t<\/div>\n\t\t\t\t<\/div>\n\t\t\t\t\t<\/div>\n\t\t\t\t<\/div>\n\t\t<div class=\"elementor-element elementor-element-12f6aea e-flex e-con-boxed e-con e-parent\" data-id=\"12f6aea\" data-element_type=\"container\" data-settings=\"{&quot;jet_parallax_layout_list&quot;:[],&quot;content_width&quot;:&quot;boxed&quot;}\" data-core-v316-plus=\"true\">\n\t\t\t\t\t<div class=\"e-con-inner\">\n\t\t<div class=\"elementor-element elementor-element-79a9c16 e-con-full e-flex elementor-invisible e-con e-child\" data-id=\"79a9c16\" data-element_type=\"container\" data-settings=\"{&quot;content_width&quot;:&quot;full&quot;,&quot;jet_parallax_layout_list&quot;:[],&quot;animation&quot;:&quot;fadeInLeft&quot;}\">\n\t\t\t\t<div class=\"elementor-element elementor-element-8aa20bc elementor-widget elementor-widget-image\" data-id=\"8aa20bc\" data-element_type=\"widget\" data-widget_type=\"image.default\">\n\t\t\t\t<div class=\"elementor-widget-container\">\n\t\t\t\t\t\t\t\t\t\t\t\t\t\t\t<img decoding=\"async\" width=\"1024\" height=\"1024\" src=\"https:\/\/netkosistem.com\/wp-content\/uploads\/2024\/01\/3-25.png\" class=\"elementor-animation-grow attachment-large size-large wp-image-1115\" alt=\"\" srcset=\"https:\/\/netkosistem.com\/wp-content\/uploads\/2024\/01\/3-25.png 1024w, https:\/\/netkosistem.com\/wp-content\/uploads\/2024\/01\/3-25-300x300.png 300w, https:\/\/netkosistem.com\/wp-content\/uploads\/2024\/01\/3-25-150x150.png 150w, https:\/\/netkosistem.com\/wp-content\/uploads\/2024\/01\/3-25-768x768.png 768w, https:\/\/netkosistem.com\/wp-content\/uploads\/2024\/01\/3-25-12x12.png 12w, https:\/\/netkosistem.com\/wp-content\/uploads\/2024\/01\/3-25-500x500.png 500w\" sizes=\"(max-width: 1024px) 100vw, 1024px\" \/>\t\t\t\t\t\t\t\t\t\t\t\t\t\t\t<\/div>\n\t\t\t\t<\/div>\n\t\t\t\t<\/div>\n\t\t<div class=\"elementor-element elementor-element-c2c6046 e-con-full e-flex elementor-invisible e-con e-child\" data-id=\"c2c6046\" data-element_type=\"container\" data-settings=\"{&quot;content_width&quot;:&quot;full&quot;,&quot;jet_parallax_layout_list&quot;:[],&quot;animation&quot;:&quot;fadeInRight&quot;}\">\n\t\t\t\t<div class=\"elementor-element elementor-element-ebfda54 elementor-widget elementor-widget-text-editor\" data-id=\"ebfda54\" data-element_type=\"widget\" data-widget_type=\"text-editor.default\">\n\t\t\t\t<div class=\"elementor-widget-container\">\n\t\t\t\t\t\t\t<div class=\"min-h-[20px] text-message flex flex-col items-start gap-3 whitespace-pre-wrap break-words [.text-message+&amp;]:mt-5 overflow-x-auto\" data-message-author-role=\"assistant\" data-message-id=\"004948ad-5691-47c6-b526-c1f4d7c2724a\"><div class=\"markdown prose w-full break-words dark:prose-invert light\"><p>G\u00fcvenlik ve g\u00fcvenilirlik, Netko Sistem&#8217;in DLP \u00e7\u00f6z\u00fcmlerinde en \u00f6nemli unsurlardand\u0131r. \u015eirket, hassas verilerin korunmas\u0131 i\u00e7in geli\u015fmi\u015f \u015fifreleme teknolojileri ve g\u00fcvenlik protokolleri kullan\u0131r. Ayr\u0131ca, detayl\u0131 raporlama ve analitik \u00f6zellikleri, i\u015fletmelerin g\u00fcvenlik durumlar\u0131 hakk\u0131nda de\u011ferli i\u00e7g\u00f6r\u00fcler elde etmelerini ve g\u00fcvenlik politikalar\u0131n\u0131 s\u00fcrekli iyile\u015ftirmelerini sa\u011flar.<\/p><\/div><\/div>\t\t\t\t\t\t<\/div>\n\t\t\t\t<\/div>\n\t\t\t\t<\/div>\n\t\t\t\t\t<\/div>\n\t\t\t\t<\/div>\n\t\t<div class=\"elementor-element elementor-element-0fb60d9 e-flex e-con-boxed e-con e-parent\" data-id=\"0fb60d9\" data-element_type=\"container\" data-settings=\"{&quot;jet_parallax_layout_list&quot;:[],&quot;content_width&quot;:&quot;boxed&quot;}\" data-core-v316-plus=\"true\">\n\t\t\t\t\t<div class=\"e-con-inner\">\n\t\t<div class=\"elementor-element elementor-element-b0fd62c e-con-full e-flex elementor-invisible e-con e-child\" data-id=\"b0fd62c\" data-element_type=\"container\" data-settings=\"{&quot;content_width&quot;:&quot;full&quot;,&quot;jet_parallax_layout_list&quot;:[],&quot;animation&quot;:&quot;fadeInLeft&quot;}\">\n\t\t\t\t<div class=\"elementor-element elementor-element-595defc elementor-widget elementor-widget-text-editor\" data-id=\"595defc\" data-element_type=\"widget\" data-widget_type=\"text-editor.default\">\n\t\t\t\t<div class=\"elementor-widget-container\">\n\t\t\t\t\t\t\t<p>Netko Sistem&#8217;in DLP \u00e7\u00f6z\u00fcmleri, i\u015fletmelerin ve kurumlar\u0131n veri s\u0131z\u0131nt\u0131lar\u0131na kar\u015f\u0131 kapsaml\u0131 bir koruma sa\u011flar. Bu sistemler, veri g\u00fcvenli\u011fini art\u0131r\u0131rken, i\u015fletmelerin uyumluluk ve veri koruma sorumluluklar\u0131n\u0131 yerine getirmelerine yard\u0131mc\u0131 olur. Netko Sistem, m\u00fc\u015fterilerine DLP \u00e7\u00f6z\u00fcmleri konusunda en \u00fcst d\u00fczeyde hizmet ve destek sunarak, onlar\u0131n g\u00fcvenli ve korunmu\u015f bir dijital ortamda faaliyet g\u00f6stermelerine yard\u0131mc\u0131 olur.<\/p>\t\t\t\t\t\t<\/div>\n\t\t\t\t<\/div>\n\t\t\t\t<\/div>\n\t\t<div class=\"elementor-element elementor-element-aee86c8 e-con-full e-flex elementor-invisible e-con e-child\" data-id=\"aee86c8\" data-element_type=\"container\" data-settings=\"{&quot;content_width&quot;:&quot;full&quot;,&quot;jet_parallax_layout_list&quot;:[],&quot;animation&quot;:&quot;fadeInRight&quot;}\">\n\t\t\t\t<div class=\"elementor-element elementor-element-363c538 elementor-widget elementor-widget-image\" data-id=\"363c538\" data-element_type=\"widget\" data-widget_type=\"image.default\">\n\t\t\t\t<div class=\"elementor-widget-container\">\n\t\t\t\t\t\t\t\t\t\t\t\t\t\t\t<img loading=\"lazy\" decoding=\"async\" width=\"1024\" height=\"1024\" src=\"https:\/\/netkosistem.com\/wp-content\/uploads\/2024\/01\/4-24.png\" class=\"elementor-animation-grow attachment-large size-large wp-image-1116\" alt=\"\" srcset=\"https:\/\/netkosistem.com\/wp-content\/uploads\/2024\/01\/4-24.png 1024w, https:\/\/netkosistem.com\/wp-content\/uploads\/2024\/01\/4-24-300x300.png 300w, https:\/\/netkosistem.com\/wp-content\/uploads\/2024\/01\/4-24-150x150.png 150w, https:\/\/netkosistem.com\/wp-content\/uploads\/2024\/01\/4-24-768x768.png 768w, https:\/\/netkosistem.com\/wp-content\/uploads\/2024\/01\/4-24-12x12.png 12w, https:\/\/netkosistem.com\/wp-content\/uploads\/2024\/01\/4-24-500x500.png 500w\" sizes=\"(max-width: 1024px) 100vw, 1024px\" \/>\t\t\t\t\t\t\t\t\t\t\t\t\t\t\t<\/div>\n\t\t\t\t<\/div>\n\t\t\t\t<\/div>\n\t\t\t\t\t<\/div>\n\t\t\t\t<\/div>\n\t\t<div class=\"elementor-element elementor-element-4ae0342 e-flex e-con-boxed e-con e-parent\" data-id=\"4ae0342\" data-element_type=\"container\" data-settings=\"{&quot;jet_parallax_layout_list&quot;:[],&quot;content_width&quot;:&quot;boxed&quot;}\" data-core-v316-plus=\"true\">\n\t\t\t\t\t<div class=\"e-con-inner\">\n\t\t\t\t<div class=\"elementor-element elementor-element-13a8e70 elementor-align-center elementor-mobile-align-center elementor-widget elementor-widget-raven-button\" data-id=\"13a8e70\" data-element_type=\"widget\" data-settings=\"{&quot;turn_to_popup_action_button&quot;:&quot;no&quot;}\" data-widget_type=\"raven-button.default\">\n\t\t\t\t<div class=\"elementor-widget-container\">\n\t\t\t\t\t<div class=\"raven-widget-wrapper\">\n\t\t\t<a class=\"raven-button raven-button-widget-normal-effect-shine raven-button-text-align-center raven-button-link elementor-animation-grow\" href=\"https:\/\/netkosistem.com\/index.php\/contact\/\">\t\t\t\t<div class=\"raven-button-overlay\" ><\/div>\n\t\t\t\t<span class=\"raven-button-content\">\n\t\t\t\t\t\n\t\t\t\t\t<div class=\"button-text-container\">\n\t\t\t\t\t\t\t\t\t\t\t\t<div class=\"raven-button-texts-wrapper\">\n\t\t\t\t\t\t\t<div class=\"button-text\">\n\t\t\t\t\t\t\t\t<span class=\"raven-button-text\">\n\t\t\t\t\t\t\t\t\tTeklif Al\t\t\t\t\t\t\t\t<\/span>\n\t\t\t\t\t\t\t<\/div>\n\t\t\t\t\t\t\t\t\t\t\t\t\t<\/div>\n\t\t\t\t\t\t\t\t\t\t\t<\/div>\n\t\t\t\t\t\n\t\t\t\t\t\t\t\t\t<\/span>\n\t\t\t<\/a>\t\t<\/div>\n\t\t\t\t<\/div>\n\t\t\t\t<\/div>\n\t\t\t\t\t<\/div>\n\t\t\t\t<\/div>\n\t\t\t\t\t\t\t<\/div>","protected":false},"excerpt":{"rendered":"<p>DLP \u00c7\u00f6z\u00fcmleri Netko Sistem: DLP \u00c7\u00f6z\u00fcmleri ile Veri S\u0131z\u0131nt\u0131lar\u0131n\u0131 \u00d6nlemede Etkin Koruma Netko Sistem Teknoloji ve Bilgi \u0130\u015flem Hizmetleri San. Tic. Ltd. \u015eti., DLP (Data Loss Prevention) \u00e7\u00f6z\u00fcmleri sunarak i\u015fletmelerin ve kurumlar\u0131n hassas verilerinin korunmas\u0131nda \u00f6nc\u00fc bir rol oynamaktad\u0131r. DLP \u00e7\u00f6z\u00fcmleri, veri s\u0131z\u0131nt\u0131lar\u0131n\u0131 \u00f6nlemek ve hassas bilgilerin yetkisiz eri\u015fim veya payla\u015f\u0131m\u0131ndan kaynaklanan riskleri azaltmak i\u00e7in [&hellip;]<\/p>","protected":false},"author":1,"featured_media":0,"parent":0,"menu_order":0,"comment_status":"closed","ping_status":"closed","template":"elementor_header_footer","meta":{"footnotes":""},"class_list":["post-1107","page","type-page","status-publish","hentry"],"acf":[],"yoast_head":"<!-- This site is optimized with the Yoast SEO Premium plugin v21.8 (Yoast SEO v21.8) - https:\/\/yoast.com\/wordpress\/plugins\/seo\/ -->\n<title>DLP \u00c7\u00f6z\u00fcmleri - Netko Sistem Teknoloji - Alanya Zay\u0131f Ak\u0131m Sistemleri<\/title>\n<meta name=\"robots\" content=\"index, follow, max-snippet:-1, max-image-preview:large, max-video-preview:-1\" \/>\n<link rel=\"canonical\" href=\"https:\/\/netkosistem.com\/en\/dlp-cozumleri\/\" \/>\n<meta property=\"og:locale\" content=\"en_US\" \/>\n<meta property=\"og:type\" content=\"article\" \/>\n<meta property=\"og:title\" content=\"DLP \u00c7\u00f6z\u00fcmleri - Netko Sistem Teknoloji - Alanya Zay\u0131f Ak\u0131m Sistemleri\" \/>\n<meta property=\"og:description\" content=\"DLP \u00c7\u00f6z\u00fcmleri Netko Sistem: DLP \u00c7\u00f6z\u00fcmleri ile Veri S\u0131z\u0131nt\u0131lar\u0131n\u0131 \u00d6nlemede Etkin Koruma Netko Sistem Teknoloji ve Bilgi \u0130\u015flem Hizmetleri San. Tic. Ltd. \u015eti., DLP (Data Loss Prevention) \u00e7\u00f6z\u00fcmleri sunarak i\u015fletmelerin ve kurumlar\u0131n hassas verilerinin korunmas\u0131nda \u00f6nc\u00fc bir rol oynamaktad\u0131r. DLP \u00e7\u00f6z\u00fcmleri, veri s\u0131z\u0131nt\u0131lar\u0131n\u0131 \u00f6nlemek ve hassas bilgilerin yetkisiz eri\u015fim veya payla\u015f\u0131m\u0131ndan kaynaklanan riskleri azaltmak i\u00e7in [&hellip;]\" \/>\n<meta property=\"og:url\" content=\"https:\/\/netkosistem.com\/en\/dlp-cozumleri\/\" \/>\n<meta property=\"og:site_name\" content=\"Netko Sistem Teknoloji - Alanya Zay\u0131f Ak\u0131m Sistemleri\" \/>\n<meta property=\"article:publisher\" content=\"https:\/\/www.facebook.com\/netkosistem\" \/>\n<meta property=\"article:modified_time\" content=\"2024-01-15T04:08:43+00:00\" \/>\n<meta property=\"og:image\" content=\"https:\/\/netkosistem.com\/wp-content\/uploads\/2024\/01\/1-27.png\" \/>\n<meta name=\"twitter:card\" content=\"summary_large_image\" \/>\n<script type=\"application\/ld+json\" class=\"yoast-schema-graph\">{\"@context\":\"https:\/\/schema.org\",\"@graph\":[{\"@type\":\"WebPage\",\"@id\":\"https:\/\/netkosistem.com\/dlp-cozumleri\/\",\"url\":\"https:\/\/netkosistem.com\/dlp-cozumleri\/\",\"name\":\"DLP \u00c7\u00f6z\u00fcmleri - Netko Sistem Teknoloji - Alanya Zay\u0131f Ak\u0131m Sistemleri\",\"isPartOf\":{\"@id\":\"https:\/\/netkosistem.com\/#website\"},\"datePublished\":\"2024-01-15T04:05:05+00:00\",\"dateModified\":\"2024-01-15T04:08:43+00:00\",\"inLanguage\":\"en-US\",\"potentialAction\":[{\"@type\":\"ReadAction\",\"target\":[\"https:\/\/netkosistem.com\/dlp-cozumleri\/\"]}]},{\"@type\":\"WebSite\",\"@id\":\"https:\/\/netkosistem.com\/#website\",\"url\":\"https:\/\/netkosistem.com\/\",\"name\":\"Netko Sistem Teknoloji\",\"description\":\"Netko Sistem Teknoloji - Alanya Zay\u0131f Ak\u0131m Sistemleri\",\"publisher\":{\"@id\":\"https:\/\/netkosistem.com\/#organization\"},\"potentialAction\":[{\"@type\":\"SearchAction\",\"target\":{\"@type\":\"EntryPoint\",\"urlTemplate\":\"https:\/\/netkosistem.com\/?s={search_term_string}\"},\"query-input\":\"required name=search_term_string\"}],\"inLanguage\":\"en-US\"},{\"@type\":\"Organization\",\"@id\":\"https:\/\/netkosistem.com\/#organization\",\"name\":\"Netko Sistem Teknoloji\",\"url\":\"https:\/\/netkosistem.com\/\",\"logo\":{\"@type\":\"ImageObject\",\"inLanguage\":\"en-US\",\"@id\":\"https:\/\/netkosistem.com\/#\/schema\/logo\/image\/\",\"url\":\"https:\/\/netkosistem.com\/wp-content\/uploads\/2024\/01\/Adsiz-tasarim.png\",\"contentUrl\":\"https:\/\/netkosistem.com\/wp-content\/uploads\/2024\/01\/Adsiz-tasarim.png\",\"width\":1024,\"height\":1024,\"caption\":\"Netko Sistem Teknoloji\"},\"image\":{\"@id\":\"https:\/\/netkosistem.com\/#\/schema\/logo\/image\/\"},\"sameAs\":[\"https:\/\/www.facebook.com\/netkosistem\",\"https:\/\/www.instagram.com\/netkosistem\/\"]}]}<\/script>\n<!-- \/ Yoast SEO Premium plugin. -->","yoast_head_json":{"title":"DLP \u00c7\u00f6z\u00fcmleri - Netko Sistem Teknoloji - Alanya Zay\u0131f Ak\u0131m Sistemleri","robots":{"index":"index","follow":"follow","max-snippet":"max-snippet:-1","max-image-preview":"max-image-preview:large","max-video-preview":"max-video-preview:-1"},"canonical":"https:\/\/netkosistem.com\/en\/dlp-cozumleri\/","og_locale":"en_US","og_type":"article","og_title":"DLP \u00c7\u00f6z\u00fcmleri - Netko Sistem Teknoloji - Alanya Zay\u0131f Ak\u0131m Sistemleri","og_description":"DLP \u00c7\u00f6z\u00fcmleri Netko Sistem: DLP \u00c7\u00f6z\u00fcmleri ile Veri S\u0131z\u0131nt\u0131lar\u0131n\u0131 \u00d6nlemede Etkin Koruma Netko Sistem Teknoloji ve Bilgi \u0130\u015flem Hizmetleri San. Tic. Ltd. \u015eti., DLP (Data Loss Prevention) \u00e7\u00f6z\u00fcmleri sunarak i\u015fletmelerin ve kurumlar\u0131n hassas verilerinin korunmas\u0131nda \u00f6nc\u00fc bir rol oynamaktad\u0131r. DLP \u00e7\u00f6z\u00fcmleri, veri s\u0131z\u0131nt\u0131lar\u0131n\u0131 \u00f6nlemek ve hassas bilgilerin yetkisiz eri\u015fim veya payla\u015f\u0131m\u0131ndan kaynaklanan riskleri azaltmak i\u00e7in [&hellip;]","og_url":"https:\/\/netkosistem.com\/en\/dlp-cozumleri\/","og_site_name":"Netko Sistem Teknoloji - Alanya Zay\u0131f Ak\u0131m Sistemleri","article_publisher":"https:\/\/www.facebook.com\/netkosistem","article_modified_time":"2024-01-15T04:08:43+00:00","og_image":[{"url":"https:\/\/netkosistem.com\/wp-content\/uploads\/2024\/01\/1-27.png"}],"twitter_card":"summary_large_image","schema":{"@context":"https:\/\/schema.org","@graph":[{"@type":"WebPage","@id":"https:\/\/netkosistem.com\/dlp-cozumleri\/","url":"https:\/\/netkosistem.com\/dlp-cozumleri\/","name":"DLP \u00c7\u00f6z\u00fcmleri - Netko Sistem Teknoloji - Alanya Zay\u0131f Ak\u0131m Sistemleri","isPartOf":{"@id":"https:\/\/netkosistem.com\/#website"},"datePublished":"2024-01-15T04:05:05+00:00","dateModified":"2024-01-15T04:08:43+00:00","inLanguage":"en-US","potentialAction":[{"@type":"ReadAction","target":["https:\/\/netkosistem.com\/dlp-cozumleri\/"]}]},{"@type":"WebSite","@id":"https:\/\/netkosistem.com\/#website","url":"https:\/\/netkosistem.com\/","name":"Netko Sistem Teknoloji","description":"Netko Sistem Teknoloji - Alanya Zay\u0131f Ak\u0131m Sistemleri","publisher":{"@id":"https:\/\/netkosistem.com\/#organization"},"potentialAction":[{"@type":"SearchAction","target":{"@type":"EntryPoint","urlTemplate":"https:\/\/netkosistem.com\/?s={search_term_string}"},"query-input":"required name=search_term_string"}],"inLanguage":"en-US"},{"@type":"Organization","@id":"https:\/\/netkosistem.com\/#organization","name":"Netko Sistem Teknoloji","url":"https:\/\/netkosistem.com\/","logo":{"@type":"ImageObject","inLanguage":"en-US","@id":"https:\/\/netkosistem.com\/#\/schema\/logo\/image\/","url":"https:\/\/netkosistem.com\/wp-content\/uploads\/2024\/01\/Adsiz-tasarim.png","contentUrl":"https:\/\/netkosistem.com\/wp-content\/uploads\/2024\/01\/Adsiz-tasarim.png","width":1024,"height":1024,"caption":"Netko Sistem Teknoloji"},"image":{"@id":"https:\/\/netkosistem.com\/#\/schema\/logo\/image\/"},"sameAs":["https:\/\/www.facebook.com\/netkosistem","https:\/\/www.instagram.com\/netkosistem\/"]}]}},"_links":{"self":[{"href":"https:\/\/netkosistem.com\/en\/wp-json\/wp\/v2\/pages\/1107","targetHints":{"allow":["GET"]}}],"collection":[{"href":"https:\/\/netkosistem.com\/en\/wp-json\/wp\/v2\/pages"}],"about":[{"href":"https:\/\/netkosistem.com\/en\/wp-json\/wp\/v2\/types\/page"}],"author":[{"embeddable":true,"href":"https:\/\/netkosistem.com\/en\/wp-json\/wp\/v2\/users\/1"}],"replies":[{"embeddable":true,"href":"https:\/\/netkosistem.com\/en\/wp-json\/wp\/v2\/comments?post=1107"}],"version-history":[{"count":4,"href":"https:\/\/netkosistem.com\/en\/wp-json\/wp\/v2\/pages\/1107\/revisions"}],"predecessor-version":[{"id":1119,"href":"https:\/\/netkosistem.com\/en\/wp-json\/wp\/v2\/pages\/1107\/revisions\/1119"}],"wp:attachment":[{"href":"https:\/\/netkosistem.com\/en\/wp-json\/wp\/v2\/media?parent=1107"}],"curies":[{"name":"wp","href":"https:\/\/api.w.org\/{rel}","templated":true}]}}